{"id":13007,"date":"2023-02-01T16:00:17","date_gmt":"2023-02-01T16:00:17","guid":{"rendered":"https:\/\/beatmove.qodeinteractive.com\/?page_id=2315"},"modified":"2026-04-11T12:51:25","modified_gmt":"2026-04-11T10:51:25","slug":"contact-us","status":"publish","type":"page","link":"https:\/\/luisyventura.es\/?page_id=13007","title":{"rendered":"Cont\u00e1ctanos"},"content":{"rendered":"\t\t<div data-elementor-type=\"wp-page\" data-elementor-id=\"13007\" class=\"elementor elementor-13007\">\n\t\t\t\t\t\t<section class=\"elementor-section elementor-top-section elementor-element elementor-element-ef74553 elementor-section-full_width elementor-section-height-default elementor-section-height-default\" data-id=\"ef74553\" data-element_type=\"section\" data-e-type=\"section\">\n\t\t\t\t\t\t<div class=\"elementor-container elementor-column-gap-no\">\n\t\t\t\t\t<div class=\"elementor-column elementor-col-50 elementor-top-column elementor-element elementor-element-f8f7a30\" data-id=\"f8f7a30\" data-element_type=\"column\" data-e-type=\"column\" data-settings=\"{&quot;background_background&quot;:&quot;classic&quot;}\">\n\t\t\t<div class=\"elementor-widget-wrap elementor-element-populated\">\n\t\t\t\t\t\t<div class=\"elementor-element elementor-element-a75e588 elementor-widget elementor-widget-google_maps\" data-id=\"a75e588\" data-element_type=\"widget\" data-e-type=\"widget\" data-widget_type=\"google_maps.default\">\n\t\t\t\t\t\t\t<div class=\"elementor-custom-embed\">\n\t\t\t<iframe loading=\"lazy\"\n\t\t\t\t\tsrc=\"https:\/\/maps.google.com\/maps?q=C%2F%20Padre%20M%C3%A9ndez%20128%20bajo%20Torrent%20%28Valencia%29&#038;t=m&#038;z=12&#038;output=embed&#038;iwloc=near\"\n\t\t\t\t\ttitle=\"C\/ Padre M\u00e9ndez 128 bajo Torrent (Valencia)\"\n\t\t\t\t\taria-label=\"C\/ Padre M\u00e9ndez 128 bajo Torrent (Valencia)\"\n\t\t\t><\/iframe>\n\t\t<\/div>\n\t\t\t\t\t\t<\/div>\n\t\t\t\t\t<\/div>\n\t\t<\/div>\n\t\t\t\t<div class=\"elementor-column elementor-col-50 elementor-top-column elementor-element elementor-element-f5ceb05\" data-id=\"f5ceb05\" data-element_type=\"column\" data-e-type=\"column\" data-settings=\"{&quot;background_background&quot;:&quot;classic&quot;}\">\n\t\t\t<div class=\"elementor-widget-wrap elementor-element-populated\">\n\t\t\t\t\t\t<div class=\"elementor-element elementor-element-b0e8a2c elementor-widget elementor-widget-beatmove_core_section_title\" data-id=\"b0e8a2c\" data-element_type=\"widget\" data-e-type=\"widget\" data-widget_type=\"beatmove_core_section_title.default\">\n\t\t\t\t<div class=\"elementor-widget-container\">\n\t\t\t\t\t<div class=\"qodef-shortcode qodef-m qodef-section-title qodef--has-appear qodef-alignment--left\">\n\t\t<h3 class=\"qodef-m-title\" >\n\t\t\t\t\tCont\u00e1ctanos\t\t\t<\/h3>\n\t\t<p class=\"qodef-m-text\" style=\"margin-top: 17px\">\n\t\tPara m\u00e1s informaci\u00f3n d\u00e9janos tu mensaje y encantados te ayudaremos a resolverlas\t<\/p>\n<\/div>\n\t\t\t\t<\/div>\n\t\t\t\t<\/div>\n\t\t\t\t<div class=\"elementor-element elementor-element-2a4de8d elementor-widget__width-initial elementor-widget elementor-widget-wp-widget-beatmove_core_contact_form_7\" data-id=\"2a4de8d\" data-element_type=\"widget\" data-e-type=\"widget\" data-widget_type=\"wp-widget-beatmove_core_contact_form_7.default\">\n\t\t\t\t<div class=\"elementor-widget-container\">\n\t\t\t\t\t\t\t\t<div class=\"qodef-contact-form-7\">\n\t\t\t\t\n<div class=\"wpcf7 no-js\" id=\"wpcf7-f3359-o1\" lang=\"en-US\" dir=\"ltr\" data-wpcf7-id=\"3359\">\n<div class=\"screen-reader-response\"><p role=\"status\" aria-live=\"polite\" aria-atomic=\"true\"><\/p> <ul><\/ul><\/div>\n<form action=\"\/index.php?rest_route=%2Fwp%2Fv2%2Fpages%2F13007#wpcf7-f3359-o1\" method=\"post\" class=\"wpcf7-form init demo\" aria-label=\"Contact form\" novalidate=\"novalidate\" data-status=\"init\">\n<fieldset class=\"hidden-fields-container\"><input type=\"hidden\" name=\"_wpcf7\" value=\"3359\" \/><input type=\"hidden\" name=\"_wpcf7_version\" value=\"6.1.5\" \/><input type=\"hidden\" name=\"_wpcf7_locale\" value=\"en_US\" \/><input type=\"hidden\" name=\"_wpcf7_unit_tag\" value=\"wpcf7-f3359-o1\" \/><input type=\"hidden\" name=\"_wpcf7_container_post\" value=\"0\" \/><input type=\"hidden\" name=\"_wpcf7_posted_data_hash\" value=\"\" \/>\n<\/fieldset>\n<div class=\"qodef-contact-form-main qodef-grid qodef-layout--columns qodef-col-num--2 qodef-gutter--small qodef-responsive--custom qodef-col-num--680--1\">\n    <div class=\"qodef-grid-inner\">\n        <div class=\"qodef-grid-item\"><span class=\"wpcf7-form-control-wrap\" data-name=\"first-name\"><input size=\"40\" maxlength=\"400\" class=\"wpcf7-form-control wpcf7-text wpcf7-validates-as-required\" aria-required=\"true\" aria-invalid=\"false\" placeholder=\"Nombre\" value=\"\" type=\"text\" name=\"first-name\" \/><\/span><\/div>\n        <div class=\"qodef-grid-item\"><span class=\"wpcf7-form-control-wrap\" data-name=\"your-email\"><input size=\"40\" maxlength=\"400\" class=\"wpcf7-form-control wpcf7-email wpcf7-validates-as-required wpcf7-text wpcf7-validates-as-email\" aria-required=\"true\" aria-invalid=\"false\" placeholder=\"E-mail\" value=\"\" type=\"email\" name=\"your-email\" \/><\/span><\/div>\n    <\/div>\n    <div><span class=\"wpcf7-form-control-wrap\" data-name=\"your-message\"><textarea cols=\"40\" rows=\"4\" maxlength=\"2000\" class=\"wpcf7-form-control wpcf7-textarea\" aria-invalid=\"false\" placeholder=\"Mensaje\" name=\"your-message\"><\/textarea><\/span><\/div>\n    <div class=\"qodef-submit-holder\">\n       <button name=\"submit\" type=\"submit\" class=\"qodef-submit qodef-button qodef-layout--textual qodef-html--link qodef-size--normal\" value=\"send\">\n           <span class=\"qodef-btn-text\">enviar<\/span>\n           <svg class=\"qodef-svg--custom-arrow qodef-m-arrow\" xmlns=\"http:\/\/www.w3.org\/2000\/svg\" width=\"12.305\" height=\"12.205\">\n              <g>\n                 <path fill=\"none\" stroke-width=\"2\" d=\"M11.305 9V1h-8\"\/>\n                 <path fill=\"none\" stroke-width=\"2\" d=\"M11.26.945.707 11.498\"\/>\n              <\/g>\n              <g>\n                 <path fill=\"none\" stroke-width=\"2\" d=\"M11.305 9V1h-8\"\/>\n                 <path fill=\"none\" stroke-width=\"2\" d=\"M11.26.945.707 11.498\"\/>\n              <\/g>\n           <\/svg>\n       <\/button>\n    <\/div>\n<\/div><div class=\"wpcf7-response-output\" aria-hidden=\"true\"><\/div>\n<\/form>\n<\/div>\n\t\t\t<\/div>\n\t\t\t\t\t\t\t<\/div>\n\t\t\t\t<\/div>\n\t\t\t\t\t<\/div>\n\t\t<\/div>\n\t\t\t\t\t<\/div>\n\t\t<\/section>\n\t\t\t\t<\/div>\n\t\t","protected":false},"excerpt":{"rendered":"<p>Cont\u00e1ctanos Para m\u00e1s informaci\u00f3n d\u00e9janos tu mensaje y encantados te ayudaremos a resolverlas<\/p>\n","protected":false},"author":1,"featured_media":0,"parent":0,"menu_order":0,"comment_status":"closed","ping_status":"closed","template":"page-full-width.php","meta":{"footnotes":""},"class_list":["post-13007","page","type-page","status-publish","hentry"],"_links":{"self":[{"href":"https:\/\/luisyventura.es\/index.php?rest_route=\/wp\/v2\/pages\/13007","targetHints":{"allow":["GET"]}}],"collection":[{"href":"https:\/\/luisyventura.es\/index.php?rest_route=\/wp\/v2\/pages"}],"about":[{"href":"https:\/\/luisyventura.es\/index.php?rest_route=\/wp\/v2\/types\/page"}],"author":[{"embeddable":true,"href":"https:\/\/luisyventura.es\/index.php?rest_route=\/wp\/v2\/users\/1"}],"replies":[{"embeddable":true,"href":"https:\/\/luisyventura.es\/index.php?rest_route=%2Fwp%2Fv2%2Fcomments&post=13007"}],"version-history":[{"count":23,"href":"https:\/\/luisyventura.es\/index.php?rest_route=\/wp\/v2\/pages\/13007\/revisions"}],"predecessor-version":[{"id":14078,"href":"https:\/\/luisyventura.es\/index.php?rest_route=\/wp\/v2\/pages\/13007\/revisions\/14078"}],"wp:attachment":[{"href":"https:\/\/luisyventura.es\/index.php?rest_route=%2Fwp%2Fv2%2Fmedia&parent=13007"}],"curies":[{"name":"wp","href":"https:\/\/api.w.org\/{rel}","templated":true}]}}