{"id":13008,"date":"2023-02-01T20:27:08","date_gmt":"2023-02-01T20:27:08","guid":{"rendered":"https:\/\/beatmove.qodeinteractive.com\/?page_id=2386"},"modified":"2026-05-14T09:27:59","modified_gmt":"2026-05-14T07:27:59","slug":"our-story","status":"publish","type":"page","link":"https:\/\/luisyventura.es\/?page_id=13008","title":{"rendered":"Nuestra historia"},"content":{"rendered":"\t\t<div data-elementor-type=\"wp-page\" data-elementor-id=\"13008\" class=\"elementor elementor-13008\">\n\t\t\t\t\t\t<section class=\"elementor-section elementor-top-section elementor-element elementor-element-360acd85 elementor-section-full_width elementor-section-height-default elementor-section-height-default\" data-id=\"360acd85\" data-element_type=\"section\" data-e-type=\"section\" data-settings=\"{&quot;background_background&quot;:&quot;video&quot;,&quot;background_video_link&quot;:&quot;https:\\\/\\\/luisyventura.es\\\/uploads&quot;,&quot;background_play_on_mobile&quot;:&quot;yes&quot;}\">\n\t\t\t\t\t\t\t\t<div class=\"elementor-background-video-container\">\n\t\t\t\t\t\t\t\t\t\t\t\t\t<video class=\"elementor-background-video-hosted\" role=\"presentation\" autoplay muted playsinline loop><\/video>\n\t\t\t\t\t\t\t\t\t\t\t<\/div>\n\t\t\t\t\t\t\t\t<div class=\"elementor-container elementor-column-gap-default\">\n\t\t\t\t\t<div class=\"elementor-column elementor-col-100 elementor-top-column elementor-element elementor-element-94a57e4\" data-id=\"94a57e4\" data-element_type=\"column\" data-e-type=\"column\">\n\t\t\t<div class=\"elementor-widget-wrap elementor-element-populated\">\n\t\t\t\t\t\t<div class=\"elementor-element elementor-element-65cce85 elementor-widget elementor-widget-beatmove_core_separator\" data-id=\"65cce85\" data-element_type=\"widget\" data-e-type=\"widget\" data-widget_type=\"beatmove_core_separator.default\">\n\t\t\t\t<div class=\"elementor-widget-container\">\n\t\t\t\t\t<div class=\"qodef-shortcode qodef-m qodef-separator clear\">\n\t<div class=\"qodef-m-line\" style=\"border-color: #02010100\"><\/div>\n<\/div>\n\t\t\t\t<\/div>\n\t\t\t\t<\/div>\n\t\t\t\t\t<\/div>\n\t\t<\/div>\n\t\t\t\t\t<\/div>\n\t\t<\/section>\n\t\t<div class=\"elementor-element elementor-element-7b24fba e-flex e-con-boxed e-con e-parent\" data-id=\"7b24fba\" data-element_type=\"container\" data-e-type=\"container\">\n\t\t\t\t\t<div class=\"e-con-inner\">\n\t\t\t\t<div class=\"elementor-element elementor-element-69e0cc7 elementor-widget elementor-widget-heading\" data-id=\"69e0cc7\" data-element_type=\"widget\" data-e-type=\"widget\" data-widget_type=\"heading.default\">\n\t\t\t\t\t<h2 class=\"elementor-heading-title elementor-size-default\">NUESTRA HISTORIA<\/h2>\t\t\t\t<\/div>\n\t\t\t\t\t<\/div>\n\t\t\t\t<\/div>\n\t\t<div class=\"elementor-element elementor-element-f6129be e-grid e-con-boxed e-con e-parent\" data-id=\"f6129be\" data-element_type=\"container\" data-e-type=\"container\">\n\t\t\t\t\t<div class=\"e-con-inner\">\n\t\t\t\t<div class=\"elementor-element elementor-element-008f249 elementor-widget elementor-widget-text-editor\" data-id=\"008f249\" data-element_type=\"widget\" data-e-type=\"widget\" data-widget_type=\"text-editor.default\">\n\t\t\t\t\t\t\t\t\t<p><strong>EL ORIGEN<\/strong><\/p><p>\u00abHace m\u00e1s de cuatro d\u00e9cadas, en el coraz\u00f3n de Torrent, dos j\u00f3venes apasionados, Luis y Ventura, decidieron que el baile ser\u00eda su lenguaje de vida. Lo que comenz\u00f3 como un peque\u00f1o estudio se ha convertido en una instituci\u00f3n donde tres generaciones de torrentinos han aprendido que cada paso es una forma de libertad&#8230;\u00bb<\/p>\t\t\t\t\t\t\t\t<\/div>\n\t\t\t\t<div class=\"elementor-element elementor-element-d0cabbf elementor-widget elementor-widget-text-editor\" data-id=\"d0cabbf\" data-element_type=\"widget\" data-e-type=\"widget\" data-widget_type=\"text-editor.default\">\n\t\t\t\t\t\t\t\t\t<p><strong>EL SUE\u00d1O INICIAL<\/strong><\/p><p>En nuestra ciudad no exist\u00eda un espacio dedicado a los bailes de sal\u00f3n y latinos como actividad saludable y social, as\u00ed pues, nos planteamos el desaf\u00edo de hacer que nuestro sue\u00f1o se convirtiera en realidad.<br \/>Los principios fueron dif\u00edciles, comenzando con muy pocos alumnos, pero con esfuerzo y sacrificio y dedicando muchas horas, fuimos evolucionando.<\/p>\t\t\t\t\t\t\t\t<\/div>\n\t\t\t\t<div class=\"elementor-element elementor-element-78020c6 elementor-widget elementor-widget-text-editor\" data-id=\"78020c6\" data-element_type=\"widget\" data-e-type=\"widget\" data-widget_type=\"text-editor.default\">\n\t\t\t\t\t\t\t\t\t<p><strong>DIVERSIDAD Y CRECIMIENTO PERSONAL<\/strong><\/p>\n<p>Con el paso de las d\u00e9cadas, la escuela, situada en la Calle Padre M\u00e9ndez 128, se ha distinguido por su capacidad de adaptaci\u00f3n, y hemos integrado disciplinas que van desde lo cl\u00e1sico a lo urbano:<br>\u2022 <strong>Bailes de Sal\u00f3n y Latinos:<\/strong> El n\u00facleo hist\u00f3rico de la academia.<br>\u2022 <strong>Innovaci\u00f3n:<\/strong> La incorporaci\u00f3n de estilos como Tango Argentino, Kizomba, Funky, Hip-Hop y Danza Contempor\u00e1nea.<br>\u2022 <strong>Actividades para Todos:<\/strong> Desde clases para novios hasta entrenamiento de competici\u00f3n en estilos urbanos.<\/p>\t\t\t\t\t\t\t\t<\/div>\n\t\t\t\t\t<\/div>\n\t\t\t\t<\/div>\n\t\t<div class=\"elementor-element elementor-element-56c13ca e-grid e-con-boxed e-con e-parent\" data-id=\"56c13ca\" data-element_type=\"container\" data-e-type=\"container\">\n\t\t\t\t\t<div class=\"e-con-inner\">\n\t\t\t\t<div class=\"elementor-element elementor-element-d4a5eef elementor-widget elementor-widget-text-editor\" data-id=\"d4a5eef\" data-element_type=\"widget\" data-e-type=\"widget\" data-widget_type=\"text-editor.default\">\n\t\t\t\t\t\t\t\t\t<p><strong>EVOLUCI\u00d3N Y CONSOLIDACI\u00d3N<\/strong><\/p><p>Nos hemos ido adaptando a los nuevos tiempos sin perder nuestra esencia inicial.\u00a0<strong>Diversidad de estilos:<\/strong> Hemos conseguido la transici\u00f3n desde los bailes cl\u00e1sicos o de sal\u00f3n hacia la incorporaci\u00f3n de disciplinas modernas como el hip hop, bachatango o danza contempor\u00e1nea y los bailes latinos, salsa, bachata.<br \/><strong>Reconocimientos:<\/strong> Nuestros hitos m\u00e1s importantes,y los premios obtenidos en concursos y campeonatos nacionales, se pueden verificar en esta misma web.<\/p>\t\t\t\t\t\t\t\t<\/div>\n\t\t\t\t<div class=\"elementor-element elementor-element-c9807a3 elementor-widget elementor-widget-text-editor\" data-id=\"c9807a3\" data-element_type=\"widget\" data-e-type=\"widget\" data-widget_type=\"text-editor.default\">\n\t\t\t\t\t\t\t\t\t<p><strong>LA IDENTIDAD: LUIS Y VENTURA HOY<\/strong><\/p>\n<p>\u2022 <strong>Filosof\u00eda:<\/strong> Nuestro lema \u00abTu ritmo, tu espacio, tu danza\u00bb, indica que bailar es accesible para todos.<br>\u2022 <strong>Impacto local:<\/strong> La escuela, participa en la vida cultural de la ciudad.<\/p>\n<p>Hoy, despu\u00e9s de m\u00e1s de cuatro d\u00e9cadas, continuamos al frente como directores y profesores, lo que garantiza que la esencia con la que comenzamos con tanta ilusi\u00f3n, se transmita intacta a las nuevas generaciones con la misma pasi\u00f3n del primer d\u00eda, demostrando qu\u00e9 en Torrent, el baile tiene nombre propio y un hogar que siempre espera con las puertas abiertas.<\/p><p><br><\/p>\t\t\t\t\t\t\t\t<\/div>\n\t\t\t\t\t<\/div>\n\t\t\t\t<\/div>\n\t\t\t\t<\/div>\n\t\t","protected":false},"excerpt":{"rendered":"<p>NUESTRA HISTORIA EL ORIGEN \u00abHace m\u00e1s de cuatro d\u00e9cadas, en el coraz\u00f3n de Torrent, dos j\u00f3venes apasionados, Luis y Ventura, decidieron que el baile ser\u00eda su lenguaje de vida. Lo [&hellip;]<\/p>\n","protected":false},"author":1,"featured_media":0,"parent":0,"menu_order":0,"comment_status":"closed","ping_status":"closed","template":"page-full-width.php","meta":{"footnotes":""},"class_list":["post-13008","page","type-page","status-publish","hentry"],"_links":{"self":[{"href":"https:\/\/luisyventura.es\/index.php?rest_route=\/wp\/v2\/pages\/13008","targetHints":{"allow":["GET"]}}],"collection":[{"href":"https:\/\/luisyventura.es\/index.php?rest_route=\/wp\/v2\/pages"}],"about":[{"href":"https:\/\/luisyventura.es\/index.php?rest_route=\/wp\/v2\/types\/page"}],"author":[{"embeddable":true,"href":"https:\/\/luisyventura.es\/index.php?rest_route=\/wp\/v2\/users\/1"}],"replies":[{"embeddable":true,"href":"https:\/\/luisyventura.es\/index.php?rest_route=%2Fwp%2Fv2%2Fcomments&post=13008"}],"version-history":[{"count":12,"href":"https:\/\/luisyventura.es\/index.php?rest_route=\/wp\/v2\/pages\/13008\/revisions"}],"predecessor-version":[{"id":14440,"href":"https:\/\/luisyventura.es\/index.php?rest_route=\/wp\/v2\/pages\/13008\/revisions\/14440"}],"wp:attachment":[{"href":"https:\/\/luisyventura.es\/index.php?rest_route=%2Fwp%2Fv2%2Fmedia&parent=13008"}],"curies":[{"name":"wp","href":"https:\/\/api.w.org\/{rel}","templated":true}]}}