{"id":13890,"date":"2026-04-07T11:11:05","date_gmt":"2026-04-07T09:11:05","guid":{"rendered":"https:\/\/www.luisyventura.es\/luisventuraweb2026\/?page_id=13890"},"modified":"2026-04-17T12:21:43","modified_gmt":"2026-04-17T10:21:43","slug":"modern-dance-2","status":"publish","type":"page","link":"https:\/\/luisyventura.es\/?page_id=13890","title":{"rendered":"Bailes de Sal\u00f3n y Latinos"},"content":{"rendered":"\t\t<div data-elementor-type=\"wp-page\" data-elementor-id=\"13890\" class=\"elementor elementor-13890\">\n\t\t\t\t\t\t<section class=\"elementor-section elementor-top-section elementor-element elementor-element-b7f5136 elementor-section-full_width elementor-section-height-default elementor-section-height-default\" data-id=\"b7f5136\" data-element_type=\"section\" data-e-type=\"section\" data-settings=\"{&quot;background_background&quot;:&quot;classic&quot;}\">\n\t\t\t\t\t\t<div class=\"elementor-container elementor-column-gap-default\">\n\t\t\t\t\t<div class=\"elementor-column elementor-col-100 elementor-top-column elementor-element elementor-element-e4ce35a\" data-id=\"e4ce35a\" data-element_type=\"column\" data-e-type=\"column\">\n\t\t\t<div class=\"elementor-widget-wrap elementor-element-populated\">\n\t\t\t\t\t\t<div class=\"elementor-element elementor-element-f9473fa elementor-widget elementor-widget-slider_revolution\" data-id=\"f9473fa\" data-element_type=\"widget\" data-e-type=\"widget\" data-widget_type=\"slider_revolution.default\">\n\t\t\t\t\t\n\t\t<div class=\"wp-block-themepunch-revslider\">\n\t\t\t\t<p class=\"rs-p-wp-fix\"><\/p>\n\t\t\t\t<sr7-module data-alias=\"latin-dance4\" data-id=\"33\" id=\"SR7_33_1\" class=\"rs-ov-hidden\" data-version=\"6.7.35\">\n\t\t\t\t\t<sr7-adjuster><\/sr7-adjuster>\n\t\t\t\t\t<sr7-content>\n\t\t\t\t\t\t<sr7-slide id=\"SR7_33_1-63\" data-key=\"63\">\n\t\t\t\t\t\t\t<sr7-bg id=\"SR7_33_1-63-6\" class=\"sr7-layer\"><noscript><img decoding=\"async\" src=\"https:\/\/luisyventura.es\/wp-content\/uploads\/2023\/05\/h5-rev-img-03a.jpg\" alt=\"s\" title=\"h5 rev img 03a\"><\/noscript><\/sr7-bg>\n\t\t\t\t\t\t\t<sr7-txt id=\"SR7_33_1-63-4\" class=\"sr7-layer\">Bailes<\/sr7-txt>\n\t\t\t\t\t\t\t<sr7-txt id=\"SR7_33_1-63-5\" class=\"sr7-layer\">De sal\u00f3n<\/sr7-txt>\n\t\t\t\t\t\t<\/sr7-slide>\n\t\t\t\t\t\t<sr7-slide id=\"SR7_33_1-62\" data-key=\"62\">\n\t\t\t\t\t\t\t<sr7-bg id=\"SR7_33_1-62-5\" class=\"sr7-layer\"><noscript><img decoding=\"async\" src=\"https:\/\/luisyventura.es\/wp-content\/uploads\/2023\/04\/product-img.jpg\" alt=\"y\" title=\"product-img\"><\/noscript><\/sr7-bg>\n\t\t\t\t\t\t\t<sr7-txt id=\"SR7_33_1-62-0\" class=\"sr7-layer\">Bailes<\/sr7-txt>\n\t\t\t\t\t\t\t<sr7-txt id=\"SR7_33_1-62-4\" class=\"sr7-layer\">de sal\u00f3n<\/sr7-txt>\n\t\t\t\t\t\t<\/sr7-slide>\n\t\t\t\t\t\t<sr7-slide id=\"SR7_33_1-124\" data-key=\"124\">\n\t\t\t\t\t\t<\/sr7-slide>\n\t\t\t\t\t<\/sr7-content>\n\t\t\t\t\t<image_lists style=\"display:none\">\n\t\t\t\t\t\t<img data-src=\"\/\/www.luisyventura.es\/luisventuraweb2026\/wp-content\/uploads\/2023\/04\/h5-rev-img-01.jpg\" data-libid=\"5232\" data-lib=\"medialibrary\" alt=\"s\" title=\"h5-rev-img-01\" width=\"0\" height=\"0\" data-dbsrc=\"Ly93d3cubHVpc3l2ZW50dXJhLmVzL2x1aXN2ZW50dXJhd2ViMjAyNi93cC1jb250ZW50L3VwbG9hZHMvMjAyMy8wNC9oNS1yZXYtaW1nLTAxLmpwZw==\"\/>\n\t\t\t\t\t\t<img data-src=\"\/\/luisyventura.es\/wp-content\/uploads\/2023\/04\/product-img.jpg\" data-libid=\"8696\" data-lib=\"medialibrary\" alt=\"y\" title=\"product-img\" width=\"0\" height=\"0\" data-dbsrc=\"Ly9sdWlzeXZlbnR1cmEuZXMvd3AtY29udGVudC91cGxvYWRzLzIwMjMvMDQvcHJvZHVjdC1pbWcuanBn\"\/>\n\t\t\t\t\t\t<img data-src=\"\/\/luisyventura.es\/wp-content\/uploads\/2023\/05\/h5-rev-img-03a.jpg\" data-libid=\"10853\" data-lib=\"medialibrary\" alt=\"s\" title=\"h5 rev img 03a\" width=\"0\" height=\"0\" data-dbsrc=\"Ly9sdWlzeXZlbnR1cmEuZXMvd3AtY29udGVudC91cGxvYWRzLzIwMjMvMDUvaDUtcmV2LWltZy0wM2EuanBn\"\/>\n\t\t\t\t\t<\/image_lists>\n\t\t\t\t<\/sr7-module>\n\t\t\t\t<script>\n\t\t\t\t\tSR7.PMH ??={}; SR7.PMH[\"SR7_33_1\"] = {cn:100,state:false,fn: function() { if (_tpt!==undefined && _tpt.prepareModuleHeight !== undefined) {  _tpt.prepareModuleHeight({id:\"SR7_33_1\",el:[900,900,768,960,720],type:'standard',shdw:'0',gh:[900,900,768,960,720],gw:[1240,1240,1024,778,480],vpt:['-100px&#039;,&#039;-100px&#039;,&#039;-100px&#039;,&#039;-100px&#039;,&#039;-100px'],size:{fullWidth:true, fullHeight:true},fho:'',mh:'0',onh:0,onw:0,bg:{color:'{\"orig\":\"transparent\",\"type\":\"solid\",\"string\":\"transparent\"}'}});   SR7.PMH[\"SR7_33_1\"].state=true;} else if(SR7.PMH[\"SR7_33_1\"].cn-->0)\tsetTimeout( SR7.PMH[\"SR7_33_1\"].fn,19);}};SR7.PMH[\"SR7_33_1\" ].fn();\n\t\t\t\t<\/script>\n<\/div>\n\n\t\t\t\t\t\t<\/div>\n\t\t\t\t\t<\/div>\n\t\t<\/div>\n\t\t\t\t\t<\/div>\n\t\t<\/section>\n\t\t\t\t<section class=\"elementor-section elementor-top-section elementor-element elementor-element-f1b609d elementor-reverse-tablet elementor-reverse-mobile elementor-section-full_width elementor-section-height-default elementor-section-height-default\" data-id=\"f1b609d\" data-element_type=\"section\" data-e-type=\"section\" data-settings=\"{&quot;background_background&quot;:&quot;classic&quot;}\">\n\t\t\t\t\t\t<div class=\"elementor-container elementor-column-gap-no\">\n\t\t\t\t\t<div class=\"elementor-column elementor-col-50 elementor-top-column elementor-element elementor-element-0327895\" data-id=\"0327895\" data-element_type=\"column\" data-e-type=\"column\" data-settings=\"{&quot;background_background&quot;:&quot;classic&quot;}\">\n\t\t\t<div class=\"elementor-widget-wrap elementor-element-populated\">\n\t\t\t\t\t\t<div class=\"elementor-element elementor-element-3c29a5c elementor-widget__width-auto elementor-widget elementor-widget-beatmove_core_single_image\" data-id=\"3c29a5c\" data-element_type=\"widget\" data-e-type=\"widget\" data-widget_type=\"beatmove_core_single_image.default\">\n\t\t\t\t<div class=\"elementor-widget-container\">\n\t\t\t\t\t<div class=\"qodef-shortcode qodef-m qodef-single-image qodef-layout--default\">\n\t\t\t<div class=\"qodef-m-image\">\n\t\t\t\t\t\t\t\t<img loading=\"lazy\" decoding=\"async\" width=\"470\" height=\"470\" src=\"https:\/\/luisyventura.es\/wp-content\/uploads\/2016\/09\/ladystyle-1.png\" class=\"attachment-full size-full\" alt=\"\" srcset=\"https:\/\/luisyventura.es\/wp-content\/uploads\/2016\/09\/ladystyle-1.png 470w, https:\/\/luisyventura.es\/wp-content\/uploads\/2016\/09\/ladystyle-1-300x300.png 300w, https:\/\/luisyventura.es\/wp-content\/uploads\/2016\/09\/ladystyle-1-150x150.png 150w\" sizes=\"(max-width: 470px) 100vw, 470px\" \/>\t\t\t\t\t\t\t<\/div>\n\t<\/div>\n\t\t\t\t<\/div>\n\t\t\t\t<\/div>\n\t\t\t\t<div class=\"elementor-element elementor-element-e20db5f elementor-widget elementor-widget-text-editor\" data-id=\"e20db5f\" data-element_type=\"widget\" data-e-type=\"widget\" data-widget_type=\"text-editor.default\">\n\t\t\t\t\t\t\t\t\t<audio class=\"wp-audio-shortcode\" id=\"audio-13890-1\" loop autoplay preload=\"none\" style=\"width: 100%;\" controls=\"controls\"><source type=\"audio\/mpeg\" src=\"http:\/\/luisyventura.es\/wp-content\/uploads\/2016\/09\/BACHATA-STAND-BY-ME-PRINCE-ROYCE-musica-bailes-de-salon-y-latinos-.mp3?_=1\" \/><a href=\"http:\/\/luisyventura.es\/wp-content\/uploads\/2016\/09\/BACHATA-STAND-BY-ME-PRINCE-ROYCE-musica-bailes-de-salon-y-latinos-.mp3\">http:\/\/luisyventura.es\/wp-content\/uploads\/2016\/09\/BACHATA-STAND-BY-ME-PRINCE-ROYCE-musica-bailes-de-salon-y-latinos-.mp3<\/a><\/audio>\t\t\t\t\t\t\t\t<\/div>\n\t\t\t\t\t<\/div>\n\t\t<\/div>\n\t\t\t\t<div class=\"elementor-column elementor-col-50 elementor-top-column elementor-element elementor-element-806f063\" data-id=\"806f063\" data-element_type=\"column\" data-e-type=\"column\">\n\t\t\t<div class=\"elementor-widget-wrap elementor-element-populated\">\n\t\t\t\t\t\t<div class=\"elementor-element elementor-element-7ca9e81 elementor-widget elementor-widget-beatmove_core_section_title\" data-id=\"7ca9e81\" data-element_type=\"widget\" data-e-type=\"widget\" data-widget_type=\"beatmove_core_section_title.default\">\n\t\t\t\t<div class=\"elementor-widget-container\">\n\t\t\t\t\t<div class=\"qodef-shortcode qodef-m qodef-section-title qodef--has-appear qodef-alignment--left\">\n\t\t<h1 class=\"qodef-m-title\" >\n\t\t\t\t\t<span class=\"qodef--line-holder\"><span class=\"qodef--line\">Baile de<\/span><\/span> <span class=\"qodef--line-holder\"><span class=\"qodef--line\"><span class=\"qodef-e-indent\"><\/span> sal\u00f3n y latino<\/span><\/span>\t\t\t<\/h1>\n\t<\/div>\n\t\t\t\t<\/div>\n\t\t\t\t<\/div>\n\t\t\t\t<div class=\"elementor-element elementor-element-44429b7 elementor-widget elementor-widget-text-editor\" data-id=\"44429b7\" data-element_type=\"widget\" data-e-type=\"widget\" data-widget_type=\"text-editor.default\">\n\t\t\t\t\t\t\t\t\t<p>El baile est\u00e1 considerado como una forma de divertimento, pero es mucho m\u00e1s, ya que el ejercicio que con \u00e9l se practica tiene grandes beneficios para el organismo.<\/p><p>Bailar es una de las actividades f\u00edsicas m\u00e1s completas y exigentes de todas las disciplinas gimn\u00e1sticas y deportivas que mantienen en forma nuestro organismo. De hecho, proporciona al cuerpo y a los m\u00fasculos: fuerza, flexibilidad, resistencia y ritmo.<\/p><p><strong>Beneficios:<\/strong><\/p><p>&#8211; Salud Cardiovascular y Tonificaci\u00f3n<br \/>&#8211; Agilidad Mental y Memoria<br \/>&#8211; Bienestar Social y Confianza<\/p>\t\t\t\t\t\t\t\t<\/div>\n\t\t\t\t<div class=\"elementor-element elementor-element-ecbe2ba elementor-widget elementor-widget-beatmove_core_button\" data-id=\"ecbe2ba\" data-element_type=\"widget\" data-e-type=\"widget\" data-widget_type=\"beatmove_core_button.default\">\n\t\t\t\t<div class=\"elementor-widget-container\">\n\t\t\t\t\t<a class=\"qodef-shortcode qodef-m qodef-button qodef-layout--textual qodef-html--link\" href=\"https:\/\/www.luisyventura.es\/?page_id=3507\" target=\"_self\"  >\n\t<span class=\"qodef-m-text\">ver horarios<\/span><svg class=\"qodef-svg--custom-arrow qodef-m-arrow\" xmlns=\"http:\/\/www.w3.org\/2000\/svg\" width=\"14.2\" height=\"14.2\" viewBox=\"0 0 14.2 14.2\"><g><path d=\"M13.2 9V1h-8M13.4.8.7 13.5\"\/><path d=\"M13.2 9V1h-8M13.4.8.7 13.5\"\/><\/g><g><path d=\"M13.2 9V1h-8M13.4.8.7 13.5\"\/><path d=\"M13.2 9V1h-8M13.4.8.7 13.5\"\/><\/g><\/svg><\/a>\n\t\t\t\t<\/div>\n\t\t\t\t<\/div>\n\t\t\t\t\t<\/div>\n\t\t<\/div>\n\t\t\t\t\t<\/div>\n\t\t<\/section>\n\t\t\t\t<section class=\"elementor-section elementor-top-section elementor-element elementor-element-12bacac elementor-section-full_width elementor-section-height-default elementor-section-height-default\" data-id=\"12bacac\" data-element_type=\"section\" data-e-type=\"section\" data-settings=\"{&quot;background_background&quot;:&quot;classic&quot;}\">\n\t\t\t\t\t\t<div class=\"elementor-container elementor-column-gap-no\">\n\t\t\t\t\t<div class=\"elementor-column elementor-col-33 elementor-top-column elementor-element elementor-element-7f4a84d\" data-id=\"7f4a84d\" data-element_type=\"column\" data-e-type=\"column\">\n\t\t\t<div class=\"elementor-widget-wrap elementor-element-populated\">\n\t\t\t\t\t\t<div class=\"elementor-element elementor-element-c8b6286 elementor-widget__width-initial elementor-widget elementor-widget-beatmove_core_image_with_text\" data-id=\"c8b6286\" data-element_type=\"widget\" data-e-type=\"widget\" data-widget_type=\"beatmove_core_image_with_text.default\">\n\t\t\t\t<div class=\"elementor-widget-container\">\n\t\t\t\t\t<div class=\"qodef-shortcode qodef-m qodef-image-with-text qodef-layout--text-below qodef-image-hover--grayscale-to-color qodef--has-appear\">\n\t<div class=\"qodef-m-image\">\n\t\t\t<a class=\"qodef-magnific-popup qodef-popup-item\" itemprop=\"image\" href=\"https:\/\/luisyventura.es\/wp-content\/uploads\/2025\/07\/FOTO-LADYS2-EXHIBICION-SALA-VINILO-04.07-2025.jpg\" data-type=\"image\" title=\"\">\n\t\t\t<img loading=\"lazy\" decoding=\"async\" width=\"1600\" height=\"1200\" src=\"https:\/\/luisyventura.es\/wp-content\/uploads\/2025\/07\/FOTO-LADYS2-EXHIBICION-SALA-VINILO-04.07-2025.jpg\" class=\"attachment-full size-full\" alt=\"\" srcset=\"https:\/\/luisyventura.es\/wp-content\/uploads\/2025\/07\/FOTO-LADYS2-EXHIBICION-SALA-VINILO-04.07-2025.jpg 1600w, https:\/\/luisyventura.es\/wp-content\/uploads\/2025\/07\/FOTO-LADYS2-EXHIBICION-SALA-VINILO-04.07-2025-300x225.jpg 300w, https:\/\/luisyventura.es\/wp-content\/uploads\/2025\/07\/FOTO-LADYS2-EXHIBICION-SALA-VINILO-04.07-2025-1024x768.jpg 1024w, https:\/\/luisyventura.es\/wp-content\/uploads\/2025\/07\/FOTO-LADYS2-EXHIBICION-SALA-VINILO-04.07-2025-768x576.jpg 768w, https:\/\/luisyventura.es\/wp-content\/uploads\/2025\/07\/FOTO-LADYS2-EXHIBICION-SALA-VINILO-04.07-2025-1536x1152.jpg 1536w\" sizes=\"(max-width: 1600px) 100vw, 1600px\" \/>\t\t\t<\/a>\n\t<\/div>\n\t<div class=\"qodef-m-content\">\n\t\t<div class=\"qodef-m-content-title-button\">\n\t\t\t\t<h5 class=\"qodef-m-title\" style=\"margin-top: 16px\">\n\t\t\t\t\tBailes latinos\t\t\t<\/h5>\n\t\t\t\t\t<\/div>\n\t\t\t<h6 class=\"qodef-m-text\" style=\"margin-top: 2px\">\n\t\t30 \/ Octubre\/ 2023\t<\/h6>\n\t<\/div>\n<\/div>\n\t\t\t\t<\/div>\n\t\t\t\t<\/div>\n\t\t\t\t\t<\/div>\n\t\t<\/div>\n\t\t\t\t<div class=\"elementor-column elementor-col-33 elementor-top-column elementor-element elementor-element-2b1d0b9\" data-id=\"2b1d0b9\" data-element_type=\"column\" data-e-type=\"column\">\n\t\t\t<div class=\"elementor-widget-wrap elementor-element-populated\">\n\t\t\t\t\t\t<div class=\"elementor-element elementor-element-7560500 elementor-widget__width-initial elementor-widget elementor-widget-beatmove_core_image_with_text\" data-id=\"7560500\" data-element_type=\"widget\" data-e-type=\"widget\" data-widget_type=\"beatmove_core_image_with_text.default\">\n\t\t\t\t<div class=\"elementor-widget-container\">\n\t\t\t\t\t<div class=\"qodef-shortcode qodef-m qodef-image-with-text qodef-layout--text-below qodef-image-hover--grayscale-to-color qodef--has-appear\">\n\t<div class=\"qodef-m-image\">\n\t\t\t<a class=\"qodef-magnific-popup qodef-popup-item\" itemprop=\"image\" href=\"https:\/\/luisyventura.es\/wp-content\/uploads\/2017\/07\/portadaFranyRocio.png\" data-type=\"image\" title=\"\">\n\t\t\t<img loading=\"lazy\" decoding=\"async\" width=\"1659\" height=\"884\" src=\"https:\/\/luisyventura.es\/wp-content\/uploads\/2017\/07\/portadaFranyRocio.png\" class=\"attachment-full size-full\" alt=\"\" srcset=\"https:\/\/luisyventura.es\/wp-content\/uploads\/2017\/07\/portadaFranyRocio.png 1659w, https:\/\/luisyventura.es\/wp-content\/uploads\/2017\/07\/portadaFranyRocio-300x160.png 300w, https:\/\/luisyventura.es\/wp-content\/uploads\/2017\/07\/portadaFranyRocio-1024x546.png 1024w, https:\/\/luisyventura.es\/wp-content\/uploads\/2017\/07\/portadaFranyRocio-768x409.png 768w, https:\/\/luisyventura.es\/wp-content\/uploads\/2017\/07\/portadaFranyRocio-1536x818.png 1536w\" sizes=\"(max-width: 1659px) 100vw, 1659px\" \/>\t\t\t<\/a>\n\t<\/div>\n\t<div class=\"qodef-m-content\">\n\t\t<div class=\"qodef-m-content-title-button\">\n\t\t\t\t<h5 class=\"qodef-m-title\" style=\"margin-top: 16px\">\n\t\t\t\t\tSal\u00f3n y latinos\t\t\t<\/h5>\n\t\t\t\t\t<\/div>\n\t\t\t<h6 class=\"qodef-m-text\" style=\"margin-top: 2px\">\n\t\t13 \/ Septiembre \/ 2023\t<\/h6>\n\t<\/div>\n<\/div>\n\t\t\t\t<\/div>\n\t\t\t\t<\/div>\n\t\t\t\t\t<\/div>\n\t\t<\/div>\n\t\t\t\t<div class=\"elementor-column elementor-col-33 elementor-top-column elementor-element elementor-element-595854d\" data-id=\"595854d\" data-element_type=\"column\" data-e-type=\"column\">\n\t\t\t<div class=\"elementor-widget-wrap elementor-element-populated\">\n\t\t\t\t\t\t<div class=\"elementor-element elementor-element-d72fe25 elementor-widget__width-initial elementor-widget elementor-widget-beatmove_core_image_with_text\" data-id=\"d72fe25\" data-element_type=\"widget\" data-e-type=\"widget\" data-widget_type=\"beatmove_core_image_with_text.default\">\n\t\t\t\t<div class=\"elementor-widget-container\">\n\t\t\t\t\t<div class=\"qodef-shortcode qodef-m qodef-image-with-text qodef-layout--text-below qodef-image-hover--grayscale-to-color qodef--has-appear\">\n\t<div class=\"qodef-m-image\">\n\t\t\t<a class=\"qodef-magnific-popup qodef-popup-item\" itemprop=\"image\" href=\"https:\/\/luisyventura.es\/wp-content\/uploads\/2016\/09\/IMG_1192-scaled.jpg\" data-type=\"image\" title=\"\">\n\t\t\t<img loading=\"lazy\" decoding=\"async\" width=\"2560\" height=\"1920\" src=\"https:\/\/luisyventura.es\/wp-content\/uploads\/2016\/09\/IMG_1192-scaled.jpg\" class=\"attachment-full size-full\" alt=\"\" srcset=\"https:\/\/luisyventura.es\/wp-content\/uploads\/2016\/09\/IMG_1192-scaled.jpg 2560w, https:\/\/luisyventura.es\/wp-content\/uploads\/2016\/09\/IMG_1192-300x225.jpg 300w, https:\/\/luisyventura.es\/wp-content\/uploads\/2016\/09\/IMG_1192-1024x768.jpg 1024w, https:\/\/luisyventura.es\/wp-content\/uploads\/2016\/09\/IMG_1192-768x576.jpg 768w, https:\/\/luisyventura.es\/wp-content\/uploads\/2016\/09\/IMG_1192-1536x1152.jpg 1536w, https:\/\/luisyventura.es\/wp-content\/uploads\/2016\/09\/IMG_1192-2048x1536.jpg 2048w\" sizes=\"(max-width: 2560px) 100vw, 2560px\" \/>\t\t\t<\/a>\n\t<\/div>\n\t<div class=\"qodef-m-content\">\n\t\t<div class=\"qodef-m-content-title-button\">\n\t\t\t\t<h5 class=\"qodef-m-title\" style=\"margin-top: 16px\">\n\t\t\t\t\tBailes de sal\u00f3n\t\t\t<\/h5>\n\t\t\t\t\t<\/div>\n\t\t\t<h6 class=\"qodef-m-text\" style=\"margin-top: 2px\">\n\t\t12 \/ Noviembre\/ 2024\t<\/h6>\n\t<\/div>\n<\/div>\n\t\t\t\t<\/div>\n\t\t\t\t<\/div>\n\t\t\t\t\t<\/div>\n\t\t<\/div>\n\t\t\t\t\t<\/div>\n\t\t<\/section>\n\t\t\t\t<\/div>\n\t\t","protected":false},"excerpt":{"rendered":"<p>Baile de sal\u00f3n y latino El baile est\u00e1 considerado como una forma de divertimento, pero es mucho m\u00e1s, ya que el ejercicio que con \u00e9l se practica tiene grandes beneficios [&hellip;]<\/p>\n","protected":false},"author":1,"featured_media":12968,"parent":0,"menu_order":0,"comment_status":"closed","ping_status":"closed","template":"page-full-width.php","meta":{"footnotes":""},"class_list":["post-13890","page","type-page","status-publish","has-post-thumbnail","hentry"],"_links":{"self":[{"href":"https:\/\/luisyventura.es\/index.php?rest_route=\/wp\/v2\/pages\/13890","targetHints":{"allow":["GET"]}}],"collection":[{"href":"https:\/\/luisyventura.es\/index.php?rest_route=\/wp\/v2\/pages"}],"about":[{"href":"https:\/\/luisyventura.es\/index.php?rest_route=\/wp\/v2\/types\/page"}],"author":[{"embeddable":true,"href":"https:\/\/luisyventura.es\/index.php?rest_route=\/wp\/v2\/users\/1"}],"replies":[{"embeddable":true,"href":"https:\/\/luisyventura.es\/index.php?rest_route=%2Fwp%2Fv2%2Fcomments&post=13890"}],"version-history":[{"count":24,"href":"https:\/\/luisyventura.es\/index.php?rest_route=\/wp\/v2\/pages\/13890\/revisions"}],"predecessor-version":[{"id":14182,"href":"https:\/\/luisyventura.es\/index.php?rest_route=\/wp\/v2\/pages\/13890\/revisions\/14182"}],"wp:featuredmedia":[{"embeddable":true,"href":"https:\/\/luisyventura.es\/index.php?rest_route=\/wp\/v2\/media\/12968"}],"wp:attachment":[{"href":"https:\/\/luisyventura.es\/index.php?rest_route=%2Fwp%2Fv2%2Fmedia&parent=13890"}],"curies":[{"name":"wp","href":"https:\/\/api.w.org\/{rel}","templated":true}]}}