{"id":13900,"date":"2026-04-07T11:32:02","date_gmt":"2026-04-07T09:32:02","guid":{"rendered":"https:\/\/www.luisyventura.es\/luisventuraweb2026\/?page_id=13900"},"modified":"2026-04-17T12:30:02","modified_gmt":"2026-04-17T10:30:02","slug":"modern-dance-3","status":"publish","type":"page","link":"https:\/\/luisyventura.es\/?page_id=13900","title":{"rendered":"Baile nupcial"},"content":{"rendered":"\t\t<div data-elementor-type=\"wp-page\" data-elementor-id=\"13900\" class=\"elementor elementor-13900\">\n\t\t\t\t\t\t<section class=\"elementor-section elementor-top-section elementor-element elementor-element-b7f5136 elementor-section-full_width elementor-section-height-default elementor-section-height-default\" data-id=\"b7f5136\" data-element_type=\"section\" data-e-type=\"section\" data-settings=\"{&quot;background_background&quot;:&quot;classic&quot;}\">\n\t\t\t\t\t\t<div class=\"elementor-container elementor-column-gap-default\">\n\t\t\t\t\t<div class=\"elementor-column elementor-col-100 elementor-top-column elementor-element elementor-element-e4ce35a\" data-id=\"e4ce35a\" data-element_type=\"column\" data-e-type=\"column\">\n\t\t\t<div class=\"elementor-widget-wrap elementor-element-populated\">\n\t\t\t\t\t\t<div class=\"elementor-element elementor-element-f9473fa elementor-widget elementor-widget-slider_revolution\" data-id=\"f9473fa\" data-element_type=\"widget\" data-e-type=\"widget\" data-widget_type=\"slider_revolution.default\">\n\t\t\t\t\t\n\t\t<div class=\"wp-block-themepunch-revslider\">\n\t\t\t\t<p class=\"rs-p-wp-fix\"><\/p>\n\t\t\t\t<sr7-module data-alias=\"latin-dance2\" data-id=\"19\" id=\"SR7_19_1\" class=\"rs-ov-hidden\" data-version=\"6.7.35\">\n\t\t\t\t\t<sr7-adjuster><\/sr7-adjuster>\n\t\t\t\t\t<sr7-content>\n\t\t\t\t\t\t<sr7-slide id=\"SR7_19_1-35\" data-key=\"35\">\n\t\t\t\t\t\t\t<sr7-bg id=\"SR7_19_1-35-6\" class=\"sr7-layer\"><noscript><img decoding=\"async\" src=\"https:\/\/luisyventura.es\/wp-content\/uploads\/2023\/01\/h5-img-05.jpg\" alt=\"d\" title=\"h5-img-05\"><\/noscript><\/sr7-bg>\n\t\t\t\t\t\t\t<sr7-txt id=\"SR7_19_1-35-0\" class=\"sr7-layer\">Baile<\/sr7-txt>\n\t\t\t\t\t\t\t<sr7-txt id=\"SR7_19_1-35-5\" class=\"sr7-layer\">Nupcial<\/sr7-txt>\n\t\t\t\t\t\t<\/sr7-slide>\n\t\t\t\t\t\t<sr7-slide id=\"SR7_19_1-36\" data-key=\"36\">\n\t\t\t\t\t\t\t<sr7-bg id=\"SR7_19_1-36-5\" class=\"sr7-layer\"><noscript><img decoding=\"async\" src=\"https:\/\/www.luisyventura.es\/luisventuraweb2026\/wp-content\/uploads\/2014\/01\/dancing-893206-scaled.jpg\" alt=\"\" title=\"dancing-893206\"><\/noscript><\/sr7-bg>\n\t\t\t\t\t\t\t<sr7-txt id=\"SR7_19_1-36-0\" class=\"sr7-layer\">Baile<\/sr7-txt>\n\t\t\t\t\t\t\t<sr7-txt id=\"SR7_19_1-36-4\" class=\"sr7-layer\">nupcial<\/sr7-txt>\n\t\t\t\t\t\t<\/sr7-slide>\n\t\t\t\t\t\t<sr7-slide id=\"SR7_19_1-110\" data-key=\"110\">\n\t\t\t\t\t\t<\/sr7-slide>\n\t\t\t\t\t<\/sr7-content>\n\t\t\t\t\t<image_lists style=\"display:none\">\n\t\t\t\t\t\t<img data-src=\"\/\/luisyventura.es\/wp-content\/uploads\/2023\/01\/h5-img-05.jpg\" data-libid=\"909\" data-lib=\"medialibrary\" alt=\"d\" title=\"h5-img-05\" width=\"0\" height=\"0\" data-dbsrc=\"Ly9sdWlzeXZlbnR1cmEuZXMvd3AtY29udGVudC91cGxvYWRzLzIwMjMvMDEvaDUtaW1nLTA1LmpwZw==\"\/>\n\t\t\t\t\t\t<img data-src=\"\/\/www.luisyventura.es\/luisventuraweb2026\/wp-content\/uploads\/2014\/01\/dancing-893206-scaled.jpg\" data-libid=\"2045\" data-lib=\"medialibrary\" title=\"dancing-893206\" width=\"0\" height=\"0\" data-dbsrc=\"Ly93d3cubHVpc3l2ZW50dXJhLmVzL2x1aXN2ZW50dXJhd2ViMjAyNi93cC1jb250ZW50L3VwbG9hZHMvMjAxNC8wMS9kYW5jaW5nLTg5MzIwNi1zY2FsZWQuanBn\"\/>\n\t\t\t\t\t\t<img data-src=\"\/\/www.luisyventura.es\/luisventuraweb2026\/wp-content\/uploads\/2023\/05\/h5-rev-img-03a.jpg\" data-libid=\"10853\" data-lib=\"medialibrary\" alt=\"s\" title=\"h5 rev img 03a\" width=\"0\" height=\"0\" data-dbsrc=\"Ly93d3cubHVpc3l2ZW50dXJhLmVzL2x1aXN2ZW50dXJhd2ViMjAyNi93cC1jb250ZW50L3VwbG9hZHMvMjAyMy8wNS9oNS1yZXYtaW1nLTAzYS5qcGc=\"\/>\n\t\t\t\t\t<\/image_lists>\n\t\t\t\t<\/sr7-module>\n\t\t\t\t<script>\n\t\t\t\t\tSR7.PMH ??={}; SR7.PMH[\"SR7_19_1\"] = {cn:100,state:false,fn: function() { if (_tpt!==undefined && _tpt.prepareModuleHeight !== undefined) {  _tpt.prepareModuleHeight({id:\"SR7_19_1\",el:[900,900,768,960,720],type:'standard',shdw:'0',gh:[900,900,768,960,720],gw:[1240,1240,1024,778,480],vpt:['-100px&#039;,&#039;-100px&#039;,&#039;-100px&#039;,&#039;-100px&#039;,&#039;-100px'],size:{fullWidth:true, fullHeight:true},fho:'',mh:'0',onh:0,onw:0,bg:{color:'{\"orig\":\"transparent\",\"type\":\"solid\",\"string\":\"transparent\"}'}});   SR7.PMH[\"SR7_19_1\"].state=true;} else if(SR7.PMH[\"SR7_19_1\"].cn-->0)\tsetTimeout( SR7.PMH[\"SR7_19_1\"].fn,19);}};SR7.PMH[\"SR7_19_1\" ].fn();\n\t\t\t\t<\/script>\n<\/div>\n\n\t\t\t\t\t\t<\/div>\n\t\t\t\t\t<\/div>\n\t\t<\/div>\n\t\t\t\t\t<\/div>\n\t\t<\/section>\n\t\t\t\t<section class=\"elementor-section elementor-top-section elementor-element elementor-element-f1b609d elementor-reverse-tablet elementor-reverse-mobile elementor-section-full_width elementor-section-height-default elementor-section-height-default\" data-id=\"f1b609d\" data-element_type=\"section\" data-e-type=\"section\" data-settings=\"{&quot;background_background&quot;:&quot;classic&quot;}\">\n\t\t\t\t\t\t<div class=\"elementor-container elementor-column-gap-no\">\n\t\t\t\t\t<div class=\"elementor-column elementor-col-50 elementor-top-column elementor-element elementor-element-0327895\" data-id=\"0327895\" data-element_type=\"column\" data-e-type=\"column\" data-settings=\"{&quot;background_background&quot;:&quot;classic&quot;}\">\n\t\t\t<div class=\"elementor-widget-wrap elementor-element-populated\">\n\t\t\t\t\t\t<div class=\"elementor-element elementor-element-3c29a5c elementor-widget__width-auto elementor-widget elementor-widget-beatmove_core_single_image\" data-id=\"3c29a5c\" data-element_type=\"widget\" data-e-type=\"widget\" data-widget_type=\"beatmove_core_single_image.default\">\n\t\t\t\t<div class=\"elementor-widget-container\">\n\t\t\t\t\t<div class=\"qodef-shortcode qodef-m qodef-single-image qodef-layout--default\">\n\t\t\t<div class=\"qodef-m-image\">\n\t\t\t\t\t\t\t\t<img loading=\"lazy\" decoding=\"async\" width=\"2560\" height=\"1920\" src=\"https:\/\/luisyventura.es\/wp-content\/uploads\/2014\/01\/dancing-893206-scaled.jpg\" class=\"attachment-full size-full\" alt=\"\" srcset=\"https:\/\/luisyventura.es\/wp-content\/uploads\/2014\/01\/dancing-893206-scaled.jpg 2560w, https:\/\/luisyventura.es\/wp-content\/uploads\/2014\/01\/dancing-893206-300x225.jpg 300w, https:\/\/luisyventura.es\/wp-content\/uploads\/2014\/01\/dancing-893206-1024x768.jpg 1024w, https:\/\/luisyventura.es\/wp-content\/uploads\/2014\/01\/dancing-893206-768x576.jpg 768w, https:\/\/luisyventura.es\/wp-content\/uploads\/2014\/01\/dancing-893206-1536x1152.jpg 1536w, https:\/\/luisyventura.es\/wp-content\/uploads\/2014\/01\/dancing-893206-2048x1536.jpg 2048w\" sizes=\"(max-width: 2560px) 100vw, 2560px\" \/>\t\t\t\t\t\t\t<\/div>\n\t<\/div>\n\t\t\t\t<\/div>\n\t\t\t\t<\/div>\n\t\t\t\t\t<\/div>\n\t\t<\/div>\n\t\t\t\t<div class=\"elementor-column elementor-col-50 elementor-top-column elementor-element elementor-element-806f063\" data-id=\"806f063\" data-element_type=\"column\" data-e-type=\"column\">\n\t\t\t<div class=\"elementor-widget-wrap elementor-element-populated\">\n\t\t\t\t\t\t<div class=\"elementor-element elementor-element-7ca9e81 elementor-widget elementor-widget-beatmove_core_section_title\" data-id=\"7ca9e81\" data-element_type=\"widget\" data-e-type=\"widget\" data-widget_type=\"beatmove_core_section_title.default\">\n\t\t\t\t<div class=\"elementor-widget-container\">\n\t\t\t\t\t<div class=\"qodef-shortcode qodef-m qodef-section-title qodef--has-appear qodef-alignment--left\">\n\t\t<h1 class=\"qodef-m-title\" >\n\t\t\t\t\t<span class=\"qodef--line-holder\"><span class=\"qodef--line\">Baile nupcial<\/span><\/span> <span class=\"qodef--line-holder\"><span class=\"qodef--line\"><span class=\"qodef-e-indent\"><\/span><\/span><\/span>\t\t\t<\/h1>\n\t<\/div>\n\t\t\t\t<\/div>\n\t\t\t\t<\/div>\n\t\t\t\t<div class=\"elementor-element elementor-element-44429b7 elementor-widget elementor-widget-text-editor\" data-id=\"44429b7\" data-element_type=\"widget\" data-e-type=\"widget\" data-widget_type=\"text-editor.default\">\n\t\t\t\t\t\t\t\t\t<p>Sin duda el baile nupcial es uno de los momentos m\u00e1s esperados de la boda, pero tambi\u00e9n uno de los que m\u00e1s respeto les produce a los novios.<\/p><p>Nuestros horarios son flexibles y reservados, exclusivos para la pareja. Podr\u00e9is aprender el baile que vosotros decid\u00e1is, tambi\u00e9n os podemos asesorar en cuanto a m\u00fasica, coreograf\u00eda, etc.<\/p><p>Son clases divertidas, no teng\u00e1is ning\u00fan miedo si nunca hab\u00e9is bailado antes, las clases son de una hora de duraci\u00f3n y es importante seguir los ensayos en casa.<\/p><p>\u00a1VAMOS A PONER UN PERFECTO BROCHE FINAL!<\/p><p>\u00a1VIVAN LOS NOVIOS!<\/p><p><strong>Horarios a convenir<\/strong><\/p>\t\t\t\t\t\t\t\t<\/div>\n\t\t\t\t<div class=\"elementor-element elementor-element-ecbe2ba elementor-widget elementor-widget-beatmove_core_button\" data-id=\"ecbe2ba\" data-element_type=\"widget\" data-e-type=\"widget\" data-widget_type=\"beatmove_core_button.default\">\n\t\t\t\t<div class=\"elementor-widget-container\">\n\t\t\t\t\t<a class=\"qodef-shortcode qodef-m qodef-button qodef-layout--textual qodef-html--link\" href=\"https:\/\/www.luisyventura.es\/?page_id=13007\" target=\"_self\"  >\n\t<span class=\"qodef-m-text\">Cont\u00e1ctanos<\/span><svg class=\"qodef-svg--custom-arrow qodef-m-arrow\" xmlns=\"http:\/\/www.w3.org\/2000\/svg\" width=\"14.2\" height=\"14.2\" viewBox=\"0 0 14.2 14.2\"><g><path d=\"M13.2 9V1h-8M13.4.8.7 13.5\"\/><path d=\"M13.2 9V1h-8M13.4.8.7 13.5\"\/><\/g><g><path d=\"M13.2 9V1h-8M13.4.8.7 13.5\"\/><path d=\"M13.2 9V1h-8M13.4.8.7 13.5\"\/><\/g><\/svg><\/a>\n\t\t\t\t<\/div>\n\t\t\t\t<\/div>\n\t\t\t\t\t<\/div>\n\t\t<\/div>\n\t\t\t\t\t<\/div>\n\t\t<\/section>\n\t\t\t\t<section class=\"elementor-section elementor-top-section elementor-element elementor-element-12bacac elementor-section-full_width elementor-section-height-default elementor-section-height-default\" data-id=\"12bacac\" data-element_type=\"section\" data-e-type=\"section\" data-settings=\"{&quot;background_background&quot;:&quot;classic&quot;}\">\n\t\t\t\t\t\t<div class=\"elementor-container elementor-column-gap-no\">\n\t\t\t\t\t<div class=\"elementor-column elementor-col-33 elementor-top-column elementor-element elementor-element-7f4a84d\" data-id=\"7f4a84d\" data-element_type=\"column\" data-e-type=\"column\">\n\t\t\t<div class=\"elementor-widget-wrap elementor-element-populated\">\n\t\t\t\t\t\t<div class=\"elementor-element elementor-element-c8b6286 elementor-widget__width-initial elementor-widget elementor-widget-beatmove_core_image_with_text\" data-id=\"c8b6286\" data-element_type=\"widget\" data-e-type=\"widget\" data-widget_type=\"beatmove_core_image_with_text.default\">\n\t\t\t\t<div class=\"elementor-widget-container\">\n\t\t\t\t\t<div class=\"qodef-shortcode qodef-m qodef-image-with-text qodef-layout--text-below qodef-image-hover--grayscale-to-color qodef--has-appear\">\n\t<div class=\"qodef-m-image\">\n\t\t\t<a class=\"qodef-magnific-popup qodef-popup-item\" itemprop=\"image\" href=\"https:\/\/luisyventura.es\/wp-content\/uploads\/2016\/10\/IMG_02321-1.jpg\" data-type=\"image\" title=\"\">\n\t\t\t<img loading=\"lazy\" decoding=\"async\" width=\"303\" height=\"450\" src=\"https:\/\/luisyventura.es\/wp-content\/uploads\/2016\/10\/IMG_02321-1.jpg\" class=\"attachment-full size-full\" alt=\"\" srcset=\"https:\/\/luisyventura.es\/wp-content\/uploads\/2016\/10\/IMG_02321-1.jpg 303w, https:\/\/luisyventura.es\/wp-content\/uploads\/2016\/10\/IMG_02321-1-202x300.jpg 202w\" sizes=\"(max-width: 303px) 100vw, 303px\" \/>\t\t\t<\/a>\n\t<\/div>\n\t<div class=\"qodef-m-content\">\n\t\t<div class=\"qodef-m-content-title-button\">\n\t\t\t\t<h5 class=\"qodef-m-title\" style=\"margin-top: 16px\">\n\t\t\t\t\tBaile nupcial\t\t\t<\/h5>\n\t\t\t\t\t<\/div>\n\t\t\t<h6 class=\"qodef-m-text\" style=\"margin-top: 2px\">\n\t\t30 \/ Octubre\/ 2023\t<\/h6>\n\t<\/div>\n<\/div>\n\t\t\t\t<\/div>\n\t\t\t\t<\/div>\n\t\t\t\t\t<\/div>\n\t\t<\/div>\n\t\t\t\t<div class=\"elementor-column elementor-col-33 elementor-top-column elementor-element elementor-element-2b1d0b9\" data-id=\"2b1d0b9\" data-element_type=\"column\" data-e-type=\"column\">\n\t\t\t<div class=\"elementor-widget-wrap elementor-element-populated\">\n\t\t\t\t\t\t<div class=\"elementor-element elementor-element-7560500 elementor-widget__width-initial elementor-widget elementor-widget-beatmove_core_image_with_text\" data-id=\"7560500\" data-element_type=\"widget\" data-e-type=\"widget\" data-widget_type=\"beatmove_core_image_with_text.default\">\n\t\t\t\t<div class=\"elementor-widget-container\">\n\t\t\t\t\t<div class=\"qodef-shortcode qodef-m qodef-image-with-text qodef-layout--text-below qodef-image-hover--grayscale-to-color qodef--has-appear\">\n\t<div class=\"qodef-m-image\">\n\t\t\t<a class=\"qodef-magnific-popup qodef-popup-item\" itemprop=\"image\" href=\"https:\/\/luisyventura.es\/wp-content\/uploads\/2016\/10\/IMG_02321-12.jpg\" data-type=\"image\" title=\"\">\n\t\t\t<img loading=\"lazy\" decoding=\"async\" width=\"338\" height=\"450\" src=\"https:\/\/luisyventura.es\/wp-content\/uploads\/2016\/10\/IMG_02321-12.jpg\" class=\"attachment-full size-full\" alt=\"\" srcset=\"https:\/\/luisyventura.es\/wp-content\/uploads\/2016\/10\/IMG_02321-12.jpg 338w, https:\/\/luisyventura.es\/wp-content\/uploads\/2016\/10\/IMG_02321-12-225x300.jpg 225w\" sizes=\"(max-width: 338px) 100vw, 338px\" \/>\t\t\t<\/a>\n\t<\/div>\n\t<div class=\"qodef-m-content\">\n\t\t<div class=\"qodef-m-content-title-button\">\n\t\t\t\t<h5 class=\"qodef-m-title\" style=\"margin-top: 16px\">\n\t\t\t\t\tBaile nupcial\t\t\t<\/h5>\n\t\t\t\t\t<\/div>\n\t\t\t<h6 class=\"qodef-m-text\" style=\"margin-top: 2px\">\n\t\t13 \/ Septiembre \/ 2023\t<\/h6>\n\t<\/div>\n<\/div>\n\t\t\t\t<\/div>\n\t\t\t\t<\/div>\n\t\t\t\t\t<\/div>\n\t\t<\/div>\n\t\t\t\t<div class=\"elementor-column elementor-col-33 elementor-top-column elementor-element elementor-element-595854d\" data-id=\"595854d\" data-element_type=\"column\" data-e-type=\"column\">\n\t\t\t<div class=\"elementor-widget-wrap elementor-element-populated\">\n\t\t\t\t\t\t<div class=\"elementor-element elementor-element-d72fe25 elementor-widget__width-initial elementor-widget elementor-widget-beatmove_core_image_with_text\" data-id=\"d72fe25\" data-element_type=\"widget\" data-e-type=\"widget\" data-widget_type=\"beatmove_core_image_with_text.default\">\n\t\t\t\t<div class=\"elementor-widget-container\">\n\t\t\t\t\t<div class=\"qodef-shortcode qodef-m qodef-image-with-text qodef-layout--text-below qodef-image-hover--grayscale-to-color qodef--has-appear\">\n\t<div class=\"qodef-m-image\">\n\t\t\t<a class=\"qodef-magnific-popup qodef-popup-item\" itemprop=\"image\" href=\"https:\/\/luisyventura.es\/wp-content\/uploads\/2016\/10\/IMG_02321-9.jpg\" data-type=\"image\" title=\"\">\n\t\t\t<img loading=\"lazy\" decoding=\"async\" width=\"338\" height=\"450\" src=\"https:\/\/luisyventura.es\/wp-content\/uploads\/2016\/10\/IMG_02321-9.jpg\" class=\"attachment-full size-full\" alt=\"\" srcset=\"https:\/\/luisyventura.es\/wp-content\/uploads\/2016\/10\/IMG_02321-9.jpg 338w, https:\/\/luisyventura.es\/wp-content\/uploads\/2016\/10\/IMG_02321-9-225x300.jpg 225w\" sizes=\"(max-width: 338px) 100vw, 338px\" \/>\t\t\t<\/a>\n\t<\/div>\n\t<div class=\"qodef-m-content\">\n\t\t<div class=\"qodef-m-content-title-button\">\n\t\t\t\t<h5 class=\"qodef-m-title\" style=\"margin-top: 16px\">\n\t\t\t\t\tBaile nupcial\t\t\t<\/h5>\n\t\t\t\t\t<\/div>\n\t\t\t<h6 class=\"qodef-m-text\" style=\"margin-top: 2px\">\n\t\t12 \/ Noviembre\/ 2024\t<\/h6>\n\t<\/div>\n<\/div>\n\t\t\t\t<\/div>\n\t\t\t\t<\/div>\n\t\t\t\t\t<\/div>\n\t\t<\/div>\n\t\t\t\t\t<\/div>\n\t\t<\/section>\n\t\t\t\t<\/div>\n\t\t","protected":false},"excerpt":{"rendered":"<p>Baile nupcial Sin duda el baile nupcial es uno de los momentos m\u00e1s esperados de la boda, pero tambi\u00e9n uno de los que m\u00e1s respeto les produce a los novios. [&hellip;]<\/p>\n","protected":false},"author":1,"featured_media":12968,"parent":0,"menu_order":0,"comment_status":"closed","ping_status":"closed","template":"page-full-width.php","meta":{"footnotes":""},"class_list":["post-13900","page","type-page","status-publish","has-post-thumbnail","hentry"],"_links":{"self":[{"href":"https:\/\/luisyventura.es\/index.php?rest_route=\/wp\/v2\/pages\/13900","targetHints":{"allow":["GET"]}}],"collection":[{"href":"https:\/\/luisyventura.es\/index.php?rest_route=\/wp\/v2\/pages"}],"about":[{"href":"https:\/\/luisyventura.es\/index.php?rest_route=\/wp\/v2\/types\/page"}],"author":[{"embeddable":true,"href":"https:\/\/luisyventura.es\/index.php?rest_route=\/wp\/v2\/users\/1"}],"replies":[{"embeddable":true,"href":"https:\/\/luisyventura.es\/index.php?rest_route=%2Fwp%2Fv2%2Fcomments&post=13900"}],"version-history":[{"count":25,"href":"https:\/\/luisyventura.es\/index.php?rest_route=\/wp\/v2\/pages\/13900\/revisions"}],"predecessor-version":[{"id":14188,"href":"https:\/\/luisyventura.es\/index.php?rest_route=\/wp\/v2\/pages\/13900\/revisions\/14188"}],"wp:featuredmedia":[{"embeddable":true,"href":"https:\/\/luisyventura.es\/index.php?rest_route=\/wp\/v2\/media\/12968"}],"wp:attachment":[{"href":"https:\/\/luisyventura.es\/index.php?rest_route=%2Fwp%2Fv2%2Fmedia&parent=13900"}],"curies":[{"name":"wp","href":"https:\/\/api.w.org\/{rel}","templated":true}]}}