{"id":13951,"date":"2026-04-07T14:05:13","date_gmt":"2026-04-07T12:05:13","guid":{"rendered":"https:\/\/www.luisyventura.es\/luisventuraweb2026\/?page_id=13951"},"modified":"2026-04-17T13:12:20","modified_gmt":"2026-04-17T11:12:20","slug":"modern-dance-7","status":"publish","type":"page","link":"https:\/\/luisyventura.es\/?page_id=13951","title":{"rendered":"INICIACI\u00d3N A LA DANZA PARA NI\u00d1OS"},"content":{"rendered":"\t\t<div data-elementor-type=\"wp-page\" data-elementor-id=\"13951\" class=\"elementor elementor-13951\">\n\t\t\t\t\t\t<section class=\"elementor-section elementor-top-section elementor-element elementor-element-b7f5136 elementor-section-full_width elementor-section-height-default elementor-section-height-default\" data-id=\"b7f5136\" data-element_type=\"section\" data-e-type=\"section\" data-settings=\"{&quot;background_background&quot;:&quot;classic&quot;}\">\n\t\t\t\t\t\t<div class=\"elementor-container elementor-column-gap-default\">\n\t\t\t\t\t<div class=\"elementor-column elementor-col-100 elementor-top-column elementor-element elementor-element-e4ce35a\" data-id=\"e4ce35a\" data-element_type=\"column\" data-e-type=\"column\">\n\t\t\t<div class=\"elementor-widget-wrap elementor-element-populated\">\n\t\t\t\t\t\t<div class=\"elementor-element elementor-element-f9473fa elementor-widget elementor-widget-slider_revolution\" data-id=\"f9473fa\" data-element_type=\"widget\" data-e-type=\"widget\" data-widget_type=\"slider_revolution.default\">\n\t\t\t\t\t\n\t\t<div class=\"wp-block-themepunch-revslider\">\n\t\t\t\t<p class=\"rs-p-wp-fix\"><\/p>\n\t\t\t\t<sr7-module data-alias=\"home-34\" data-id=\"29\" id=\"SR7_29_1\" class=\"rs-ov-hidden\" data-version=\"6.7.35\">\n\t\t\t\t\t<sr7-adjuster><\/sr7-adjuster>\n\t\t\t\t\t<sr7-content>\n\t\t\t\t\t\t<sr7-slide id=\"SR7_29_1-144\" data-key=\"144\">\n\t\t\t\t\t\t\t<sr7-bg id=\"SR7_29_1-144-5\" class=\"sr7-layer\"><noscript><img decoding=\"async\" src=\"https:\/\/luisyventura.es\/wp-content\/uploads\/2023\/01\/h5-img-07.jpg\" alt=\"d\" title=\"h5-img-07\"><\/noscript><\/sr7-bg>\n\t\t\t\t\t\t\t<sr7-txt id=\"SR7_29_1-144-1\" class=\"sr7-layer\">DANZA<\/sr7-txt>\n\t\t\t\t\t\t\t<sr7-txt id=\"SR7_29_1-144-4\" class=\"sr7-layer\">INICIACI\u00d3N<\/sr7-txt>\n\t\t\t\t\t\t<\/sr7-slide>\n\t\t\t\t\t\t<sr7-slide id=\"SR7_29_1-53\" data-key=\"53\">\n\t\t\t\t\t\t\t<sr7-bg id=\"SR7_29_1-53-5\" class=\"sr7-layer\"><noscript><img decoding=\"async\" src=\"https:\/\/luisyventura.es\/wp-content\/uploads\/2023\/04\/shop-13.jpg\" alt=\"h\" title=\"shop-13\"><\/noscript><\/sr7-bg>\n\t\t\t\t\t\t\t<sr7-txt id=\"SR7_29_1-53-1\" class=\"sr7-layer\">DANZA<\/sr7-txt>\n\t\t\t\t\t\t\t<sr7-txt id=\"SR7_29_1-53-4\" class=\"sr7-layer\">INICIACI\u00d3N<\/sr7-txt>\n\t\t\t\t\t\t<\/sr7-slide>\n\t\t\t\t\t\t<sr7-slide id=\"SR7_29_1-120\" data-key=\"120\">\n\t\t\t\t\t\t<\/sr7-slide>\n\t\t\t\t\t<\/sr7-content>\n\t\t\t\t\t<image_lists style=\"display:none\">\n\t\t\t\t\t\t<img data-src=\"\/\/luisyventura.es\/wp-content\/uploads\/2023\/04\/shop-13.jpg\" data-libid=\"9109\" data-lib=\"medialibrary\" alt=\"h\" title=\"shop-13\" width=\"0\" height=\"0\" data-dbsrc=\"Ly9sdWlzeXZlbnR1cmEuZXMvd3AtY29udGVudC91cGxvYWRzLzIwMjMvMDQvc2hvcC0xMy5qcGc=\"\/>\n\t\t\t\t\t\t<img data-src=\"\/\/www.luisyventura.es\/luisventuraweb2026\/wp-content\/uploads\/revslider\/home-3\/h3-rev-img-021.jpg\" data-libid=\"13118\" data-lib=\"medialibrary\" title=\"h3-rev-img-021.jpg\" width=\"0\" height=\"0\" data-dbsrc=\"Ly93d3cubHVpc3l2ZW50dXJhLmVzL2x1aXN2ZW50dXJhd2ViMjAyNi93cC1jb250ZW50L3VwbG9hZHMvcmV2c2xpZGVyL2hvbWUtMy9oMy1yZXYtaW1nLTAyMS5qcGc=\"\/>\n\t\t\t\t\t\t<img data-src=\"\/\/www.luisyventura.es\/luisventuraweb2026\/wp-content\/uploads\/revslider\/home-3\/h3-rev-img-031.jpg\" data-libid=\"13119\" data-lib=\"medialibrary\" title=\"h3-rev-img-031.jpg\" width=\"0\" height=\"0\" data-dbsrc=\"Ly93d3cubHVpc3l2ZW50dXJhLmVzL2x1aXN2ZW50dXJhd2ViMjAyNi93cC1jb250ZW50L3VwbG9hZHMvcmV2c2xpZGVyL2hvbWUtMy9oMy1yZXYtaW1nLTAzMS5qcGc=\"\/>\n\t\t\t\t\t\t<img loading=\"lazy\" data-src=\"\/\/luisyventura.es\/wp-content\/uploads\/2023\/01\/h5-img-07.jpg\" data-libid=\"911\" data-lib=\"medialibrary\" alt=\"d\" title=\"h5-img-07\" width=\"0\" height=\"0\" data-dbsrc=\"Ly9sdWlzeXZlbnR1cmEuZXMvd3AtY29udGVudC91cGxvYWRzLzIwMjMvMDEvaDUtaW1nLTA3LmpwZw==\"\/>\n\t\t\t\t\t<\/image_lists>\n\t\t\t\t<\/sr7-module>\n\t\t\t\t<script>\n\t\t\t\t\tSR7.PMH ??={}; SR7.PMH[\"SR7_29_1\"] = {cn:100,state:false,fn: function() { if (_tpt!==undefined && _tpt.prepareModuleHeight !== undefined) {  _tpt.prepareModuleHeight({id:\"SR7_29_1\",el:[889.995,889.995,450,589,480],type:'standard',shdw:'0',gh:[890,890,450,589,480],gw:[1240,1240,1024,778,300],vpt:['-200px&#039;,&#039;-200px&#039;,&#039;-200px&#039;,&#039;-200px&#039;,&#039;-200px'],size:{fullWidth:true, fullHeight:false},mh:'0',onh:0,onw:0,bg:{color:'{\"orig\":\"transparent\",\"type\":\"solid\",\"string\":\"transparent\"}'}});   SR7.PMH[\"SR7_29_1\"].state=true;} else if(SR7.PMH[\"SR7_29_1\"].cn-->0)\tsetTimeout( SR7.PMH[\"SR7_29_1\"].fn,19);}};SR7.PMH[\"SR7_29_1\" ].fn();\n\t\t\t\t<\/script>\n<\/div>\n\n\t\t\t\t\t\t<\/div>\n\t\t\t\t\t<\/div>\n\t\t<\/div>\n\t\t\t\t\t<\/div>\n\t\t<\/section>\n\t\t\t\t<section class=\"elementor-section elementor-top-section elementor-element elementor-element-f1b609d elementor-reverse-tablet elementor-reverse-mobile elementor-section-full_width elementor-section-height-default elementor-section-height-default\" data-id=\"f1b609d\" data-element_type=\"section\" data-e-type=\"section\" data-settings=\"{&quot;background_background&quot;:&quot;classic&quot;}\">\n\t\t\t\t\t\t<div class=\"elementor-container elementor-column-gap-no\">\n\t\t\t\t\t<div class=\"elementor-column elementor-col-50 elementor-top-column elementor-element elementor-element-0327895\" data-id=\"0327895\" data-element_type=\"column\" data-e-type=\"column\" data-settings=\"{&quot;background_background&quot;:&quot;classic&quot;}\">\n\t\t\t<div class=\"elementor-widget-wrap elementor-element-populated\">\n\t\t\t\t\t\t<div class=\"elementor-element elementor-element-3c29a5c elementor-widget__width-auto elementor-widget elementor-widget-beatmove_core_single_image\" data-id=\"3c29a5c\" data-element_type=\"widget\" data-e-type=\"widget\" data-widget_type=\"beatmove_core_single_image.default\">\n\t\t\t\t<div class=\"elementor-widget-container\">\n\t\t\t\t\t<div class=\"qodef-shortcode qodef-m qodef-single-image qodef-layout--default\">\n\t\t\t<div class=\"qodef-m-image\">\n\t\t\t\t\t\t\t\t<img loading=\"lazy\" decoding=\"async\" width=\"250\" height=\"250\" src=\"https:\/\/luisyventura.es\/wp-content\/uploads\/2016\/09\/actChild.png\" class=\"attachment-beatmove_core_image_size_landscape size-beatmove_core_image_size_landscape\" alt=\"\" srcset=\"https:\/\/luisyventura.es\/wp-content\/uploads\/2016\/09\/actChild.png 250w, https:\/\/luisyventura.es\/wp-content\/uploads\/2016\/09\/actChild-150x150.png 150w\" sizes=\"(max-width: 250px) 100vw, 250px\" \/>\t\t\t\t\t\t\t<\/div>\n\t<\/div>\n\t\t\t\t<\/div>\n\t\t\t\t<\/div>\n\t\t\t\t<div class=\"elementor-element elementor-element-322a1b5 elementor-widget elementor-widget-text-editor\" data-id=\"322a1b5\" data-element_type=\"widget\" data-e-type=\"widget\" data-widget_type=\"text-editor.default\">\n\t\t\t\t\t\t\t\t\t<audio class=\"wp-audio-shortcode\" id=\"audio-13951-1\" loop autoplay preload=\"none\" style=\"width: 100%;\" controls=\"controls\"><source type=\"audio\/mpeg\" src=\"https:\/\/www.luisyventura.es\/wp-content\/uploads\/2016\/09\/musica-clara-danza-contemporaneaResolve-Nathan-Lanier.mp3?_=1\" \/><a href=\"https:\/\/www.luisyventura.es\/wp-content\/uploads\/2016\/09\/musica-clara-danza-contemporaneaResolve-Nathan-Lanier.mp3\">https:\/\/www.luisyventura.es\/wp-content\/uploads\/2016\/09\/musica-clara-danza-contemporaneaResolve-Nathan-Lanier.mp3<\/a><\/audio>\t\t\t\t\t\t\t\t<\/div>\n\t\t\t\t\t<\/div>\n\t\t<\/div>\n\t\t\t\t<div class=\"elementor-column elementor-col-50 elementor-top-column elementor-element elementor-element-806f063\" data-id=\"806f063\" data-element_type=\"column\" data-e-type=\"column\">\n\t\t\t<div class=\"elementor-widget-wrap elementor-element-populated\">\n\t\t\t\t\t\t<div class=\"elementor-element elementor-element-7ca9e81 elementor-widget elementor-widget-beatmove_core_section_title\" data-id=\"7ca9e81\" data-element_type=\"widget\" data-e-type=\"widget\" data-widget_type=\"beatmove_core_section_title.default\">\n\t\t\t\t<div class=\"elementor-widget-container\">\n\t\t\t\t\t<div class=\"qodef-shortcode qodef-m qodef-section-title qodef--has-appear qodef-alignment--left\">\n\t\t<h1 class=\"qodef-m-title\" >\n\t\t\t\t\t<span class=\"qodef--line-holder\"><span class=\"qodef--line\">Iniciaci\u00f3n a<\/span><\/span> <span class=\"qodef--line-holder\"><span class=\"qodef--line\"><span class=\"qodef-e-indent\"><\/span> la danza para ni\u00f1os<\/span><\/span>\t\t\t<\/h1>\n\t<\/div>\n\t\t\t\t<\/div>\n\t\t\t\t<\/div>\n\t\t\t\t<div class=\"elementor-element elementor-element-44429b7 elementor-widget elementor-widget-text-editor\" data-id=\"44429b7\" data-element_type=\"widget\" data-e-type=\"widget\" data-widget_type=\"text-editor.default\">\n\t\t\t\t\t\t\t\t\t<p>La\u00a0danza\u00a0en los\u00a0ni\u00f1os. La\u00a0danza\u00a0es una forma de comunicaci\u00f3n art\u00edstica y de expresi\u00f3n de emociones, sentimientos, pensamientos, im\u00e1genes y estados de \u00e1nimo del ser humano. Tambi\u00e9n es un medio\u00a0para\u00a0entretenerse, divertirse y disfrutar\u00a0con\u00a0movimientos r\u00edtmicos del cuerpo.<\/p><p><strong>Beneficios:<\/strong><\/p><p>&#8211; Desarrollo Psicomotriz y Equilibrio<\/p><p>&#8211; Socializaci\u00f3n y Trabajo en Equipo<\/p><p>&#8211; Estimulaci\u00f3n de la Memoria y Disciplina<\/p>\t\t\t\t\t\t\t\t<\/div>\n\t\t\t\t<div class=\"elementor-element elementor-element-ecbe2ba elementor-widget elementor-widget-beatmove_core_button\" data-id=\"ecbe2ba\" data-element_type=\"widget\" data-e-type=\"widget\" data-widget_type=\"beatmove_core_button.default\">\n\t\t\t\t<div class=\"elementor-widget-container\">\n\t\t\t\t\t<a class=\"qodef-shortcode qodef-m qodef-button qodef-layout--textual qodef-html--link\" href=\"https:\/\/www.luisyventura.es\/?page_id=3507\" target=\"_self\"  >\n\t<span class=\"qodef-m-text\">Ver horarios<\/span><svg class=\"qodef-svg--custom-arrow qodef-m-arrow\" xmlns=\"http:\/\/www.w3.org\/2000\/svg\" width=\"14.2\" height=\"14.2\" viewBox=\"0 0 14.2 14.2\"><g><path d=\"M13.2 9V1h-8M13.4.8.7 13.5\"\/><path d=\"M13.2 9V1h-8M13.4.8.7 13.5\"\/><\/g><g><path d=\"M13.2 9V1h-8M13.4.8.7 13.5\"\/><path d=\"M13.2 9V1h-8M13.4.8.7 13.5\"\/><\/g><\/svg><\/a>\n\t\t\t\t<\/div>\n\t\t\t\t<\/div>\n\t\t\t\t\t<\/div>\n\t\t<\/div>\n\t\t\t\t\t<\/div>\n\t\t<\/section>\n\t\t\t\t<section class=\"elementor-section elementor-top-section elementor-element elementor-element-12bacac elementor-section-full_width elementor-section-height-default elementor-section-height-default\" data-id=\"12bacac\" data-element_type=\"section\" data-e-type=\"section\" data-settings=\"{&quot;background_background&quot;:&quot;classic&quot;}\">\n\t\t\t\t\t\t<div class=\"elementor-container elementor-column-gap-no\">\n\t\t\t\t\t<div class=\"elementor-column elementor-col-33 elementor-top-column elementor-element elementor-element-7f4a84d\" data-id=\"7f4a84d\" data-element_type=\"column\" data-e-type=\"column\">\n\t\t\t<div class=\"elementor-widget-wrap elementor-element-populated\">\n\t\t\t\t\t\t<div class=\"elementor-element elementor-element-c8b6286 elementor-widget__width-initial elementor-widget elementor-widget-beatmove_core_image_with_text\" data-id=\"c8b6286\" data-element_type=\"widget\" data-e-type=\"widget\" data-widget_type=\"beatmove_core_image_with_text.default\">\n\t\t\t\t<div class=\"elementor-widget-container\">\n\t\t\t\t\t<div class=\"qodef-shortcode qodef-m qodef-image-with-text qodef-layout--text-below qodef-image-hover--grayscale-to-color qodef--has-appear\">\n\t<div class=\"qodef-m-image\">\n\t\t\t<a class=\"qodef-magnific-popup qodef-popup-item\" itemprop=\"image\" href=\"https:\/\/luisyventura.es\/wp-content\/uploads\/2016\/09\/IMG_9965-scaled.jpg\" data-type=\"image\" title=\"\">\n\t\t\t<img loading=\"lazy\" decoding=\"async\" width=\"2560\" height=\"1920\" src=\"https:\/\/luisyventura.es\/wp-content\/uploads\/2016\/09\/IMG_9965-scaled.jpg\" class=\"attachment-full size-full\" alt=\"\" srcset=\"https:\/\/luisyventura.es\/wp-content\/uploads\/2016\/09\/IMG_9965-scaled.jpg 2560w, https:\/\/luisyventura.es\/wp-content\/uploads\/2016\/09\/IMG_9965-300x225.jpg 300w, https:\/\/luisyventura.es\/wp-content\/uploads\/2016\/09\/IMG_9965-1024x768.jpg 1024w, https:\/\/luisyventura.es\/wp-content\/uploads\/2016\/09\/IMG_9965-768x576.jpg 768w, https:\/\/luisyventura.es\/wp-content\/uploads\/2016\/09\/IMG_9965-1536x1152.jpg 1536w, https:\/\/luisyventura.es\/wp-content\/uploads\/2016\/09\/IMG_9965-2048x1536.jpg 2048w\" sizes=\"(max-width: 2560px) 100vw, 2560px\" \/>\t\t\t<\/a>\n\t<\/div>\n\t<div class=\"qodef-m-content\">\n\t\t<div class=\"qodef-m-content-title-button\">\n\t\t\t\t<h5 class=\"qodef-m-title\" style=\"margin-top: 16px\">\n\t\t\t\t\tCubb\u00e1 infantil\t\t\t<\/h5>\n\t\t\t\t\t<\/div>\n\t\t\t<h6 class=\"qodef-m-text\" style=\"margin-top: 2px\">\n\t\t30 \/ Octubre\/ 2023\t<\/h6>\n\t<\/div>\n<\/div>\n\t\t\t\t<\/div>\n\t\t\t\t<\/div>\n\t\t\t\t\t<\/div>\n\t\t<\/div>\n\t\t\t\t<div class=\"elementor-column elementor-col-33 elementor-top-column elementor-element elementor-element-2b1d0b9\" data-id=\"2b1d0b9\" data-element_type=\"column\" data-e-type=\"column\">\n\t\t\t<div class=\"elementor-widget-wrap elementor-element-populated\">\n\t\t\t\t\t\t<div class=\"elementor-element elementor-element-7560500 elementor-widget__width-initial elementor-widget elementor-widget-beatmove_core_image_with_text\" data-id=\"7560500\" data-element_type=\"widget\" data-e-type=\"widget\" data-widget_type=\"beatmove_core_image_with_text.default\">\n\t\t\t\t<div class=\"elementor-widget-container\">\n\t\t\t\t\t<div class=\"qodef-shortcode qodef-m qodef-image-with-text qodef-layout--text-below qodef-image-hover--grayscale-to-color qodef--has-appear\">\n\t<div class=\"qodef-m-image\">\n\t\t\t<a class=\"qodef-magnific-popup qodef-popup-item\" itemprop=\"image\" href=\"https:\/\/luisyventura.es\/wp-content\/uploads\/2016\/09\/petarditos-crew-martes-1.jpg\" data-type=\"image\" title=\"\">\n\t\t\t<img loading=\"lazy\" decoding=\"async\" width=\"2048\" height=\"1536\" src=\"https:\/\/luisyventura.es\/wp-content\/uploads\/2016\/09\/petarditos-crew-martes-1.jpg\" class=\"attachment-full size-full\" alt=\"\" srcset=\"https:\/\/luisyventura.es\/wp-content\/uploads\/2016\/09\/petarditos-crew-martes-1.jpg 2048w, https:\/\/luisyventura.es\/wp-content\/uploads\/2016\/09\/petarditos-crew-martes-1-300x225.jpg 300w, https:\/\/luisyventura.es\/wp-content\/uploads\/2016\/09\/petarditos-crew-martes-1-1024x768.jpg 1024w, https:\/\/luisyventura.es\/wp-content\/uploads\/2016\/09\/petarditos-crew-martes-1-768x576.jpg 768w, https:\/\/luisyventura.es\/wp-content\/uploads\/2016\/09\/petarditos-crew-martes-1-1536x1152.jpg 1536w\" sizes=\"(max-width: 2048px) 100vw, 2048px\" \/>\t\t\t<\/a>\n\t<\/div>\n\t<div class=\"qodef-m-content\">\n\t\t<div class=\"qodef-m-content-title-button\">\n\t\t\t\t<h5 class=\"qodef-m-title\" style=\"margin-top: 16px\">\n\t\t\t\t\tHip-hop infantil\t\t\t<\/h5>\n\t\t\t\t\t<\/div>\n\t\t\t<h6 class=\"qodef-m-text\" style=\"margin-top: 2px\">\n\t\t13 \/ Septiembre \/ 2023\t<\/h6>\n\t<\/div>\n<\/div>\n\t\t\t\t<\/div>\n\t\t\t\t<\/div>\n\t\t\t\t\t<\/div>\n\t\t<\/div>\n\t\t\t\t<div class=\"elementor-column elementor-col-33 elementor-top-column elementor-element elementor-element-595854d\" data-id=\"595854d\" data-element_type=\"column\" data-e-type=\"column\">\n\t\t\t<div class=\"elementor-widget-wrap elementor-element-populated\">\n\t\t\t\t\t\t<div class=\"elementor-element elementor-element-d72fe25 elementor-widget__width-initial elementor-widget elementor-widget-beatmove_core_image_with_text\" data-id=\"d72fe25\" data-element_type=\"widget\" data-e-type=\"widget\" data-widget_type=\"beatmove_core_image_with_text.default\">\n\t\t\t\t<div class=\"elementor-widget-container\">\n\t\t\t\t\t<div class=\"qodef-shortcode qodef-m qodef-image-with-text qodef-layout--text-below qodef-image-hover--grayscale-to-color qodef--has-appear\">\n\t<div class=\"qodef-m-image\">\n\t\t\t<a class=\"qodef-magnific-popup qodef-popup-item\" itemprop=\"image\" href=\"https:\/\/luisyventura.es\/wp-content\/uploads\/2017\/01\/IMG_4943-scaled.jpeg\" data-type=\"image\" title=\"\">\n\t\t\t<img loading=\"lazy\" decoding=\"async\" width=\"2560\" height=\"1920\" src=\"https:\/\/luisyventura.es\/wp-content\/uploads\/2017\/01\/IMG_4943-scaled.jpeg\" class=\"attachment-full size-full\" alt=\"\" srcset=\"https:\/\/luisyventura.es\/wp-content\/uploads\/2017\/01\/IMG_4943-scaled.jpeg 2560w, https:\/\/luisyventura.es\/wp-content\/uploads\/2017\/01\/IMG_4943-300x225.jpeg 300w, https:\/\/luisyventura.es\/wp-content\/uploads\/2017\/01\/IMG_4943-1024x768.jpeg 1024w, https:\/\/luisyventura.es\/wp-content\/uploads\/2017\/01\/IMG_4943-768x576.jpeg 768w, https:\/\/luisyventura.es\/wp-content\/uploads\/2017\/01\/IMG_4943-1536x1152.jpeg 1536w, https:\/\/luisyventura.es\/wp-content\/uploads\/2017\/01\/IMG_4943-2048x1536.jpeg 2048w\" sizes=\"(max-width: 2560px) 100vw, 2560px\" \/>\t\t\t<\/a>\n\t<\/div>\n\t<div class=\"qodef-m-content\">\n\t\t<div class=\"qodef-m-content-title-button\">\n\t\t\t\t<h5 class=\"qodef-m-title\" style=\"margin-top: 16px\">\n\t\t\t\t\tDanza infantil\t\t\t<\/h5>\n\t\t\t\t\t<\/div>\n\t\t\t<h6 class=\"qodef-m-text\" style=\"margin-top: 2px\">\n\t\t12 \/ Noviembre\/ 2024\t<\/h6>\n\t<\/div>\n<\/div>\n\t\t\t\t<\/div>\n\t\t\t\t<\/div>\n\t\t\t\t\t<\/div>\n\t\t<\/div>\n\t\t\t\t\t<\/div>\n\t\t<\/section>\n\t\t\t\t<\/div>\n\t\t","protected":false},"excerpt":{"rendered":"<p>Iniciaci\u00f3n a la danza para ni\u00f1os La\u00a0danza\u00a0en los\u00a0ni\u00f1os. La\u00a0danza\u00a0es una forma de comunicaci\u00f3n art\u00edstica y de expresi\u00f3n de emociones, sentimientos, pensamientos, im\u00e1genes y estados de \u00e1nimo del ser humano. Tambi\u00e9n [&hellip;]<\/p>\n","protected":false},"author":1,"featured_media":12968,"parent":0,"menu_order":0,"comment_status":"closed","ping_status":"closed","template":"page-full-width.php","meta":{"footnotes":""},"class_list":["post-13951","page","type-page","status-publish","has-post-thumbnail","hentry"],"_links":{"self":[{"href":"https:\/\/luisyventura.es\/index.php?rest_route=\/wp\/v2\/pages\/13951","targetHints":{"allow":["GET"]}}],"collection":[{"href":"https:\/\/luisyventura.es\/index.php?rest_route=\/wp\/v2\/pages"}],"about":[{"href":"https:\/\/luisyventura.es\/index.php?rest_route=\/wp\/v2\/types\/page"}],"author":[{"embeddable":true,"href":"https:\/\/luisyventura.es\/index.php?rest_route=\/wp\/v2\/users\/1"}],"replies":[{"embeddable":true,"href":"https:\/\/luisyventura.es\/index.php?rest_route=%2Fwp%2Fv2%2Fcomments&post=13951"}],"version-history":[{"count":14,"href":"https:\/\/luisyventura.es\/index.php?rest_route=\/wp\/v2\/pages\/13951\/revisions"}],"predecessor-version":[{"id":14201,"href":"https:\/\/luisyventura.es\/index.php?rest_route=\/wp\/v2\/pages\/13951\/revisions\/14201"}],"wp:featuredmedia":[{"embeddable":true,"href":"https:\/\/luisyventura.es\/index.php?rest_route=\/wp\/v2\/media\/12968"}],"wp:attachment":[{"href":"https:\/\/luisyventura.es\/index.php?rest_route=%2Fwp%2Fv2%2Fmedia&parent=13951"}],"curies":[{"name":"wp","href":"https:\/\/api.w.org\/{rel}","templated":true}]}}