{"id":14046,"date":"2026-04-10T12:07:53","date_gmt":"2026-04-10T10:07:53","guid":{"rendered":"https:\/\/www.luisyventura.es\/luisventuraweb2026\/?page_id=14046"},"modified":"2026-04-17T12:15:06","modified_gmt":"2026-04-17T10:15:06","slug":"clases-particulares","status":"publish","type":"page","link":"https:\/\/luisyventura.es\/?page_id=14046","title":{"rendered":"Clases particulares"},"content":{"rendered":"\t\t<div data-elementor-type=\"wp-page\" data-elementor-id=\"14046\" class=\"elementor elementor-14046\">\n\t\t\t\t\t\t<section class=\"elementor-section elementor-top-section elementor-element elementor-element-b7f5136 elementor-section-full_width elementor-section-height-default elementor-section-height-default\" data-id=\"b7f5136\" data-element_type=\"section\" data-e-type=\"section\" data-settings=\"{&quot;background_background&quot;:&quot;classic&quot;}\">\n\t\t\t\t\t\t<div class=\"elementor-container elementor-column-gap-default\">\n\t\t\t\t\t<div class=\"elementor-column elementor-col-100 elementor-top-column elementor-element elementor-element-e4ce35a\" data-id=\"e4ce35a\" data-element_type=\"column\" data-e-type=\"column\">\n\t\t\t<div class=\"elementor-widget-wrap elementor-element-populated\">\n\t\t\t\t\t\t<div class=\"elementor-element elementor-element-f9473fa elementor-widget elementor-widget-slider_revolution\" data-id=\"f9473fa\" data-element_type=\"widget\" data-e-type=\"widget\" data-widget_type=\"slider_revolution.default\">\n\t\t\t\t\t\n\t\t<div class=\"wp-block-themepunch-revslider\">\n\t\t\t\t<p class=\"rs-p-wp-fix\"><\/p>\n\t\t\t\t<sr7-module data-alias=\"home-35\" data-id=\"36\" id=\"SR7_36_1\" class=\"rs-ov-hidden\" data-version=\"6.7.35\">\n\t\t\t\t\t<sr7-adjuster><\/sr7-adjuster>\n\t\t\t\t\t<sr7-content>\n\t\t\t\t\t\t<sr7-slide id=\"SR7_36_1-67\" data-key=\"67\">\n\t\t\t\t\t\t\t<sr7-bg id=\"SR7_36_1-67-5\" class=\"sr7-layer\"><noscript><img decoding=\"async\" src=\"https:\/\/luisyventura.es\/wp-content\/uploads\/revslider\/home-3\/h3-rev-img-031.jpg\" alt=\"\" title=\"h3-rev-img-031.jpg\"><\/noscript><\/sr7-bg>\n\t\t\t\t\t\t\t<sr7-txt id=\"SR7_36_1-67-0\" class=\"sr7-layer\">CLASES<\/sr7-txt>\n\t\t\t\t\t\t\t<sr7-txt id=\"SR7_36_1-67-4\" class=\"sr7-layer\">PARTICULARES<\/sr7-txt>\n\t\t\t\t\t\t<\/sr7-slide>\n\t\t\t\t\t\t<sr7-slide id=\"SR7_36_1-143\" data-key=\"143\">\n\t\t\t\t\t\t\t<sr7-bg id=\"SR7_36_1-143-5\" class=\"sr7-layer\"><noscript><img decoding=\"async\" src=\"https:\/\/luisyventura.es\/wp-content\/uploads\/revslider\/home-3\/h3-rev-img-021.jpg\" alt=\"\" title=\"h3-rev-img-021.jpg\"><\/noscript><\/sr7-bg>\n\t\t\t\t\t\t\t<sr7-txt id=\"SR7_36_1-143-0\" class=\"sr7-layer\">CLASES<\/sr7-txt>\n\t\t\t\t\t\t\t<sr7-txt id=\"SR7_36_1-143-4\" class=\"sr7-layer\">PARTICULARES<\/sr7-txt>\n\t\t\t\t\t\t<\/sr7-slide>\n\t\t\t\t\t\t<sr7-slide id=\"SR7_36_1-127\" data-key=\"127\">\n\t\t\t\t\t\t<\/sr7-slide>\n\t\t\t\t\t<\/sr7-content>\n\t\t\t\t\t<image_lists style=\"display:none\">\n\t\t\t\t\t\t<img data-src=\"\/\/luisyventura.es\/wp-content\/uploads\/revslider\/home-3\/h3-rev-img-031.jpg\" data-libid=\"13119\" data-lib=\"medialibrary\" title=\"h3-rev-img-031.jpg\" width=\"0\" height=\"0\" data-dbsrc=\"Ly9sdWlzeXZlbnR1cmEuZXMvd3AtY29udGVudC91cGxvYWRzL3JldnNsaWRlci9ob21lLTMvaDMtcmV2LWltZy0wMzEuanBn\"\/>\n\t\t\t\t\t\t<img data-src=\"\/\/www.luisyventura.es\/luisventuraweb2026\/wp-content\/uploads\/revslider\/home-3\/h3-rev-img-031.jpg\" data-libid=\"13119\" data-lib=\"medialibrary\" title=\"h3-rev-img-031.jpg\" width=\"0\" height=\"0\" data-dbsrc=\"Ly93d3cubHVpc3l2ZW50dXJhLmVzL2x1aXN2ZW50dXJhd2ViMjAyNi93cC1jb250ZW50L3VwbG9hZHMvcmV2c2xpZGVyL2hvbWUtMy9oMy1yZXYtaW1nLTAzMS5qcGc=\"\/>\n\t\t\t\t\t\t<img data-src=\"\/\/luisyventura.es\/wp-content\/uploads\/revslider\/home-3\/h3-rev-img-021.jpg\" data-libid=\"13118\" data-lib=\"medialibrary\" title=\"h3-rev-img-021.jpg\" width=\"0\" height=\"0\" data-dbsrc=\"Ly9sdWlzeXZlbnR1cmEuZXMvd3AtY29udGVudC91cGxvYWRzL3JldnNsaWRlci9ob21lLTMvaDMtcmV2LWltZy0wMjEuanBn\"\/>\n\t\t\t\t\t<\/image_lists>\n\t\t\t\t<\/sr7-module>\n\t\t\t\t<script>\n\t\t\t\t\tSR7.PMH ??={}; SR7.PMH[\"SR7_36_1\"] = {cn:100,state:false,fn: function() { if (_tpt!==undefined && _tpt.prepareModuleHeight !== undefined) {  _tpt.prepareModuleHeight({id:\"SR7_36_1\",el:[889.995,889.995,450,589,480],type:'standard',shdw:'0',gh:[890,890,450,589,480],gw:[1240,1240,1024,778,300],vpt:['-200px&#039;,&#039;-200px&#039;,&#039;-200px&#039;,&#039;-200px&#039;,&#039;-200px'],size:{fullWidth:true, fullHeight:false},mh:'0',onh:0,onw:0,bg:{color:'{\"orig\":\"transparent\",\"type\":\"solid\",\"string\":\"transparent\"}'}});   SR7.PMH[\"SR7_36_1\"].state=true;} else if(SR7.PMH[\"SR7_36_1\"].cn-->0)\tsetTimeout( SR7.PMH[\"SR7_36_1\"].fn,19);}};SR7.PMH[\"SR7_36_1\" ].fn();\n\t\t\t\t<\/script>\n<\/div>\n\n\t\t\t\t\t\t<\/div>\n\t\t\t\t\t<\/div>\n\t\t<\/div>\n\t\t\t\t\t<\/div>\n\t\t<\/section>\n\t\t\t\t<section class=\"elementor-section elementor-top-section elementor-element elementor-element-f1b609d elementor-reverse-tablet elementor-reverse-mobile elementor-section-full_width elementor-section-height-default elementor-section-height-default\" data-id=\"f1b609d\" data-element_type=\"section\" data-e-type=\"section\" data-settings=\"{&quot;background_background&quot;:&quot;classic&quot;}\">\n\t\t\t\t\t\t<div class=\"elementor-container elementor-column-gap-no\">\n\t\t\t\t\t<div class=\"elementor-column elementor-col-50 elementor-top-column elementor-element elementor-element-0327895\" data-id=\"0327895\" data-element_type=\"column\" data-e-type=\"column\" data-settings=\"{&quot;background_background&quot;:&quot;classic&quot;}\">\n\t\t\t<div class=\"elementor-widget-wrap elementor-element-populated\">\n\t\t\t\t\t\t<div class=\"elementor-element elementor-element-3c29a5c elementor-widget__width-auto elementor-widget elementor-widget-beatmove_core_single_image\" data-id=\"3c29a5c\" data-element_type=\"widget\" data-e-type=\"widget\" data-widget_type=\"beatmove_core_single_image.default\">\n\t\t\t\t<div class=\"elementor-widget-container\">\n\t\t\t\t\t<div class=\"qodef-shortcode qodef-m qodef-single-image qodef-layout--default\">\n\t\t\t<div class=\"qodef-m-image\">\n\t\t\t\t\t\t\t\t<img loading=\"lazy\" decoding=\"async\" width=\"664\" height=\"664\" src=\"https:\/\/luisyventura.es\/wp-content\/uploads\/2023\/02\/p1-instagram-img-01.jpg\" class=\"attachment-full size-full\" alt=\"\" srcset=\"https:\/\/luisyventura.es\/wp-content\/uploads\/2023\/02\/p1-instagram-img-01.jpg 664w, https:\/\/luisyventura.es\/wp-content\/uploads\/2023\/02\/p1-instagram-img-01-300x300.jpg 300w, https:\/\/luisyventura.es\/wp-content\/uploads\/2023\/02\/p1-instagram-img-01-150x150.jpg 150w, https:\/\/luisyventura.es\/wp-content\/uploads\/2023\/02\/p1-instagram-img-01-650x650.jpg 650w, https:\/\/luisyventura.es\/wp-content\/uploads\/2023\/02\/p1-instagram-img-01-600x600.jpg 600w, https:\/\/luisyventura.es\/wp-content\/uploads\/2023\/02\/p1-instagram-img-01-100x100.jpg 100w\" sizes=\"(max-width: 664px) 100vw, 664px\" \/>\t\t\t\t\t\t\t<\/div>\n\t<\/div>\n\t\t\t\t<\/div>\n\t\t\t\t<\/div>\n\t\t\t\t\t<\/div>\n\t\t<\/div>\n\t\t\t\t<div class=\"elementor-column elementor-col-50 elementor-top-column elementor-element elementor-element-806f063\" data-id=\"806f063\" data-element_type=\"column\" data-e-type=\"column\">\n\t\t\t<div class=\"elementor-widget-wrap elementor-element-populated\">\n\t\t\t\t\t\t<div class=\"elementor-element elementor-element-7ca9e81 elementor-widget elementor-widget-beatmove_core_section_title\" data-id=\"7ca9e81\" data-element_type=\"widget\" data-e-type=\"widget\" data-widget_type=\"beatmove_core_section_title.default\">\n\t\t\t\t<div class=\"elementor-widget-container\">\n\t\t\t\t\t<div class=\"qodef-shortcode qodef-m qodef-section-title qodef--has-appear qodef-alignment--left\">\n\t\t<h1 class=\"qodef-m-title\" >\n\t\t\t\t\t<span class=\"qodef--line-holder\"><span class=\"qodef--line\">Clases particulares<\/span><\/span> <span class=\"qodef--line-holder\"><span class=\"qodef--line\"><span class=\"qodef-e-indent\"><\/span><\/span><\/span>\t\t\t<\/h1>\n\t<\/div>\n\t\t\t\t<\/div>\n\t\t\t\t<\/div>\n\t\t\t\t<div class=\"elementor-element elementor-element-44429b7 elementor-widget elementor-widget-text-editor\" data-id=\"44429b7\" data-element_type=\"widget\" data-e-type=\"widget\" data-widget_type=\"text-editor.default\">\n\t\t\t\t\t\t\t\t\t<div class=\"Y3BBE\" data-sfc-cp=\"\" data-sfc-root=\"c\" data-sfc-cb=\"\" data-hveid=\"CAEIAhAA\" data-complete=\"true\" data-processed=\"true\"><strong class=\"Yjhzub\" data-sfc-root=\"c\" data-sfc-cb=\"\" data-complete=\"true\" data-processed=\"true\">\u00bfQuieres perfeccionar tu estilo? Clases Particulares de Baile\u00a0<\/strong><\/div><div class=\"Y3BBE\" data-sfc-cp=\"\" data-sfc-root=\"c\" data-sfc-cb=\"\" data-hveid=\"CAEIAxAA\" data-complete=\"true\" data-processed=\"true\">Si buscas atenci\u00f3n personalizada para avanzar m\u00e1s r\u00e1pido, nuestras clases individuales son para ti. En nuestra escuela de baile<strong> Luis y Ventura<\/strong>, te ayudamos a soltarte y brillar en la pista.<\/div><div data-sfc-cp=\"\" data-sfc-root=\"c\" data-sfc-cb=\"\" data-hveid=\"CAEIBBAA\" data-complete=\"true\" data-processed=\"true\">\u00a0<\/div><ul><li class=\"Y3BBE\" data-sfc-root=\"c\" data-hveid=\"CAEIBBAA\" data-complete=\"true\" data-processed=\"true\"><strong class=\"Yjhzub\" data-sfc-root=\"c\" data-sfc-cb=\"\" data-complete=\"true\" data-processed=\"true\">Especialidades:<\/strong><ul><li data-sfc-root=\"c\" data-hveid=\"CAEIBBAA\" data-complete=\"true\" data-processed=\"true\">Bailes de sal\u00f3n y latinos<\/li><li data-sfc-root=\"c\" data-hveid=\"CAEIBBAA\" data-complete=\"true\" data-processed=\"true\">Estilos urbanos<\/li><li data-sfc-root=\"c\" data-hveid=\"CAEIBBAA\" data-complete=\"true\" data-processed=\"true\">Lady style<\/li><\/ul><\/li><li class=\"Y3BBE\" data-sfc-root=\"c\" data-hveid=\"CAEIBBAA\" data-complete=\"true\" data-processed=\"true\"><strong class=\"Yjhzub\" style=\"letter-spacing: -0.01em;\" data-sfc-root=\"c\" data-sfc-cb=\"\" data-complete=\"true\" data-processed=\"true\">Nivel:<\/strong><span style=\"letter-spacing: -0.01em;\">\u00a0Desde cero hasta perfeccionamiento t\u00e9cnico.<\/span><\/li><\/ul><div data-sfc-cp=\"\" data-sfc-root=\"c\" data-sfc-cb=\"\" data-hveid=\"CAEIBRAA\" data-complete=\"true\" data-processed=\"true\">\u00a0<\/div><div class=\"Y3BBE\" data-sfc-cp=\"\" data-sfc-root=\"c\" data-sfc-cb=\"\" data-hveid=\"CAEIBRAA\" data-complete=\"true\" data-processed=\"true\"><strong>\u00a1Reserva tu sesi\u00f3n y baila con total confianza!<\/strong><\/div><div class=\"Fsg96\" data-sfc-cp=\"\" data-sfc-root=\"c\" data-sfc-cb=\"\" data-complete=\"true\" data-processed=\"true\">\u00a0<\/div><hr class=\"j3tEEe\" data-sfc-root=\"c\" data-sfc-pl=\"|[]\" data-sfc-cb=\"\" data-complete=\"true\" data-processed=\"true\" data-sae=\"\" \/><div class=\"Fsg96\" data-sfc-cp=\"\" data-sfc-root=\"c\" data-sfc-cb=\"\" data-complete=\"true\" data-processed=\"true\">\u00a0<\/div><p><strong>Horarios a convenir<\/strong><\/p>\t\t\t\t\t\t\t\t<\/div>\n\t\t\t\t<div class=\"elementor-element elementor-element-ecbe2ba elementor-widget elementor-widget-beatmove_core_button\" data-id=\"ecbe2ba\" data-element_type=\"widget\" data-e-type=\"widget\" data-widget_type=\"beatmove_core_button.default\">\n\t\t\t\t<div class=\"elementor-widget-container\">\n\t\t\t\t\t<a class=\"qodef-shortcode qodef-m qodef-button qodef-layout--textual qodef-html--link\" href=\"https:\/\/www.luisyventura.es\/?page_id=13007\" target=\"_self\"  >\n\t<span class=\"qodef-m-text\">Cont\u00e1ctanos<\/span><svg class=\"qodef-svg--custom-arrow qodef-m-arrow\" xmlns=\"http:\/\/www.w3.org\/2000\/svg\" width=\"14.2\" height=\"14.2\" viewBox=\"0 0 14.2 14.2\"><g><path d=\"M13.2 9V1h-8M13.4.8.7 13.5\"\/><path d=\"M13.2 9V1h-8M13.4.8.7 13.5\"\/><\/g><g><path d=\"M13.2 9V1h-8M13.4.8.7 13.5\"\/><path d=\"M13.2 9V1h-8M13.4.8.7 13.5\"\/><\/g><\/svg><\/a>\n\t\t\t\t<\/div>\n\t\t\t\t<\/div>\n\t\t\t\t\t<\/div>\n\t\t<\/div>\n\t\t\t\t\t<\/div>\n\t\t<\/section>\n\t\t\t\t<section class=\"elementor-section elementor-top-section elementor-element elementor-element-12bacac elementor-section-full_width elementor-section-height-default elementor-section-height-default\" data-id=\"12bacac\" data-element_type=\"section\" data-e-type=\"section\" data-settings=\"{&quot;background_background&quot;:&quot;classic&quot;}\">\n\t\t\t\t\t\t<div class=\"elementor-container elementor-column-gap-no\">\n\t\t\t\t\t<div class=\"elementor-column elementor-col-33 elementor-top-column elementor-element elementor-element-7f4a84d\" data-id=\"7f4a84d\" data-element_type=\"column\" data-e-type=\"column\">\n\t\t\t<div class=\"elementor-widget-wrap elementor-element-populated\">\n\t\t\t\t\t\t<div class=\"elementor-element elementor-element-c8b6286 elementor-widget__width-initial elementor-widget elementor-widget-beatmove_core_image_with_text\" data-id=\"c8b6286\" data-element_type=\"widget\" data-e-type=\"widget\" data-widget_type=\"beatmove_core_image_with_text.default\">\n\t\t\t\t<div class=\"elementor-widget-container\">\n\t\t\t\t\t<div class=\"qodef-shortcode qodef-m qodef-image-with-text qodef-layout--text-below qodef-image-hover--grayscale-to-color qodef--has-appear\">\n\t<div class=\"qodef-m-image\">\n\t\t\t<a class=\"qodef-magnific-popup qodef-popup-item\" itemprop=\"image\" href=\"https:\/\/luisyventura.es\/wp-content\/uploads\/2016\/09\/320758245_718768822790871_3218654258292075392_n.jpg\" data-type=\"image\" title=\"\">\n\t\t\t<img loading=\"lazy\" decoding=\"async\" width=\"2048\" height=\"1365\" src=\"https:\/\/luisyventura.es\/wp-content\/uploads\/2016\/09\/320758245_718768822790871_3218654258292075392_n.jpg\" class=\"attachment-full size-full\" alt=\"\" srcset=\"https:\/\/luisyventura.es\/wp-content\/uploads\/2016\/09\/320758245_718768822790871_3218654258292075392_n.jpg 2048w, https:\/\/luisyventura.es\/wp-content\/uploads\/2016\/09\/320758245_718768822790871_3218654258292075392_n-300x200.jpg 300w, https:\/\/luisyventura.es\/wp-content\/uploads\/2016\/09\/320758245_718768822790871_3218654258292075392_n-1024x683.jpg 1024w, https:\/\/luisyventura.es\/wp-content\/uploads\/2016\/09\/320758245_718768822790871_3218654258292075392_n-768x512.jpg 768w, https:\/\/luisyventura.es\/wp-content\/uploads\/2016\/09\/320758245_718768822790871_3218654258292075392_n-1536x1024.jpg 1536w\" sizes=\"(max-width: 2048px) 100vw, 2048px\" \/>\t\t\t<\/a>\n\t<\/div>\n\t<div class=\"qodef-m-content\">\n\t\t<div class=\"qodef-m-content-title-button\">\n\t\t\t\t<h5 class=\"qodef-m-title\" style=\"margin-top: 16px\">\n\t\t\t\t\tPersentaci\u00f3n\t\t\t<\/h5>\n\t\t\t\t\t<\/div>\n\t\t\t<h6 class=\"qodef-m-text\" style=\"margin-top: 2px\">\n\t\t30 \/ Octubre\/ 2023\t<\/h6>\n\t<\/div>\n<\/div>\n\t\t\t\t<\/div>\n\t\t\t\t<\/div>\n\t\t\t\t\t<\/div>\n\t\t<\/div>\n\t\t\t\t<div class=\"elementor-column elementor-col-33 elementor-top-column elementor-element elementor-element-2b1d0b9\" data-id=\"2b1d0b9\" data-element_type=\"column\" data-e-type=\"column\">\n\t\t\t<div class=\"elementor-widget-wrap elementor-element-populated\">\n\t\t\t\t\t\t<div class=\"elementor-element elementor-element-7560500 elementor-widget__width-initial elementor-widget elementor-widget-beatmove_core_image_with_text\" data-id=\"7560500\" data-element_type=\"widget\" data-e-type=\"widget\" data-widget_type=\"beatmove_core_image_with_text.default\">\n\t\t\t\t<div class=\"elementor-widget-container\">\n\t\t\t\t\t<div class=\"qodef-shortcode qodef-m qodef-image-with-text qodef-layout--text-below qodef-image-hover--grayscale-to-color qodef--has-appear\">\n\t<div class=\"qodef-m-image\">\n\t\t\t<a class=\"qodef-magnific-popup qodef-popup-item\" itemprop=\"image\" href=\"https:\/\/luisyventura.es\/wp-content\/uploads\/2017\/03\/17103657_1408603035868469_4630726909688384087_n.jpg\" data-type=\"image\" title=\"\">\n\t\t\t<img loading=\"lazy\" decoding=\"async\" width=\"960\" height=\"960\" src=\"https:\/\/luisyventura.es\/wp-content\/uploads\/2017\/03\/17103657_1408603035868469_4630726909688384087_n.jpg\" class=\"attachment-full size-full\" alt=\"\" srcset=\"https:\/\/luisyventura.es\/wp-content\/uploads\/2017\/03\/17103657_1408603035868469_4630726909688384087_n.jpg 960w, https:\/\/luisyventura.es\/wp-content\/uploads\/2017\/03\/17103657_1408603035868469_4630726909688384087_n-300x300.jpg 300w, https:\/\/luisyventura.es\/wp-content\/uploads\/2017\/03\/17103657_1408603035868469_4630726909688384087_n-150x150.jpg 150w, https:\/\/luisyventura.es\/wp-content\/uploads\/2017\/03\/17103657_1408603035868469_4630726909688384087_n-768x768.jpg 768w\" sizes=\"(max-width: 960px) 100vw, 960px\" \/>\t\t\t<\/a>\n\t<\/div>\n\t<div class=\"qodef-m-content\">\n\t\t<div class=\"qodef-m-content-title-button\">\n\t\t\t\t<h5 class=\"qodef-m-title\" style=\"margin-top: 16px\">\n\t\t\t\t\tLuis y Ventura\t\t\t<\/h5>\n\t\t\t\t\t<\/div>\n\t\t\t<h6 class=\"qodef-m-text\" style=\"margin-top: 2px\">\n\t\t13 \/ Septiembre \/ 2023\t<\/h6>\n\t<\/div>\n<\/div>\n\t\t\t\t<\/div>\n\t\t\t\t<\/div>\n\t\t\t\t\t<\/div>\n\t\t<\/div>\n\t\t\t\t<div class=\"elementor-column elementor-col-33 elementor-top-column elementor-element elementor-element-595854d\" data-id=\"595854d\" data-element_type=\"column\" data-e-type=\"column\">\n\t\t\t<div class=\"elementor-widget-wrap elementor-element-populated\">\n\t\t\t\t\t\t<div class=\"elementor-element elementor-element-d72fe25 elementor-widget__width-initial elementor-widget elementor-widget-beatmove_core_image_with_text\" data-id=\"d72fe25\" data-element_type=\"widget\" data-e-type=\"widget\" data-widget_type=\"beatmove_core_image_with_text.default\">\n\t\t\t\t<div class=\"elementor-widget-container\">\n\t\t\t\t\t<div class=\"qodef-shortcode qodef-m qodef-image-with-text qodef-layout--text-below qodef-image-hover--grayscale-to-color qodef--has-appear\">\n\t<div class=\"qodef-m-image\">\n\t\t\t<a class=\"qodef-magnific-popup qodef-popup-item\" itemprop=\"image\" href=\"https:\/\/luisyventura.es\/wp-content\/uploads\/2016\/09\/recorte3.jpg\" data-type=\"image\" title=\"\">\n\t\t\t<img loading=\"lazy\" decoding=\"async\" width=\"519\" height=\"284\" src=\"https:\/\/luisyventura.es\/wp-content\/uploads\/2016\/09\/recorte3.jpg\" class=\"attachment-full size-full\" alt=\"\" srcset=\"https:\/\/luisyventura.es\/wp-content\/uploads\/2016\/09\/recorte3.jpg 519w, https:\/\/luisyventura.es\/wp-content\/uploads\/2016\/09\/recorte3-300x164.jpg 300w\" sizes=\"(max-width: 519px) 100vw, 519px\" \/>\t\t\t<\/a>\n\t<\/div>\n\t<div class=\"qodef-m-content\">\n\t\t<div class=\"qodef-m-content-title-button\">\n\t\t\t\t<h5 class=\"qodef-m-title\" style=\"margin-top: 16px\">\n\t\t\t\t\tClases particulares\t\t\t<\/h5>\n\t\t\t\t\t<\/div>\n\t\t\t<h6 class=\"qodef-m-text\" style=\"margin-top: 2px\">\n\t\t12 \/ Noviembre\/ 2024\t<\/h6>\n\t<\/div>\n<\/div>\n\t\t\t\t<\/div>\n\t\t\t\t<\/div>\n\t\t\t\t\t<\/div>\n\t\t<\/div>\n\t\t\t\t\t<\/div>\n\t\t<\/section>\n\t\t\t\t<\/div>\n\t\t","protected":false},"excerpt":{"rendered":"<p>Clases particulares \u00bfQuieres perfeccionar tu estilo? Clases Particulares de Baile\u00a0Si buscas atenci\u00f3n personalizada para avanzar m\u00e1s r\u00e1pido, nuestras clases individuales son para ti. En nuestra escuela de baile Luis y [&hellip;]<\/p>\n","protected":false},"author":1,"featured_media":12968,"parent":0,"menu_order":0,"comment_status":"closed","ping_status":"closed","template":"page-full-width.php","meta":{"footnotes":""},"class_list":["post-14046","page","type-page","status-publish","has-post-thumbnail","hentry"],"_links":{"self":[{"href":"https:\/\/luisyventura.es\/index.php?rest_route=\/wp\/v2\/pages\/14046","targetHints":{"allow":["GET"]}}],"collection":[{"href":"https:\/\/luisyventura.es\/index.php?rest_route=\/wp\/v2\/pages"}],"about":[{"href":"https:\/\/luisyventura.es\/index.php?rest_route=\/wp\/v2\/types\/page"}],"author":[{"embeddable":true,"href":"https:\/\/luisyventura.es\/index.php?rest_route=\/wp\/v2\/users\/1"}],"replies":[{"embeddable":true,"href":"https:\/\/luisyventura.es\/index.php?rest_route=%2Fwp%2Fv2%2Fcomments&post=14046"}],"version-history":[{"count":20,"href":"https:\/\/luisyventura.es\/index.php?rest_route=\/wp\/v2\/pages\/14046\/revisions"}],"predecessor-version":[{"id":14176,"href":"https:\/\/luisyventura.es\/index.php?rest_route=\/wp\/v2\/pages\/14046\/revisions\/14176"}],"wp:featuredmedia":[{"embeddable":true,"href":"https:\/\/luisyventura.es\/index.php?rest_route=\/wp\/v2\/media\/12968"}],"wp:attachment":[{"href":"https:\/\/luisyventura.es\/index.php?rest_route=%2Fwp%2Fv2%2Fmedia&parent=14046"}],"curies":[{"name":"wp","href":"https:\/\/api.w.org\/{rel}","templated":true}]}}