{"id":1596,"date":"2023-01-27T12:52:36","date_gmt":"2023-01-27T12:52:36","guid":{"rendered":"https:\/\/beatmove.qodeinteractive.com\/?page_id=1596"},"modified":"2026-04-21T09:33:07","modified_gmt":"2026-04-21T07:33:07","slug":"main-home-2","status":"publish","type":"page","link":"https:\/\/luisyventura.es\/","title":{"rendered":"Inicio"},"content":{"rendered":"\t\t<div data-elementor-type=\"wp-page\" data-elementor-id=\"1596\" class=\"elementor elementor-1596\">\n\t\t\t\t\t\t<section class=\"elementor-section elementor-top-section elementor-element elementor-element-e79b09d elementor-section-full_width elementor-section-height-default elementor-section-height-default\" data-id=\"e79b09d\" data-element_type=\"section\" data-e-type=\"section\" data-settings=\"{&quot;background_background&quot;:&quot;classic&quot;}\">\n\t\t\t\t\t\t<div class=\"elementor-container elementor-column-gap-default\">\n\t\t\t\t\t<div class=\"elementor-column elementor-col-100 elementor-top-column elementor-element elementor-element-b0e3088\" data-id=\"b0e3088\" data-element_type=\"column\" data-e-type=\"column\">\n\t\t\t<div class=\"elementor-widget-wrap elementor-element-populated\">\n\t\t\t\t\t\t<div class=\"elementor-element elementor-element-0fe548a elementor-widget elementor-widget-slider_revolution\" data-id=\"0fe548a\" data-element_type=\"widget\" data-e-type=\"widget\" data-widget_type=\"slider_revolution.default\">\n\t\t\t\t\t\n\t\t<div class=\"wp-block-themepunch-revslider\">\n\t\t\t\t<p class=\"rs-p-wp-fix\"><\/p>\n\t\t\t\t<sr7-module data-alias=\"main-home-alex\" data-id=\"6\" id=\"SR7_6_1\" class=\"rs-ov-hidden\" data-version=\"6.7.35\">\n\t\t\t\t\t<sr7-adjuster><\/sr7-adjuster>\n\t\t\t\t\t<sr7-content>\n\t\t\t\t\t\t<sr7-slide id=\"SR7_6_1-12\" data-key=\"12\">\n\t\t\t\t\t\t\t<sr7-txt id=\"SR7_6_1-12-4\" class=\"sr7-layer\">luis y<\/sr7-txt>\n\t\t\t\t\t\t\t<sr7-txt id=\"SR7_6_1-12-5\" class=\"sr7-layer\">ventura<\/sr7-txt>\n\t\t\t\t\t\t\t<sr7-txt id=\"SR7_6_1-12-6\" class=\"sr7-layer\" srscsrc><a class=\"qodef-shortcode qodef-m qodef-button qodef-layout--textual qodef-html--link\" href=\"https:\/\/www.luisyventura.es\/?page_id=13007\" target=\"_self\" data-hover-color=\"#FFFFFF\" style=\"color: #FFFFFF;font-size: 17px\">\n\t<span class=\"qodef-m-text\">Con\u00f3cenos<\/span><svg class=\"qodef-svg--custom-arrow qodef-m-arrow\" xmlns=\"http:\/\/www.w3.org\/2000\/svg\" width=\"14.2\" height=\"14.2\" viewBox=\"0 0 14.2 14.2\"><g><path d=\"M13.2 9V1h-8M13.4.8.7 13.5\"\/><path d=\"M13.2 9V1h-8M13.4.8.7 13.5\"\/><\/g><g><path d=\"M13.2 9V1h-8M13.4.8.7 13.5\"\/><path d=\"M13.2 9V1h-8M13.4.8.7 13.5\"\/><\/g><\/svg><\/a>\n<\/sr7-txt>\n\t\t\t\t\t\t<\/sr7-slide>\n\t\t\t\t\t\t<sr7-slide id=\"SR7_6_1-97\" data-key=\"97\">\n\t\t\t\t\t\t<\/sr7-slide>\n\t\t\t\t\t<\/sr7-content>\n\t\t\t\t\t<image_lists style=\"display:none\">\n\t\t\t\t\t\t<img data-src=\"\/\/luisyventura.es\/wp-content\/uploads\/2014\/01\/Captura1231232134123.jpg\" data-libid=\"2032\" data-lib=\"medialibrary\" title=\"Captura1231232134123\" width=\"0\" height=\"0\" data-dbsrc=\"Ly9sdWlzeXZlbnR1cmEuZXMvd3AtY29udGVudC91cGxvYWRzLzIwMTQvMDEvQ2FwdHVyYTEyMzEyMzIxMzQxMjMuanBn\"\/>\n\t\t\t\t\t<\/image_lists>\n\t\t\t\t<\/sr7-module>\n\t\t\t\t<script>\n\t\t\t\t\tSR7.PMH ??={}; SR7.PMH[\"SR7_6_1\"] = {cn:100,state:false,fn: function() { if (_tpt!==undefined && _tpt.prepareModuleHeight !== undefined) {  _tpt.prepareModuleHeight({id:\"SR7_6_1\",el:[900,900,768,600,720],type:'standard',shdw:'0',gh:[900,900,768,600,720],gw:[1300,1300,1100,778,480],vpt:['-200px&#039;,&#039;-200px&#039;,&#039;-200px&#039;,&#039;-200px&#039;,&#039;-200px'],size:{fullWidth:true, fullHeight:true},fho:'',mh:'0',onh:0,onw:0,bg:{color:'{\"orig\":\"transparent\",\"type\":\"solid\",\"string\":\"transparent\"}'}});   SR7.PMH[\"SR7_6_1\"].state=true;} else if(SR7.PMH[\"SR7_6_1\"].cn-->0)\tsetTimeout( SR7.PMH[\"SR7_6_1\"].fn,19);}};SR7.PMH[\"SR7_6_1\" ].fn();\n\t\t\t\t<\/script>\n<\/div>\n\n\t\t\t\t\t\t<\/div>\n\t\t\t\t\t<\/div>\n\t\t<\/div>\n\t\t\t\t\t<\/div>\n\t\t<\/section>\n\t\t\t\t<section class=\"elementor-section elementor-top-section elementor-element elementor-element-5265355 elementor-section-full_width elementor-section-height-default elementor-section-height-default\" data-id=\"5265355\" data-element_type=\"section\" data-e-type=\"section\" data-settings=\"{&quot;background_background&quot;:&quot;classic&quot;}\">\n\t\t\t\t\t\t<div class=\"elementor-container elementor-column-gap-default\">\n\t\t\t\t\t<div class=\"elementor-column elementor-col-50 elementor-top-column elementor-element elementor-element-7ecd8b9\" data-id=\"7ecd8b9\" data-element_type=\"column\" data-e-type=\"column\">\n\t\t\t<div class=\"elementor-widget-wrap elementor-element-populated\">\n\t\t\t\t\t\t<div class=\"elementor-element elementor-element-0629f11 elementor-widget elementor-widget-beatmove_core_section_title\" data-id=\"0629f11\" data-element_type=\"widget\" data-e-type=\"widget\" data-widget_type=\"beatmove_core_section_title.default\">\n\t\t\t\t<div class=\"elementor-widget-container\">\n\t\t\t\t\t<div class=\"qodef-shortcode qodef-m qodef-section-title qodef--has-appear qodef-alignment--left\">\n\t\t<h1 class=\"qodef-m-title\" >\n\t\t\t\t\t<span class=\"qodef--line-holder\"><span class=\"qodef--line\">Escuela de<\/span><\/span> <span class=\"qodef--line-holder\"><span class=\"qodef--line\"><span class=\"qodef-e-indent\"><\/span> baile<\/span><\/span>\t\t\t<\/h1>\n\t<\/div>\n\t\t\t\t<\/div>\n\t\t\t\t<\/div>\n\t\t\t\t\t<\/div>\n\t\t<\/div>\n\t\t\t\t<div class=\"elementor-column elementor-col-50 elementor-top-column elementor-element elementor-element-17760a9\" data-id=\"17760a9\" data-element_type=\"column\" data-e-type=\"column\">\n\t\t\t<div class=\"elementor-widget-wrap elementor-element-populated\">\n\t\t\t\t\t\t<div class=\"elementor-element elementor-element-258f889 elementor-widget elementor-widget-text-editor\" data-id=\"258f889\" data-element_type=\"widget\" data-e-type=\"widget\" data-widget_type=\"text-editor.default\">\n\t\t\t\t\t\t\t\t\t<h3>Luis y Ventura<\/h3>\t\t\t\t\t\t\t\t<\/div>\n\t\t\t\t<div class=\"elementor-element elementor-element-48766d9 elementor-widget elementor-widget-text-editor\" data-id=\"48766d9\" data-element_type=\"widget\" data-e-type=\"widget\" data-widget_type=\"text-editor.default\">\n\t\t\t\t\t\t\t\t\t<p>Tu ritmo, tu espacio, tu danza. En Luis y Ventura te acompa\u00f1amos a descubrir la fuerza y la alegr\u00eda de moverte.<\/p><p>Desde los primeros pasos hasta el escenario., transformamos el esfuerzo en arte. \u00a1Ven a bailar con nosotros y siente la diferencia!<\/p>\t\t\t\t\t\t\t\t<\/div>\n\t\t\t\t<div class=\"elementor-element elementor-element-efb9ac4 elementor-widget elementor-widget-text-editor\" data-id=\"efb9ac4\" data-element_type=\"widget\" data-e-type=\"widget\" data-widget_type=\"text-editor.default\">\n\t\t\t\t\t\t\t\t\t<h3>Nuestra filosof\u00eda<\/h3>\t\t\t\t\t\t\t\t<\/div>\n\t\t\t\t<div class=\"elementor-element elementor-element-beb87a9 elementor-widget elementor-widget-text-editor\" data-id=\"beb87a9\" data-element_type=\"widget\" data-e-type=\"widget\" data-widget_type=\"text-editor.default\">\n\t\t\t\t\t\t\t\t\t<p>Creemos que el cuerpo es un canal de expresi\u00f3n infinito. En nuestra escuela, no solo ense\u00f1amos pasos o posturas; fomentamos un espacio de respeto, autodescubrimiento y alegr\u00e1i. Aqu\u00ed cada movimiento es una celebraci\u00f3n de lo que eres capaz de lograr.<\/p>\t\t\t\t\t\t\t\t<\/div>\n\t\t\t\t<div class=\"elementor-element elementor-element-12c5e5a elementor-widget elementor-widget-beatmove_core_button\" data-id=\"12c5e5a\" data-element_type=\"widget\" data-e-type=\"widget\" data-widget_type=\"beatmove_core_button.default\">\n\t\t\t\t<div class=\"elementor-widget-container\">\n\t\t\t\t\t<a class=\"qodef-shortcode qodef-m qodef-button qodef-layout--textual qodef-html--link\" href=\"https:\/\/www.luisyventura.es\/?page_id=14046\" target=\"_self\"  >\n\t<span class=\"qodef-m-text\">Ver m\u00e1s<\/span><svg class=\"qodef-svg--custom-arrow qodef-m-arrow\" xmlns=\"http:\/\/www.w3.org\/2000\/svg\" width=\"14.2\" height=\"14.2\" viewBox=\"0 0 14.2 14.2\"><g><path d=\"M13.2 9V1h-8M13.4.8.7 13.5\"\/><path d=\"M13.2 9V1h-8M13.4.8.7 13.5\"\/><\/g><g><path d=\"M13.2 9V1h-8M13.4.8.7 13.5\"\/><path d=\"M13.2 9V1h-8M13.4.8.7 13.5\"\/><\/g><\/svg><\/a>\n\t\t\t\t<\/div>\n\t\t\t\t<\/div>\n\t\t\t\t\t<\/div>\n\t\t<\/div>\n\t\t\t\t\t<\/div>\n\t\t<\/section>\n\t\t\t\t<section class=\"elementor-section elementor-top-section elementor-element elementor-element-6b1faa7 elementor-section-full_width elementor-section-height-default elementor-section-height-default\" data-id=\"6b1faa7\" data-element_type=\"section\" data-e-type=\"section\" data-settings=\"{&quot;background_background&quot;:&quot;video&quot;,&quot;background_play_on_mobile&quot;:&quot;yes&quot;,&quot;background_video_link&quot;:&quot;https:\\\/\\\/beatmove.qodeinteractive.com\\\/wp-content\\\/uploads\\\/2023\\\/06\\\/main-video.mp4&quot;}\">\n\t\t\t\t\t\t\t\t<div class=\"elementor-background-video-container\">\n\t\t\t\t\t\t\t\t\t\t\t\t\t<video class=\"elementor-background-video-hosted\" role=\"presentation\" autoplay muted playsinline loop><\/video>\n\t\t\t\t\t\t\t\t\t\t\t<\/div>\n\t\t\t\t\t\t\t\t<div class=\"elementor-container elementor-column-gap-default\">\n\t\t\t\t\t<div class=\"elementor-column elementor-col-100 elementor-top-column elementor-element elementor-element-c3c4007\" data-id=\"c3c4007\" data-element_type=\"column\" data-e-type=\"column\">\n\t\t\t<div class=\"elementor-widget-wrap elementor-element-populated\">\n\t\t\t\t\t\t<div class=\"elementor-element elementor-element-03fb31c elementor-widget elementor-widget-spacer\" data-id=\"03fb31c\" data-element_type=\"widget\" data-e-type=\"widget\" data-widget_type=\"spacer.default\">\n\t\t\t\t\t\t\t<div class=\"elementor-spacer\">\n\t\t\t<div class=\"elementor-spacer-inner\"><\/div>\n\t\t<\/div>\n\t\t\t\t\t\t<\/div>\n\t\t\t\t<div class=\"elementor-element elementor-element-8dce84a elementor-widget elementor-widget-beatmove_core_section_title\" data-id=\"8dce84a\" data-element_type=\"widget\" data-e-type=\"widget\" data-widget_type=\"beatmove_core_section_title.default\">\n\t\t\t\t<div class=\"elementor-widget-container\">\n\t\t\t\t\t<div class=\"qodef-shortcode qodef-m qodef-section-title qodef--has-appear qodef-alignment--left qodef-title-break--disabled qodef-title--colored\">\n\t\t<h1 class=\"qodef-m-title\" style=\"color: #FFFFFF\">\n\t\t\t\t\tNuestras clases<br \/>\t\t\t<\/h1>\n\t<\/div>\n\t\t\t\t<\/div>\n\t\t\t\t<\/div>\n\t\t\t\t\t<\/div>\n\t\t<\/div>\n\t\t\t\t\t<\/div>\n\t\t<\/section>\n\t\t<div class=\"elementor-element elementor-element-07615d1 e-flex e-con-boxed e-con e-parent\" data-id=\"07615d1\" data-element_type=\"container\" data-e-type=\"container\">\n\t\t\t\t\t<div class=\"e-con-inner\">\n\t\t<div class=\"elementor-element elementor-element-a446083 e-con-full e-flex e-con e-child\" data-id=\"a446083\" data-element_type=\"container\" data-e-type=\"container\">\n\t\t\t\t<div class=\"elementor-element elementor-element-5880859 elementor-widget elementor-widget-heading\" data-id=\"5880859\" data-element_type=\"widget\" data-e-type=\"widget\" data-widget_type=\"heading.default\">\n\t\t\t\t\t<h3 class=\"elementor-heading-title elementor-size-default\"><a href=\"https:\/\/www.luisyventura.es\/?page_id=13945\">Estilos urbanos<\/a><\/h3>\t\t\t\t<\/div>\n\t\t\t\t<\/div>\n\t\t<div class=\"elementor-element elementor-element-196aa29 e-con-full e-flex e-con e-child\" data-id=\"196aa29\" data-element_type=\"container\" data-e-type=\"container\">\n\t\t\t\t<div class=\"elementor-element elementor-element-a0912cb elementor-widget elementor-widget-heading\" data-id=\"a0912cb\" data-element_type=\"widget\" data-e-type=\"widget\" data-widget_type=\"heading.default\">\n\t\t\t\t\t<h3 class=\"elementor-heading-title elementor-size-default\"><a href=\"https:\/\/www.luisyventura.es\/?page_id=13890\">Estilos latinos<\/a><\/h3>\t\t\t\t<\/div>\n\t\t\t\t<\/div>\n\t\t<div class=\"elementor-element elementor-element-3bc93a8 e-con-full e-flex e-con e-child\" data-id=\"3bc93a8\" data-element_type=\"container\" data-e-type=\"container\">\n\t\t\t\t<div class=\"elementor-element elementor-element-b9e9183 elementor-widget elementor-widget-heading\" data-id=\"b9e9183\" data-element_type=\"widget\" data-e-type=\"widget\" data-widget_type=\"heading.default\">\n\t\t\t\t\t<h3 class=\"elementor-heading-title elementor-size-default\"><a href=\"https:\/\/www.luisyventura.es\/?page_id=13912\">Danzas cl\u00e1sica<\/a><\/h3>\t\t\t\t<\/div>\n\t\t\t\t<\/div>\n\t\t<div class=\"elementor-element elementor-element-87a192d e-con-full e-flex e-con e-child\" data-id=\"87a192d\" data-element_type=\"container\" data-e-type=\"container\">\n\t\t\t\t<div class=\"elementor-element elementor-element-8dc0637 elementor-widget elementor-widget-heading\" data-id=\"8dc0637\" data-element_type=\"widget\" data-e-type=\"widget\" data-widget_type=\"heading.default\">\n\t\t\t\t\t<h3 class=\"elementor-heading-title elementor-size-default\"><a href=\"https:\/\/www.luisyventura.es\/?page_id=14013\">Cuerpo y mente<\/a><\/h3>\t\t\t\t<\/div>\n\t\t\t\t<\/div>\n\t\t\t\t\t<\/div>\n\t\t\t\t<\/div>\n\t\t<div class=\"elementor-element elementor-element-6bde239 e-flex e-con-boxed e-con e-parent\" data-id=\"6bde239\" data-element_type=\"container\" data-e-type=\"container\">\n\t\t\t\t\t<div class=\"e-con-inner\">\n\t\t<div class=\"elementor-element elementor-element-021ae55 e-con-full e-flex e-con e-child\" data-id=\"021ae55\" data-element_type=\"container\" data-e-type=\"container\">\n\t\t\t\t<div class=\"elementor-element elementor-element-cc92741 elementor-widget elementor-widget-image\" data-id=\"cc92741\" data-element_type=\"widget\" data-e-type=\"widget\" data-widget_type=\"image.default\">\n\t\t\t\t\t\t\t\t\t\t\t\t\t\t\t\t<a href=\"https:\/\/www.luisyventura.es\/?page_id=13945\">\n\t\t\t\t\t\t\t<img decoding=\"async\" src=\"https:\/\/luisyventura.es\/wp-content\/uploads\/elementor\/thumbs\/h3-rev-img-021-rl9hqpsmvn6gkf9fw5nw9o8lfqkovyik743ru42scg.jpg\" title=\"h3-rev-img-021.jpg\" alt=\"h3-rev-img-021.jpg\" loading=\"lazy\" \/>\t\t\t\t\t\t\t\t<\/a>\n\t\t\t\t\t\t\t\t\t\t\t\t\t\t\t<\/div>\n\t\t\t\t<\/div>\n\t\t<div class=\"elementor-element elementor-element-20cb44d e-con-full e-flex e-con e-child\" data-id=\"20cb44d\" data-element_type=\"container\" data-e-type=\"container\">\n\t\t\t\t<div class=\"elementor-element elementor-element-42c31db elementor-widget elementor-widget-image\" data-id=\"42c31db\" data-element_type=\"widget\" data-e-type=\"widget\" data-widget_type=\"image.default\">\n\t\t\t\t\t\t\t\t\t\t\t\t\t\t\t\t<a href=\"https:\/\/www.luisyventura.es\/?page_id=13890\">\n\t\t\t\t\t\t\t<img fetchpriority=\"high\" decoding=\"async\" width=\"645\" height=\"645\" src=\"https:\/\/luisyventura.es\/wp-content\/uploads\/2016\/09\/10.jpg\" class=\"attachment-large size-large wp-image-2057\" alt=\"\" srcset=\"https:\/\/luisyventura.es\/wp-content\/uploads\/2016\/09\/10.jpg 645w, https:\/\/luisyventura.es\/wp-content\/uploads\/2016\/09\/10-300x300.jpg 300w, https:\/\/luisyventura.es\/wp-content\/uploads\/2016\/09\/10-150x150.jpg 150w\" sizes=\"(max-width: 645px) 100vw, 645px\" \/>\t\t\t\t\t\t\t\t<\/a>\n\t\t\t\t\t\t\t\t\t\t\t\t\t\t\t<\/div>\n\t\t\t\t<\/div>\n\t\t<div class=\"elementor-element elementor-element-98e4270 e-con-full e-flex e-con e-child\" data-id=\"98e4270\" data-element_type=\"container\" data-e-type=\"container\">\n\t\t\t\t<div class=\"elementor-element elementor-element-e54292a elementor-widget elementor-widget-image\" data-id=\"e54292a\" data-element_type=\"widget\" data-e-type=\"widget\" data-widget_type=\"image.default\">\n\t\t\t\t\t\t\t\t\t\t\t\t\t\t\t\t<a href=\"https:\/\/www.luisyventura.es\/?page_id=13912\">\n\t\t\t\t\t\t\t<img decoding=\"async\" width=\"883\" height=\"1024\" src=\"https:\/\/luisyventura.es\/wp-content\/uploads\/2023\/04\/blog-2-category-img-3-883x1024.jpg\" class=\"attachment-large size-large wp-image-7561\" alt=\"g\" srcset=\"https:\/\/luisyventura.es\/wp-content\/uploads\/2023\/04\/blog-2-category-img-3-883x1024.jpg 883w, https:\/\/luisyventura.es\/wp-content\/uploads\/2023\/04\/blog-2-category-img-3-259x300.jpg 259w, https:\/\/luisyventura.es\/wp-content\/uploads\/2023\/04\/blog-2-category-img-3-768x891.jpg 768w, https:\/\/luisyventura.es\/wp-content\/uploads\/2023\/04\/blog-2-category-img-3-600x696.jpg 600w, https:\/\/luisyventura.es\/wp-content\/uploads\/2023\/04\/blog-2-category-img-3.jpg 1000w\" sizes=\"(max-width: 883px) 100vw, 883px\" \/>\t\t\t\t\t\t\t\t<\/a>\n\t\t\t\t\t\t\t\t\t\t\t\t\t\t\t<\/div>\n\t\t\t\t<\/div>\n\t\t<div class=\"elementor-element elementor-element-100c98e e-con-full e-flex e-con e-child\" data-id=\"100c98e\" data-element_type=\"container\" data-e-type=\"container\">\n\t\t\t\t<div class=\"elementor-element elementor-element-1cc2ee0 elementor-widget elementor-widget-image\" data-id=\"1cc2ee0\" data-element_type=\"widget\" data-e-type=\"widget\" data-widget_type=\"image.default\">\n\t\t\t\t\t\t\t\t\t\t\t\t\t\t\t\t<a href=\"https:\/\/www.luisyventura.es\/?page_id=14013\">\n\t\t\t\t\t\t\t<img loading=\"lazy\" decoding=\"async\" width=\"640\" height=\"640\" src=\"https:\/\/luisyventura.es\/wp-content\/uploads\/2016\/10\/YOLI-YOGA.jpg\" class=\"attachment-large size-large wp-image-2344\" alt=\"\" srcset=\"https:\/\/luisyventura.es\/wp-content\/uploads\/2016\/10\/YOLI-YOGA.jpg 640w, https:\/\/luisyventura.es\/wp-content\/uploads\/2016\/10\/YOLI-YOGA-300x300.jpg 300w, https:\/\/luisyventura.es\/wp-content\/uploads\/2016\/10\/YOLI-YOGA-150x150.jpg 150w\" sizes=\"(max-width: 640px) 100vw, 640px\" \/>\t\t\t\t\t\t\t\t<\/a>\n\t\t\t\t\t\t\t\t\t\t\t\t\t\t\t<\/div>\n\t\t\t\t<\/div>\n\t\t\t\t\t<\/div>\n\t\t\t\t<\/div>\n\t\t\t\t<section class=\"elementor-section elementor-top-section elementor-element elementor-element-502097d elementor-section-full_width elementor-section-height-default elementor-section-height-default\" data-id=\"502097d\" data-element_type=\"section\" data-e-type=\"section\" data-settings=\"{&quot;background_background&quot;:&quot;classic&quot;}\">\n\t\t\t\t\t\t<div class=\"elementor-container elementor-column-gap-default\">\n\t\t\t\t\t<div class=\"elementor-column elementor-col-50 elementor-top-column elementor-element elementor-element-b71402b\" data-id=\"b71402b\" data-element_type=\"column\" data-e-type=\"column\">\n\t\t\t<div class=\"elementor-widget-wrap elementor-element-populated\">\n\t\t\t\t\t\t<div class=\"elementor-element elementor-element-befd16b elementor-widget elementor-widget-beatmove_core_section_title\" data-id=\"befd16b\" data-element_type=\"widget\" data-e-type=\"widget\" data-widget_type=\"beatmove_core_section_title.default\">\n\t\t\t\t<div class=\"elementor-widget-container\">\n\t\t\t\t\t<div class=\"qodef-shortcode qodef-m qodef-section-title qodef--has-appear qodef-alignment--left\">\n\t\t<h1 class=\"qodef-m-title\" >\n\t\t\t\t\t<span class=\"qodef--line-holder\"><span class=\"qodef--line\">Con\u00f3cenos<\/span><\/span>\t\t\t<\/h1>\n\t<\/div>\n\t\t\t\t<\/div>\n\t\t\t\t<\/div>\n\t\t\t\t\t<\/div>\n\t\t<\/div>\n\t\t\t\t<div class=\"elementor-column elementor-col-50 elementor-top-column elementor-element elementor-element-99dd792\" data-id=\"99dd792\" data-element_type=\"column\" data-e-type=\"column\">\n\t\t\t<div class=\"elementor-widget-wrap elementor-element-populated\">\n\t\t\t\t\t\t<div class=\"elementor-element elementor-element-deaf03f elementor-widget elementor-widget-text-editor\" data-id=\"deaf03f\" data-element_type=\"widget\" data-e-type=\"widget\" data-widget_type=\"text-editor.default\">\n\t\t\t\t\t\t\t\t\t<p style=\"text-align: left;\">En nuestra escuela de baile Luis y Ventura, creemos que todo el mundo tiene un ritmo interior esperando a ser descubierto.<\/p>\t\t\t\t\t\t\t\t<\/div>\n\t\t\t\t<div class=\"elementor-element elementor-element-7a82b87 elementor-widget elementor-widget-beatmove_core_button\" data-id=\"7a82b87\" data-element_type=\"widget\" data-e-type=\"widget\" data-widget_type=\"beatmove_core_button.default\">\n\t\t\t\t<div class=\"elementor-widget-container\">\n\t\t\t\t\t<a class=\"qodef-shortcode qodef-m qodef-button qodef-layout--textual qodef-html--link\" href=\"https:\/\/www.luisyventura.es\/?page_id=13007\" target=\"_self\"  >\n\t<span class=\"qodef-m-text\">Saber m\u00e1s<\/span><svg class=\"qodef-svg--custom-arrow qodef-m-arrow\" xmlns=\"http:\/\/www.w3.org\/2000\/svg\" width=\"14.2\" height=\"14.2\" viewBox=\"0 0 14.2 14.2\"><g><path d=\"M13.2 9V1h-8M13.4.8.7 13.5\"\/><path d=\"M13.2 9V1h-8M13.4.8.7 13.5\"\/><\/g><g><path d=\"M13.2 9V1h-8M13.4.8.7 13.5\"\/><path d=\"M13.2 9V1h-8M13.4.8.7 13.5\"\/><\/g><\/svg><\/a>\n\t\t\t\t<\/div>\n\t\t\t\t<\/div>\n\t\t\t\t\t<\/div>\n\t\t<\/div>\n\t\t\t\t\t<\/div>\n\t\t<\/section>\n\t\t\t\t<\/div>\n\t\t","protected":false},"excerpt":{"rendered":"<p>Escuela de baile Luis y Ventura Tu ritmo, tu espacio, tu danza. En Luis y Ventura te acompa\u00f1amos a descubrir la fuerza y la alegr\u00eda de moverte. Desde los primeros [&hellip;]<\/p>\n","protected":false},"author":1,"featured_media":12968,"parent":0,"menu_order":0,"comment_status":"closed","ping_status":"closed","template":"page-full-width.php","meta":{"footnotes":""},"class_list":["post-1596","page","type-page","status-publish","has-post-thumbnail","hentry"],"_links":{"self":[{"href":"https:\/\/luisyventura.es\/index.php?rest_route=\/wp\/v2\/pages\/1596","targetHints":{"allow":["GET"]}}],"collection":[{"href":"https:\/\/luisyventura.es\/index.php?rest_route=\/wp\/v2\/pages"}],"about":[{"href":"https:\/\/luisyventura.es\/index.php?rest_route=\/wp\/v2\/types\/page"}],"author":[{"embeddable":true,"href":"https:\/\/luisyventura.es\/index.php?rest_route=\/wp\/v2\/users\/1"}],"replies":[{"embeddable":true,"href":"https:\/\/luisyventura.es\/index.php?rest_route=%2Fwp%2Fv2%2Fcomments&post=1596"}],"version-history":[{"count":30,"href":"https:\/\/luisyventura.es\/index.php?rest_route=\/wp\/v2\/pages\/1596\/revisions"}],"predecessor-version":[{"id":14172,"href":"https:\/\/luisyventura.es\/index.php?rest_route=\/wp\/v2\/pages\/1596\/revisions\/14172"}],"wp:featuredmedia":[{"embeddable":true,"href":"https:\/\/luisyventura.es\/index.php?rest_route=\/wp\/v2\/media\/12968"}],"wp:attachment":[{"href":"https:\/\/luisyventura.es\/index.php?rest_route=%2Fwp%2Fv2%2Fmedia&parent=1596"}],"curies":[{"name":"wp","href":"https:\/\/api.w.org\/{rel}","templated":true}]}}