{"id":2636,"date":"2023-02-03T07:34:17","date_gmt":"2023-02-03T07:34:17","guid":{"rendered":"https:\/\/beatmove.qodeinteractive.com\/?page_id=2636"},"modified":"2026-04-11T12:49:48","modified_gmt":"2026-04-11T10:49:48","slug":"about-me","status":"publish","type":"page","link":"https:\/\/luisyventura.es\/?page_id=2636","title":{"rendered":"Normativa del centro"},"content":{"rendered":"\t\t<div data-elementor-type=\"wp-page\" data-elementor-id=\"2636\" class=\"elementor elementor-2636\">\n\t\t\t\t\t\t<section class=\"elementor-section elementor-top-section elementor-element elementor-element-dacbf9e elementor-section-full_width qodef-elementor-content-grid elementor-section-height-default elementor-section-height-default\" data-id=\"dacbf9e\" data-element_type=\"section\" data-e-type=\"section\" data-settings=\"{&quot;background_background&quot;:&quot;classic&quot;}\">\n\t\t\t\t\t\t<div class=\"elementor-container elementor-column-gap-default\">\n\t\t\t\t\t<div class=\"elementor-column elementor-col-100 elementor-top-column elementor-element elementor-element-bba4b10\" data-id=\"bba4b10\" data-element_type=\"column\" data-e-type=\"column\" data-settings=\"{&quot;background_background&quot;:&quot;classic&quot;}\">\n\t\t\t<div class=\"elementor-widget-wrap elementor-element-populated\">\n\t\t\t\t\t\t<div class=\"elementor-element elementor-element-8bf3ded elementor-widget elementor-widget-beatmove_core_custom_font\" data-id=\"8bf3ded\" data-element_type=\"widget\" data-e-type=\"widget\" data-widget_type=\"beatmove_core_custom_font.default\">\n\t\t\t\t<div class=\"elementor-widget-container\">\n\t\t\t\t\t<p class=\"qodef-shortcode qodef-m qodef-custom-font qodef--has-appear qodef-custom-font-785 qodef-layout--simple\" style=\"color: #FDFDFD;font-family: Sora;font-size: 95px;line-height: 100px;letter-spacing: 0px;font-weight: 500;text-transform: uppercase\">\n\t<span class=\"qodef--word-holder\"><span class=\"qode--char-holder\">\n\t\t\t\t\t\t\t\t\t\t\t\t\t\t\t\t\t<span class=\"qode--char-initial\">\n\t\t\t\t\t\t\t\t\t\t\t\t\t\t\t\t\t\tN\n\t\t\t\t\t\t\t\t\t\t\t\t\t\t\t\t\t<\/span>\n\t\t\t\t\t\t\t\t\t\t\t\t\t\t\t\t\t<span class=\"qode--char-appeared\">\n\t\t\t\t\t\t\t\t\t\t\t\t\t\t\t\t\tN\n\t\t\t\t\t\t\t\t\t\t\t\t\t\t\t\t\t<\/span>\n\t\t\t\t\t\t\t\t\t\t\t\t\t\t\t\t<\/span><span class=\"qode--char-holder\">\n\t\t\t\t\t\t\t\t\t\t\t\t\t\t\t\t\t<span class=\"qode--char-initial\">\n\t\t\t\t\t\t\t\t\t\t\t\t\t\t\t\t\t\to\n\t\t\t\t\t\t\t\t\t\t\t\t\t\t\t\t\t<\/span>\n\t\t\t\t\t\t\t\t\t\t\t\t\t\t\t\t\t<span class=\"qode--char-appeared\">\n\t\t\t\t\t\t\t\t\t\t\t\t\t\t\t\t\to\n\t\t\t\t\t\t\t\t\t\t\t\t\t\t\t\t\t<\/span>\n\t\t\t\t\t\t\t\t\t\t\t\t\t\t\t\t<\/span><span class=\"qode--char-holder\">\n\t\t\t\t\t\t\t\t\t\t\t\t\t\t\t\t\t<span class=\"qode--char-initial\">\n\t\t\t\t\t\t\t\t\t\t\t\t\t\t\t\t\t\tr\n\t\t\t\t\t\t\t\t\t\t\t\t\t\t\t\t\t<\/span>\n\t\t\t\t\t\t\t\t\t\t\t\t\t\t\t\t\t<span class=\"qode--char-appeared\">\n\t\t\t\t\t\t\t\t\t\t\t\t\t\t\t\t\tr\n\t\t\t\t\t\t\t\t\t\t\t\t\t\t\t\t\t<\/span>\n\t\t\t\t\t\t\t\t\t\t\t\t\t\t\t\t<\/span><span class=\"qode--char-holder\">\n\t\t\t\t\t\t\t\t\t\t\t\t\t\t\t\t\t<span class=\"qode--char-initial\">\n\t\t\t\t\t\t\t\t\t\t\t\t\t\t\t\t\t\tm\n\t\t\t\t\t\t\t\t\t\t\t\t\t\t\t\t\t<\/span>\n\t\t\t\t\t\t\t\t\t\t\t\t\t\t\t\t\t<span class=\"qode--char-appeared\">\n\t\t\t\t\t\t\t\t\t\t\t\t\t\t\t\t\tm\n\t\t\t\t\t\t\t\t\t\t\t\t\t\t\t\t\t<\/span>\n\t\t\t\t\t\t\t\t\t\t\t\t\t\t\t\t<\/span><span class=\"qode--char-holder\">\n\t\t\t\t\t\t\t\t\t\t\t\t\t\t\t\t\t<span class=\"qode--char-initial\">\n\t\t\t\t\t\t\t\t\t\t\t\t\t\t\t\t\t\ta\n\t\t\t\t\t\t\t\t\t\t\t\t\t\t\t\t\t<\/span>\n\t\t\t\t\t\t\t\t\t\t\t\t\t\t\t\t\t<span class=\"qode--char-appeared\">\n\t\t\t\t\t\t\t\t\t\t\t\t\t\t\t\t\ta\n\t\t\t\t\t\t\t\t\t\t\t\t\t\t\t\t\t<\/span>\n\t\t\t\t\t\t\t\t\t\t\t\t\t\t\t\t<\/span><span class=\"qode--char-holder\">\n\t\t\t\t\t\t\t\t\t\t\t\t\t\t\t\t\t<span class=\"qode--char-initial\">\n\t\t\t\t\t\t\t\t\t\t\t\t\t\t\t\t\t\tt\n\t\t\t\t\t\t\t\t\t\t\t\t\t\t\t\t\t<\/span>\n\t\t\t\t\t\t\t\t\t\t\t\t\t\t\t\t\t<span class=\"qode--char-appeared\">\n\t\t\t\t\t\t\t\t\t\t\t\t\t\t\t\t\tt\n\t\t\t\t\t\t\t\t\t\t\t\t\t\t\t\t\t<\/span>\n\t\t\t\t\t\t\t\t\t\t\t\t\t\t\t\t<\/span><span class=\"qode--char-holder\">\n\t\t\t\t\t\t\t\t\t\t\t\t\t\t\t\t\t<span class=\"qode--char-initial\">\n\t\t\t\t\t\t\t\t\t\t\t\t\t\t\t\t\t\ti\n\t\t\t\t\t\t\t\t\t\t\t\t\t\t\t\t\t<\/span>\n\t\t\t\t\t\t\t\t\t\t\t\t\t\t\t\t\t<span class=\"qode--char-appeared\">\n\t\t\t\t\t\t\t\t\t\t\t\t\t\t\t\t\ti\n\t\t\t\t\t\t\t\t\t\t\t\t\t\t\t\t\t<\/span>\n\t\t\t\t\t\t\t\t\t\t\t\t\t\t\t\t<\/span><span class=\"qode--char-holder\">\n\t\t\t\t\t\t\t\t\t\t\t\t\t\t\t\t\t<span class=\"qode--char-initial\">\n\t\t\t\t\t\t\t\t\t\t\t\t\t\t\t\t\t\tv\n\t\t\t\t\t\t\t\t\t\t\t\t\t\t\t\t\t<\/span>\n\t\t\t\t\t\t\t\t\t\t\t\t\t\t\t\t\t<span class=\"qode--char-appeared\">\n\t\t\t\t\t\t\t\t\t\t\t\t\t\t\t\t\tv\n\t\t\t\t\t\t\t\t\t\t\t\t\t\t\t\t\t<\/span>\n\t\t\t\t\t\t\t\t\t\t\t\t\t\t\t\t<\/span><span class=\"qode--char-holder\">\n\t\t\t\t\t\t\t\t\t\t\t\t\t\t\t\t\t<span class=\"qode--char-initial\">\n\t\t\t\t\t\t\t\t\t\t\t\t\t\t\t\t\t\ta\n\t\t\t\t\t\t\t\t\t\t\t\t\t\t\t\t\t<\/span>\n\t\t\t\t\t\t\t\t\t\t\t\t\t\t\t\t\t<span class=\"qode--char-appeared\">\n\t\t\t\t\t\t\t\t\t\t\t\t\t\t\t\t\ta\n\t\t\t\t\t\t\t\t\t\t\t\t\t\t\t\t\t<\/span>\n\t\t\t\t\t\t\t\t\t\t\t\t\t\t\t\t<\/span><\/span> <span class=\"qodef--word-holder\"><span class=\"qode--char-holder\">\n\t\t\t\t\t\t\t\t\t\t\t\t\t\t\t\t\t<span class=\"qode--char-initial\">\n\t\t\t\t\t\t\t\t\t\t\t\t\t\t\t\t\t\td\n\t\t\t\t\t\t\t\t\t\t\t\t\t\t\t\t\t<\/span>\n\t\t\t\t\t\t\t\t\t\t\t\t\t\t\t\t\t<span class=\"qode--char-appeared\">\n\t\t\t\t\t\t\t\t\t\t\t\t\t\t\t\t\td\n\t\t\t\t\t\t\t\t\t\t\t\t\t\t\t\t\t<\/span>\n\t\t\t\t\t\t\t\t\t\t\t\t\t\t\t\t<\/span><span class=\"qode--char-holder\">\n\t\t\t\t\t\t\t\t\t\t\t\t\t\t\t\t\t<span class=\"qode--char-initial\">\n\t\t\t\t\t\t\t\t\t\t\t\t\t\t\t\t\t\te\n\t\t\t\t\t\t\t\t\t\t\t\t\t\t\t\t\t<\/span>\n\t\t\t\t\t\t\t\t\t\t\t\t\t\t\t\t\t<span class=\"qode--char-appeared\">\n\t\t\t\t\t\t\t\t\t\t\t\t\t\t\t\t\te\n\t\t\t\t\t\t\t\t\t\t\t\t\t\t\t\t\t<\/span>\n\t\t\t\t\t\t\t\t\t\t\t\t\t\t\t\t<\/span><span class=\"qode--char-holder\">\n\t\t\t\t\t\t\t\t\t\t\t\t\t\t\t\t\t<span class=\"qode--char-initial\">\n\t\t\t\t\t\t\t\t\t\t\t\t\t\t\t\t\t\tl\n\t\t\t\t\t\t\t\t\t\t\t\t\t\t\t\t\t<\/span>\n\t\t\t\t\t\t\t\t\t\t\t\t\t\t\t\t\t<span class=\"qode--char-appeared\">\n\t\t\t\t\t\t\t\t\t\t\t\t\t\t\t\t\tl\n\t\t\t\t\t\t\t\t\t\t\t\t\t\t\t\t\t<\/span>\n\t\t\t\t\t\t\t\t\t\t\t\t\t\t\t\t<\/span><\/span> <span class=\"qodef--word-holder\"><span class=\"qode--char-holder\">\n\t\t\t\t\t\t\t\t\t\t\t\t\t\t\t\t\t<span class=\"qode--char-initial\">\n\t\t\t\t\t\t\t\t\t\t\t\t\t\t\t\t\t\tc\n\t\t\t\t\t\t\t\t\t\t\t\t\t\t\t\t\t<\/span>\n\t\t\t\t\t\t\t\t\t\t\t\t\t\t\t\t\t<span class=\"qode--char-appeared\">\n\t\t\t\t\t\t\t\t\t\t\t\t\t\t\t\t\tc\n\t\t\t\t\t\t\t\t\t\t\t\t\t\t\t\t\t<\/span>\n\t\t\t\t\t\t\t\t\t\t\t\t\t\t\t\t<\/span><span class=\"qode--char-holder\">\n\t\t\t\t\t\t\t\t\t\t\t\t\t\t\t\t\t<span class=\"qode--char-initial\">\n\t\t\t\t\t\t\t\t\t\t\t\t\t\t\t\t\t\te\n\t\t\t\t\t\t\t\t\t\t\t\t\t\t\t\t\t<\/span>\n\t\t\t\t\t\t\t\t\t\t\t\t\t\t\t\t\t<span class=\"qode--char-appeared\">\n\t\t\t\t\t\t\t\t\t\t\t\t\t\t\t\t\te\n\t\t\t\t\t\t\t\t\t\t\t\t\t\t\t\t\t<\/span>\n\t\t\t\t\t\t\t\t\t\t\t\t\t\t\t\t<\/span><span class=\"qode--char-holder\">\n\t\t\t\t\t\t\t\t\t\t\t\t\t\t\t\t\t<span class=\"qode--char-initial\">\n\t\t\t\t\t\t\t\t\t\t\t\t\t\t\t\t\t\tn\n\t\t\t\t\t\t\t\t\t\t\t\t\t\t\t\t\t<\/span>\n\t\t\t\t\t\t\t\t\t\t\t\t\t\t\t\t\t<span class=\"qode--char-appeared\">\n\t\t\t\t\t\t\t\t\t\t\t\t\t\t\t\t\tn\n\t\t\t\t\t\t\t\t\t\t\t\t\t\t\t\t\t<\/span>\n\t\t\t\t\t\t\t\t\t\t\t\t\t\t\t\t<\/span><span class=\"qode--char-holder\">\n\t\t\t\t\t\t\t\t\t\t\t\t\t\t\t\t\t<span class=\"qode--char-initial\">\n\t\t\t\t\t\t\t\t\t\t\t\t\t\t\t\t\t\tt\n\t\t\t\t\t\t\t\t\t\t\t\t\t\t\t\t\t<\/span>\n\t\t\t\t\t\t\t\t\t\t\t\t\t\t\t\t\t<span class=\"qode--char-appeared\">\n\t\t\t\t\t\t\t\t\t\t\t\t\t\t\t\t\tt\n\t\t\t\t\t\t\t\t\t\t\t\t\t\t\t\t\t<\/span>\n\t\t\t\t\t\t\t\t\t\t\t\t\t\t\t\t<\/span><span class=\"qode--char-holder\">\n\t\t\t\t\t\t\t\t\t\t\t\t\t\t\t\t\t<span class=\"qode--char-initial\">\n\t\t\t\t\t\t\t\t\t\t\t\t\t\t\t\t\t\tr\n\t\t\t\t\t\t\t\t\t\t\t\t\t\t\t\t\t<\/span>\n\t\t\t\t\t\t\t\t\t\t\t\t\t\t\t\t\t<span class=\"qode--char-appeared\">\n\t\t\t\t\t\t\t\t\t\t\t\t\t\t\t\t\tr\n\t\t\t\t\t\t\t\t\t\t\t\t\t\t\t\t\t<\/span>\n\t\t\t\t\t\t\t\t\t\t\t\t\t\t\t\t<\/span><span class=\"qode--char-holder\">\n\t\t\t\t\t\t\t\t\t\t\t\t\t\t\t\t\t<span class=\"qode--char-initial\">\n\t\t\t\t\t\t\t\t\t\t\t\t\t\t\t\t\t\to\n\t\t\t\t\t\t\t\t\t\t\t\t\t\t\t\t\t<\/span>\n\t\t\t\t\t\t\t\t\t\t\t\t\t\t\t\t\t<span class=\"qode--char-appeared\">\n\t\t\t\t\t\t\t\t\t\t\t\t\t\t\t\t\to\n\t\t\t\t\t\t\t\t\t\t\t\t\t\t\t\t\t<\/span>\n\t\t\t\t\t\t\t\t\t\t\t\t\t\t\t\t<\/span><\/span><!--<span class=\"qode--char-holder\">-->\n<!--\t\t<span class=\"qode--char-initial\">-->\n<!---->\n<!--\t\t<\/span>-->\n<!--\t\t<span class=\"qode--char-appeared\">-->\n<!---->\n<!--\t\t<\/span>-->\n<!--\t<\/span>-->\n<\/p>\n\t\t\t\t<\/div>\n\t\t\t\t<\/div>\n\t\t\t\t\t<\/div>\n\t\t<\/div>\n\t\t\t\t\t<\/div>\n\t\t<\/section>\n\t\t\t\t<section class=\"elementor-section elementor-top-section elementor-element elementor-element-73d84f6e qodef-elementor-content-grid elementor-reverse-tablet elementor-reverse-mobile elementor-section-boxed elementor-section-height-default elementor-section-height-default\" data-id=\"73d84f6e\" data-element_type=\"section\" data-e-type=\"section\" data-settings=\"{&quot;background_background&quot;:&quot;classic&quot;}\">\n\t\t\t\t\t\t<div class=\"elementor-container elementor-column-gap-no\">\n\t\t\t\t\t<div class=\"elementor-column elementor-col-100 elementor-top-column elementor-element elementor-element-24fef567\" data-id=\"24fef567\" data-element_type=\"column\" data-e-type=\"column\">\n\t\t\t<div class=\"elementor-widget-wrap elementor-element-populated\">\n\t\t\t\t\t\t<div class=\"elementor-element elementor-element-0c2b74e elementor-widget elementor-widget-image\" data-id=\"0c2b74e\" data-element_type=\"widget\" data-e-type=\"widget\" data-widget_type=\"image.default\">\n\t\t\t\t\t\t\t\t\t\t\t\t\t\t\t<img fetchpriority=\"high\" decoding=\"async\" width=\"250\" height=\"250\" src=\"https:\/\/luisyventura.es\/wp-content\/uploads\/2016\/09\/ladystyle.png\" class=\"attachment-large size-large wp-image-2276\" alt=\"\" srcset=\"https:\/\/luisyventura.es\/wp-content\/uploads\/2016\/09\/ladystyle.png 250w, https:\/\/luisyventura.es\/wp-content\/uploads\/2016\/09\/ladystyle-150x150.png 150w\" sizes=\"(max-width: 250px) 100vw, 250px\" \/>\t\t\t\t\t\t\t\t\t\t\t\t\t\t\t<\/div>\n\t\t\t\t<div class=\"elementor-element elementor-element-386c2c15 elementor-widget elementor-widget-text-editor\" data-id=\"386c2c15\" data-element_type=\"widget\" data-e-type=\"widget\" data-widget_type=\"text-editor.default\">\n\t\t\t\t\t\t\t\t\t<section style=\"color: #000000; font-family: sans-serif; line-height: 1.6; padding: 20px;\">\n\n   <h3 style=\"border-bottom: 1px solid #000000; padding-bottom: 5px;\">1. INSCRIPCI\u00d3N<\/h3>\n    <ul style=\"list-style-type: decimal;\">\n        <li>La inscripci\u00f3n en cualquier grupo solo ser\u00e1 efectiva tras el pago de la matr\u00edcula o reserva de plaza en la escuela.<\/li>\n        <li>Anualmente se abonar\u00e1 la matr\u00edcula seg\u00fan la tarifa vigente.<\/li>\n        <li>El importe de la matr\u00edcula o reserva de plaza s\u00f3lo se devolver\u00e1 si no se ha iniciado el curso.<\/li>\n        <li>Luis &#038; Ventura s\u00f3lo garantiza el comienzo o continuaci\u00f3n de las clases cuando se den condiciones adecuadas (n\u00famero suficiente de alumnos, asistencia regular, etc.). En caso contrario, se buscar\u00e1 la mejor soluci\u00f3n para los alumnos.<\/li>\n        <li>La incorporaci\u00f3n a un grupo est\u00e1 condicionada al nivel adecuado del alumno. El profesor se reserva el derecho de admisi\u00f3n al grupo.<\/li>\n        <li>El curso comienza el 1 de septiembre (o primer laboral) y finaliza el 31 de julio.<\/li>\n    <\/ul>\n\n   \n    <h3 style=\"border-bottom: 1px solid #000000; padding-bottom: 5px;\">2. ASISTENCIA A CLASE<\/h3>\n    <ul style=\"list-style-type: decimal;\">\n        <li><strong>Puntualidad:<\/strong> Es imprescindible entrar a clase a tiempo para no interrumpir y realizar un calentamiento correcto que evite lesiones.<\/li>\n        <li>El alumno asistir\u00e1 en los d\u00edas y horas asignados sin poder cambiarlos voluntariamente. Cualquier cambio debe ser aceptado por el centro.<\/li>\n        <li>Si falta a clase, deber\u00e1 comunicarlo previamente llamando a los tel\u00e9fonos del centro.<\/li>\n    <\/ul>\n\n\n    <h3 style=\"border-bottom: 1px solid #000000; padding-bottom: 5px;\">3. ACCESO Y USO DE LAS INSTALACIONES<\/h3>\n    <ul style=\"list-style-type: decimal;\">\n        <li>Solo alumnos matriculados pueden entrar a la sala y vestuario. Excepci\u00f3n: un acompa\u00f1ante para ayudar a cambiar al alumno con permiso del profesor.<\/li>\n        <li>Las instalaciones (aseos, aulas, etc.) deben usarse de forma adecuada para mantener su limpieza y funcionamiento.<\/li>\n    <\/ul>\n\n \n    <h3 style=\"border-bottom: 1px solid #000000; padding-bottom: 5px;\">4. INDUMENTARIA<\/h3>\n    <ul style=\"list-style-type: decimal;\">\n        <li>Asistir con ropa que facilite el movimiento (ch\u00e1ndal, maillot, mallas, etc.).<\/li>\n        <li>Es obligatorio cambiar el calzado de calle por uno adecuado al suelo del estudio.<\/li>\n        <li>Cabello recogido.<\/li>\n    <\/ul>\n\n    \n    <h3 style=\"border-bottom: 1px solid #000000; padding-bottom: 5px;\">5. ESPECIALES<\/h3>\n    <ul style=\"list-style-type: decimal;\">\n        <li>M\u00f3viles apagados en clase (salvo emergencias avisadas).<\/li>\n        <li>La falta de asistencia sin avisar durante dos meses consecutivos supone la baja autom\u00e1tica.<\/li>\n        <li>Para mantener la plaza en caso de falta de un mes completo, se deben abonar 15\u20ac avisando previamente.<\/li>\n        <li>No se permite comer en el centro.<\/li>\n        <li>Se podr\u00e1 restringir el acceso a quienes obstaculicen el desarrollo normal de las clases.<\/li>\n    <\/ul>\n\n  \n    <h3 style=\"border-bottom: 1px solid #000000; padding-bottom: 5px;\">6. MENSUALIDAD<\/h3>\n    <ul style=\"list-style-type: decimal;\">\n        <li>El pago se realizar\u00e1 entre los d\u00edas <strong>1 y 10 de cada mes<\/strong>. Es obligatorio para acceder a clase.<\/li>\n        <li>Si se inscribe con el mes empezado, solo se abonar\u00e1 la parte proporcional de las clases restantes.<\/li>\n    <\/ul>\n\n    <p style=\"text-align: center; margin-top: 30px; font-weight: bold;\">\u00a1BIENVENIDOS A NUESTRA ESCUELA!<\/p>\n\n<\/section>\n\t\t\t\t\t\t\t\t<\/div>\n\t\t\t\t\t<\/div>\n\t\t<\/div>\n\t\t\t\t\t<\/div>\n\t\t<\/section>\n\t\t\t\t<\/div>\n\t\t","protected":false},"excerpt":{"rendered":"<p>N N o o r r m m a a t t i i v v a a d d e e l l c c e e n n [&hellip;]<\/p>\n","protected":false},"author":1,"featured_media":0,"parent":0,"menu_order":0,"comment_status":"closed","ping_status":"closed","template":"page-full-width.php","meta":{"footnotes":""},"class_list":["post-2636","page","type-page","status-publish","hentry"],"_links":{"self":[{"href":"https:\/\/luisyventura.es\/index.php?rest_route=\/wp\/v2\/pages\/2636","targetHints":{"allow":["GET"]}}],"collection":[{"href":"https:\/\/luisyventura.es\/index.php?rest_route=\/wp\/v2\/pages"}],"about":[{"href":"https:\/\/luisyventura.es\/index.php?rest_route=\/wp\/v2\/types\/page"}],"author":[{"embeddable":true,"href":"https:\/\/luisyventura.es\/index.php?rest_route=\/wp\/v2\/users\/1"}],"replies":[{"embeddable":true,"href":"https:\/\/luisyventura.es\/index.php?rest_route=%2Fwp%2Fv2%2Fcomments&post=2636"}],"version-history":[{"count":8,"href":"https:\/\/luisyventura.es\/index.php?rest_route=\/wp\/v2\/pages\/2636\/revisions"}],"predecessor-version":[{"id":14075,"href":"https:\/\/luisyventura.es\/index.php?rest_route=\/wp\/v2\/pages\/2636\/revisions\/14075"}],"wp:attachment":[{"href":"https:\/\/luisyventura.es\/index.php?rest_route=%2Fwp%2Fv2%2Fmedia&parent=2636"}],"curies":[{"name":"wp","href":"https:\/\/api.w.org\/{rel}","templated":true}]}}