{"id":3424,"date":"2023-02-08T23:20:54","date_gmt":"2023-02-08T23:20:54","guid":{"rendered":"https:\/\/beatmove.qodeinteractive.com\/?page_id=3424"},"modified":"2026-05-13T11:57:50","modified_gmt":"2026-05-13T09:57:50","slug":"our-team","status":"publish","type":"page","link":"https:\/\/luisyventura.es\/?page_id=3424","title":{"rendered":"Nuestro equipo"},"content":{"rendered":"\t\t<div data-elementor-type=\"wp-page\" data-elementor-id=\"3424\" class=\"elementor elementor-3424\">\n\t\t\t\t\t\t<section class=\"elementor-section elementor-top-section elementor-element elementor-element-3f9f972 elementor-section-full_width elementor-section-height-full elementor-section-content-middle elementor-section-stretched elementor-section-height-default elementor-section-items-middle\" data-id=\"3f9f972\" data-element_type=\"section\" data-e-type=\"section\" data-settings=\"{&quot;background_background&quot;:&quot;classic&quot;,&quot;stretch_section&quot;:&quot;section-stretched&quot;}\">\n\t\t\t\t\t\t<div class=\"elementor-container elementor-column-gap-default\">\n\t\t\t\t\t<div class=\"elementor-column elementor-col-100 elementor-top-column elementor-element elementor-element-b90d964\" data-id=\"b90d964\" data-element_type=\"column\" data-e-type=\"column\">\n\t\t\t<div class=\"elementor-widget-wrap elementor-element-populated\">\n\t\t\t\t\t\t<div class=\"elementor-element elementor-element-e3bbdac elementor-widget elementor-widget-beatmove_core_team_list\" data-id=\"e3bbdac\" data-element_type=\"widget\" data-e-type=\"widget\" data-widget_type=\"beatmove_core_team_list.default\">\n\t\t\t\t<div class=\"elementor-widget-container\">\n\t\t\t\t\t<div class=\"qodef-shortcode qodef-m qodef-team-list qodef-item-layout--info-on-hover qodef-grid qodef-swiper-container qodef-gutter--normal qodef-col-num--4 qodef-item-layout--info-on-hover qodef-pagination--off qodef-responsive--custom qodef-col-num--1440--4 qodef-col-num--1366--4 qodef-col-num--1024--3 qodef-col-num--768--2 qodef-col-num--680--2 qodef-col-num--480--1 qodef-slider-layout--centered\" data-options=\"{&quot;spaceBetween&quot;:30,&quot;slidesPerView&quot;:4.5,&quot;loop&quot;:true,&quot;autoplay&quot;:true,&quot;speed&quot;:&quot;&quot;,&quot;speedAnimation&quot;:&quot;&quot;,&quot;slideAnimation&quot;:&quot;&quot;,&quot;direction&quot;:&quot;&quot;,&quot;centeredSlides&quot;:true,&quot;sliderScroll&quot;:&quot;&quot;,&quot;loopedSlides&quot;:&quot;&quot;,&quot;customStages&quot;:true,&quot;slidesPerView1440&quot;:&quot;4&quot;,&quot;slidesPerView1366&quot;:&quot;4&quot;,&quot;slidesPerView1024&quot;:&quot;3&quot;,&quot;slidesPerView768&quot;:&quot;2&quot;,&quot;slidesPerView680&quot;:&quot;2&quot;,&quot;slidesPerView480&quot;:&quot;1&quot;}\">\n\t<div class=\"swiper-wrapper\">\n\t\t\n<div class=\"qodef-e swiper-slide  post-2013 team type-team status-publish has-post-thumbnail hentry team-category-home-6\">\n\t<div class=\"qodef-e-inner\">\n\t\t<div class=\"qodef-e-image\">\n\t\t\t\t<div class=\"qodef-e-media-image\">\n\t\t\t\t\t<img fetchpriority=\"high\" decoding=\"async\" width=\"2560\" height=\"1920\" src=\"https:\/\/luisyventura.es\/wp-content\/uploads\/2023\/01\/CONCHIN-PILATES-scaled.jpg\" class=\"attachment-full size-full wp-post-image\" alt=\"\" srcset=\"https:\/\/luisyventura.es\/wp-content\/uploads\/2023\/01\/CONCHIN-PILATES-scaled.jpg 2560w, https:\/\/luisyventura.es\/wp-content\/uploads\/2023\/01\/CONCHIN-PILATES-300x225.jpg 300w, https:\/\/luisyventura.es\/wp-content\/uploads\/2023\/01\/CONCHIN-PILATES-1024x768.jpg 1024w, https:\/\/luisyventura.es\/wp-content\/uploads\/2023\/01\/CONCHIN-PILATES-768x576.jpg 768w, https:\/\/luisyventura.es\/wp-content\/uploads\/2023\/01\/CONCHIN-PILATES-1536x1152.jpg 1536w, https:\/\/luisyventura.es\/wp-content\/uploads\/2023\/01\/CONCHIN-PILATES-2048x1536.jpg 2048w\" sizes=\"(max-width: 2560px) 100vw, 2560px\" \/>\t\t\t<\/div>\n\t\t<\/div>\n\t\t<div class=\"qodef-e-content\">\n\t\t\t<h5 itemprop=\"name\" class=\"qodef-e-title entry-title\" >\n\t\t\tConchin\t<\/h5>\n\t\t\t\t<p class=\"qodef-e-role\">Instructora de pilates<\/p>\n\t\t\t\t<div class=\"qodef-social-icon\">\n\t\t\t\t\t\t<a class=\"qodef-team-member-social-icon\" href=\"https:\/\/www.instagram.com\/escueladebaileluisyventura\/\" target=\"_blank\">\n\t\t\t\t\t<span class=\"qodef-icon-font-awesome fab fa-instagram\" ><\/span>\t\t\t\t<\/a>\n\t\t\t\t\t\t<\/div>\n\t\t<\/div>\n\t<\/div>\n<\/div>\n\n<div class=\"qodef-e swiper-slide  post-13013 team type-team status-publish has-post-thumbnail hentry team-category-home-6\">\n\t<div class=\"qodef-e-inner\">\n\t\t<div class=\"qodef-e-image\">\n\t\t\t\t<div class=\"qodef-e-media-image\">\n\t\t\t\t\t<img decoding=\"async\" width=\"1080\" height=\"1440\" src=\"https:\/\/luisyventura.es\/wp-content\/uploads\/2023\/01\/LUCIA-URBANOS.png\" class=\"attachment-full size-full wp-post-image\" alt=\"\" srcset=\"https:\/\/luisyventura.es\/wp-content\/uploads\/2023\/01\/LUCIA-URBANOS.png 1080w, https:\/\/luisyventura.es\/wp-content\/uploads\/2023\/01\/LUCIA-URBANOS-225x300.png 225w, https:\/\/luisyventura.es\/wp-content\/uploads\/2023\/01\/LUCIA-URBANOS-768x1024.png 768w\" sizes=\"(max-width: 1080px) 100vw, 1080px\" \/>\t\t\t<\/div>\n\t\t<\/div>\n\t\t<div class=\"qodef-e-content\">\n\t\t\t<h5 itemprop=\"name\" class=\"qodef-e-title entry-title\" >\n\t\t\tLuc\u00eda\t<\/h5>\n\t\t\t\t<p class=\"qodef-e-role\">Instructora de bailes urbanos<\/p>\n\t\t\t\t<div class=\"qodef-social-icon\">\n\t\t\t\t\t\t<a class=\"qodef-team-member-social-icon\" href=\"https:\/\/www.instagram.com\/escueladebaileluisyventura\/\" target=\"_blank\">\n\t\t\t\t\t<span class=\"qodef-icon-font-awesome fab fa-instagram\" ><\/span>\t\t\t\t<\/a>\n\t\t\t\t\t\t<\/div>\n\t\t<\/div>\n\t<\/div>\n<\/div>\n\n<div class=\"qodef-e swiper-slide qodef--masked post-13012 team type-team status-publish has-post-thumbnail hentry team-category-home-6\">\n\t<div class=\"qodef-e-inner\">\n\t\t<div class=\"qodef-e-image\">\n\t\t\t\t<div class=\"qodef-e-media-image\">\n\t\t\t\t\t<img decoding=\"async\" width=\"1766\" height=\"2560\" src=\"https:\/\/luisyventura.es\/wp-content\/uploads\/2023\/01\/LUIS-SALON-Y-LATINOS-scaled.jpg\" class=\"attachment-full size-full wp-post-image\" alt=\"\" srcset=\"https:\/\/luisyventura.es\/wp-content\/uploads\/2023\/01\/LUIS-SALON-Y-LATINOS-scaled.jpg 1766w, https:\/\/luisyventura.es\/wp-content\/uploads\/2023\/01\/LUIS-SALON-Y-LATINOS-207x300.jpg 207w, https:\/\/luisyventura.es\/wp-content\/uploads\/2023\/01\/LUIS-SALON-Y-LATINOS-706x1024.jpg 706w, https:\/\/luisyventura.es\/wp-content\/uploads\/2023\/01\/LUIS-SALON-Y-LATINOS-768x1113.jpg 768w, https:\/\/luisyventura.es\/wp-content\/uploads\/2023\/01\/LUIS-SALON-Y-LATINOS-1060x1536.jpg 1060w, https:\/\/luisyventura.es\/wp-content\/uploads\/2023\/01\/LUIS-SALON-Y-LATINOS-1413x2048.jpg 1413w\" sizes=\"(max-width: 1766px) 100vw, 1766px\" \/>\t\t\t<\/div>\n\t\t<\/div>\n\t\t<div class=\"qodef-e-content\">\n\t\t\t<h5 itemprop=\"name\" class=\"qodef-e-title entry-title\" >\n\t\t\tLuis\t<\/h5>\n\t\t\t\t<p class=\"qodef-e-role\">Instructor de sal\u00f3n y latinos<\/p>\n\t\t\t\t<div class=\"qodef-social-icon\">\n\t\t\t\t\t\t<a class=\"qodef-team-member-social-icon\" href=\"https:\/\/www.instagram.com\/escueladebaileluisyventura\/\" target=\"_blank\">\n\t\t\t\t\t<span class=\"qodef-icon-font-awesome fab fa-instagram\" ><\/span>\t\t\t\t<\/a>\n\t\t\t\t\t\t<\/div>\n\t\t<\/div>\n\t<\/div>\n<\/div>\n\n<div class=\"qodef-e swiper-slide  post-13014 team type-team status-publish has-post-thumbnail hentry team-category-home-6\">\n\t<div class=\"qodef-e-inner\">\n\t\t<div class=\"qodef-e-image\">\n\t\t\t\t<div class=\"qodef-e-media-image\">\n\t\t\t\t\t<img loading=\"lazy\" decoding=\"async\" width=\"1708\" height=\"2560\" src=\"https:\/\/luisyventura.es\/wp-content\/uploads\/2023\/01\/MARTA-URBANOS-scaled.jpeg\" class=\"attachment-full size-full wp-post-image\" alt=\"\" srcset=\"https:\/\/luisyventura.es\/wp-content\/uploads\/2023\/01\/MARTA-URBANOS-scaled.jpeg 1708w, https:\/\/luisyventura.es\/wp-content\/uploads\/2023\/01\/MARTA-URBANOS-200x300.jpeg 200w, https:\/\/luisyventura.es\/wp-content\/uploads\/2023\/01\/MARTA-URBANOS-683x1024.jpeg 683w, https:\/\/luisyventura.es\/wp-content\/uploads\/2023\/01\/MARTA-URBANOS-768x1151.jpeg 768w, https:\/\/luisyventura.es\/wp-content\/uploads\/2023\/01\/MARTA-URBANOS-1025x1536.jpeg 1025w, https:\/\/luisyventura.es\/wp-content\/uploads\/2023\/01\/MARTA-URBANOS-1366x2048.jpeg 1366w\" sizes=\"(max-width: 1708px) 100vw, 1708px\" \/>\t\t\t<\/div>\n\t\t<\/div>\n\t\t<div class=\"qodef-e-content\">\n\t\t\t<h5 itemprop=\"name\" class=\"qodef-e-title entry-title\" >\n\t\t\tMarta\t<\/h5>\n\t\t\t\t<p class=\"qodef-e-role\">Instructora de estilos urbanos<\/p>\n\t\t\t\t<div class=\"qodef-social-icon\">\n\t\t\t\t\t\t<a class=\"qodef-team-member-social-icon\" href=\"https:\/\/www.instagram.com\/escueladebaileluisyventura\/\" target=\"_blank\">\n\t\t\t\t\t<span class=\"qodef-icon-font-awesome fab fa-instagram\" ><\/span>\t\t\t\t<\/a>\n\t\t\t\t\t\t<\/div>\n\t\t<\/div>\n\t<\/div>\n<\/div>\n\n<div class=\"qodef-e swiper-slide qodef--masked post-13030 team type-team status-publish has-post-thumbnail hentry team-category-home-6\">\n\t<div class=\"qodef-e-inner\">\n\t\t<div class=\"qodef-e-image\">\n\t\t\t\t<div class=\"qodef-e-media-image\">\n\t\t\t\t\t<img loading=\"lazy\" decoding=\"async\" width=\"840\" height=\"935\" src=\"https:\/\/luisyventura.es\/wp-content\/uploads\/2023\/01\/RAQUEL-LADY-STYLE.jpg\" class=\"attachment-full size-full wp-post-image\" alt=\"\" srcset=\"https:\/\/luisyventura.es\/wp-content\/uploads\/2023\/01\/RAQUEL-LADY-STYLE.jpg 840w, https:\/\/luisyventura.es\/wp-content\/uploads\/2023\/01\/RAQUEL-LADY-STYLE-270x300.jpg 270w, https:\/\/luisyventura.es\/wp-content\/uploads\/2023\/01\/RAQUEL-LADY-STYLE-768x855.jpg 768w\" sizes=\"(max-width: 840px) 100vw, 840px\" \/>\t\t\t<\/div>\n\t\t<\/div>\n\t\t<div class=\"qodef-e-content\">\n\t\t\t<h5 itemprop=\"name\" class=\"qodef-e-title entry-title\" >\n\t\t\tRaquel\t<\/h5>\n\t\t\t\t<p class=\"qodef-e-role\">Instructora de lady style<\/p>\n\t\t\t\t<div class=\"qodef-social-icon\">\n\t\t\t\t\t\t<a class=\"qodef-team-member-social-icon\" href=\"https:\/\/www.instagram.com\/escueladebaileluisyventura\/\" target=\"_blank\">\n\t\t\t\t\t<span class=\"qodef-icon-font-awesome fab fa-instagram\" ><\/span>\t\t\t\t<\/a>\n\t\t\t\t\t\t<\/div>\n\t\t<\/div>\n\t<\/div>\n<\/div>\n\n<div class=\"qodef-e swiper-slide qodef--masked post-14390 team type-team status-publish has-post-thumbnail hentry team-category-home-6\">\n\t<div class=\"qodef-e-inner\">\n\t\t<div class=\"qodef-e-image\">\n\t\t\t\t<div class=\"qodef-e-media-image\">\n\t\t\t\t\t<img loading=\"lazy\" decoding=\"async\" width=\"2355\" height=\"2422\" src=\"https:\/\/luisyventura.es\/wp-content\/uploads\/2026\/05\/VENTURA-SALON-Y-LATINOS.jpg\" class=\"attachment-full size-full wp-post-image\" alt=\"\" srcset=\"https:\/\/luisyventura.es\/wp-content\/uploads\/2026\/05\/VENTURA-SALON-Y-LATINOS.jpg 2355w, https:\/\/luisyventura.es\/wp-content\/uploads\/2026\/05\/VENTURA-SALON-Y-LATINOS-292x300.jpg 292w, https:\/\/luisyventura.es\/wp-content\/uploads\/2026\/05\/VENTURA-SALON-Y-LATINOS-996x1024.jpg 996w, https:\/\/luisyventura.es\/wp-content\/uploads\/2026\/05\/VENTURA-SALON-Y-LATINOS-768x790.jpg 768w, https:\/\/luisyventura.es\/wp-content\/uploads\/2026\/05\/VENTURA-SALON-Y-LATINOS-1494x1536.jpg 1494w, https:\/\/luisyventura.es\/wp-content\/uploads\/2026\/05\/VENTURA-SALON-Y-LATINOS-1991x2048.jpg 1991w\" sizes=\"(max-width: 2355px) 100vw, 2355px\" \/>\t\t\t<\/div>\n\t\t<\/div>\n\t\t<div class=\"qodef-e-content\">\n\t\t\t<h5 itemprop=\"name\" class=\"qodef-e-title entry-title\" >\n\t\t\tVentura\t<\/h5>\n\t\t\t\t<p class=\"qodef-e-role\">Instructora de sal\u00f3n y latinos<\/p>\n\t\t\t\t<div class=\"qodef-social-icon\">\n\t\t\t\t\t\t<a class=\"qodef-team-member-social-icon\" href=\"https:\/\/www.instagram.com\/escueladebaileluisyventura\/\" target=\"_blank\">\n\t\t\t\t\t<span class=\"qodef-icon-font-awesome fab fa-instagram\" ><\/span>\t\t\t\t<\/a>\n\t\t\t\t\t\t<\/div>\n\t\t<\/div>\n\t<\/div>\n<\/div>\n\t<\/div>\n\t\t<\/div>\n\t\t\t\t<\/div>\n\t\t\t\t<\/div>\n\t\t\t\t\t<\/div>\n\t\t<\/div>\n\t\t\t\t\t<\/div>\n\t\t<\/section>\n\t\t\t\t<section class=\"elementor-section elementor-top-section elementor-element elementor-element-ca1019a elementor-section-full_width elementor-section-height-default elementor-section-height-default\" data-id=\"ca1019a\" data-element_type=\"section\" data-e-type=\"section\">\n\t\t\t\t\t\t<div class=\"elementor-container elementor-column-gap-no\">\n\t\t\t\t\t<div class=\"elementor-column elementor-col-50 elementor-top-column elementor-element elementor-element-856ab6d\" data-id=\"856ab6d\" data-element_type=\"column\" data-e-type=\"column\">\n\t\t\t<div class=\"elementor-widget-wrap elementor-element-populated\">\n\t\t\t\t\t\t<div class=\"elementor-element elementor-element-63a7f61 elementor-widget elementor-widget-beatmove_core_section_title\" data-id=\"63a7f61\" data-element_type=\"widget\" data-e-type=\"widget\" data-widget_type=\"beatmove_core_section_title.default\">\n\t\t\t\t<div class=\"elementor-widget-container\">\n\t\t\t\t\t<div class=\"qodef-shortcode qodef-m qodef-section-title qodef--has-appear qodef-alignment--left qodef-title-break-indentation--disabled\">\n\t\t<h1 class=\"qodef-m-title\" >\n\t\t\t\t\t<span class=\"qodef--line-holder\"><span class=\"qodef--line\">Nuestras clases<\/span><\/span> <span class=\"qodef--line-holder\"><span class=\"qodef--line\"><span class=\"qodef-e-indent\"><\/span><\/span><\/span>\t\t\t<\/h1>\n\t<\/div>\n\t\t\t\t<\/div>\n\t\t\t\t<\/div>\n\t\t\t\t\t<\/div>\n\t\t<\/div>\n\t\t\t\t<div class=\"elementor-column elementor-col-50 elementor-top-column elementor-element elementor-element-ddee93b\" data-id=\"ddee93b\" data-element_type=\"column\" data-e-type=\"column\">\n\t\t\t<div class=\"elementor-widget-wrap elementor-element-populated\">\n\t\t\t\t\t\t<div class=\"elementor-element elementor-element-39d52d2 elementor-widget__width-initial elementor-widget elementor-widget-text-editor\" data-id=\"39d52d2\" data-element_type=\"widget\" data-e-type=\"widget\" data-widget_type=\"text-editor.default\">\n\t\t\t\t\t\t\t\t\t<p>Conoce a nuestro equipo de instructores en cada una de sus clases.<\/p>\t\t\t\t\t\t\t\t<\/div>\n\t\t\t\t<div class=\"elementor-element elementor-element-281393c elementor-widget elementor-widget-beatmove_core_button\" data-id=\"281393c\" data-element_type=\"widget\" data-e-type=\"widget\" data-widget_type=\"beatmove_core_button.default\">\n\t\t\t\t<div class=\"elementor-widget-container\">\n\t\t\t\t\t<a class=\"qodef-shortcode qodef-m qodef-button qodef-layout--textual qodef-html--link\" href=\"https:\/\/luisyventura.es\/?page_id=14046\" target=\"_self\"  >\n\t<span class=\"qodef-m-text\">Ver m\u00e1s<\/span><svg class=\"qodef-svg--custom-arrow qodef-m-arrow\" xmlns=\"http:\/\/www.w3.org\/2000\/svg\" width=\"14.2\" height=\"14.2\" viewBox=\"0 0 14.2 14.2\"><g><path d=\"M13.2 9V1h-8M13.4.8.7 13.5\"\/><path d=\"M13.2 9V1h-8M13.4.8.7 13.5\"\/><\/g><g><path d=\"M13.2 9V1h-8M13.4.8.7 13.5\"\/><path d=\"M13.2 9V1h-8M13.4.8.7 13.5\"\/><\/g><\/svg><\/a>\n\t\t\t\t<\/div>\n\t\t\t\t<\/div>\n\t\t\t\t\t<\/div>\n\t\t<\/div>\n\t\t\t\t\t<\/div>\n\t\t<\/section>\n\t\t\t\t<\/div>\n\t\t","protected":false},"excerpt":{"rendered":"<p>Conchin Instructora de pilates Luc\u00eda Instructora de bailes urbanos Luis Instructor de sal\u00f3n y latinos Marta Instructora de estilos urbanos Raquel Instructora de lady style Ventura Instructora de sal\u00f3n y [&hellip;]<\/p>\n","protected":false},"author":1,"featured_media":0,"parent":0,"menu_order":0,"comment_status":"closed","ping_status":"closed","template":"","meta":{"footnotes":""},"class_list":["post-3424","page","type-page","status-publish","hentry"],"_links":{"self":[{"href":"https:\/\/luisyventura.es\/index.php?rest_route=\/wp\/v2\/pages\/3424","targetHints":{"allow":["GET"]}}],"collection":[{"href":"https:\/\/luisyventura.es\/index.php?rest_route=\/wp\/v2\/pages"}],"about":[{"href":"https:\/\/luisyventura.es\/index.php?rest_route=\/wp\/v2\/types\/page"}],"author":[{"embeddable":true,"href":"https:\/\/luisyventura.es\/index.php?rest_route=\/wp\/v2\/users\/1"}],"replies":[{"embeddable":true,"href":"https:\/\/luisyventura.es\/index.php?rest_route=%2Fwp%2Fv2%2Fcomments&post=3424"}],"version-history":[{"count":7,"href":"https:\/\/luisyventura.es\/index.php?rest_route=\/wp\/v2\/pages\/3424\/revisions"}],"predecessor-version":[{"id":14397,"href":"https:\/\/luisyventura.es\/index.php?rest_route=\/wp\/v2\/pages\/3424\/revisions\/14397"}],"wp:attachment":[{"href":"https:\/\/luisyventura.es\/index.php?rest_route=%2Fwp%2Fv2%2Fmedia&parent=3424"}],"curies":[{"name":"wp","href":"https:\/\/api.w.org\/{rel}","templated":true}]}}